{"id":8504,"date":"2024-03-30T11:13:15","date_gmt":"2024-03-30T11:13:15","guid":{"rendered":"https:\/\/noacosmetics.ro\/?post_type=product&#038;p=8504"},"modified":"2024-04-27T06:25:36","modified_gmt":"2024-04-27T06:25:36","slug":"gerovital-tratament-expert-balsam-pentru-volum-250ml","status":"publish","type":"product","link":"https:\/\/noacosmetics.ro\/en\/product\/gerovital-tratament-expert-balsam-pentru-volum-250ml\/","title":{"rendered":"Gerovital Tratament Expert Balsam pentru Volum 250ml"},"content":{"rendered":"<h4>Mod de utilizare:<\/h4>\n<p>Utilizat dup\u0103 fiecare sp\u0103lare, sau m\u0103car o dat\u0103 pe s\u0103pt\u0103m\u00e2n\u0103, pe p\u0103rul proasp\u0103t sp\u0103lat cu \u0218amponul pentru Volum, balsamul ajut\u0103 p\u0103rul s\u0103-\u015fi recapete elasticitatea, volumul, s\u0103 devin\u0103 u\u015for de piept\u0103nat \u015fi str\u0103lucitor.<\/p>\n<p>V\u0103 recomand\u0103m s\u0103 aplica\u021bi Balsamul de p\u0103r la 4-5 cm distan\u021b\u0103 de scalp, pe lungimea firului de p\u0103r. Evita\u021bi scalpul.<\/p>\n<h4>Descriere:<\/h4>\n<p>Balsamul pentru Volum Gerovital Tratament Expert descurc\u0103 firele de p\u0103r f\u0103r\u0103 s\u0103 le \u00eengreuneze, l\u0103s\u00e2nd o textur\u0103 plin\u0103 \u0219i voluminoas\u0103 pentru mai mult timp.<\/p>\n<p>Atent realizat pentru p\u0103rul lipsit de volum, balsamul are la baz\u0103 o formulare inteligent\u0103, special conceput\u0103 pentru \u00eengrijirea firului de p\u0103r fin \u0219i sub\u021bire.<\/p>\n<p>P\u0103rul lipsit de suple\u021be \u0219i volum \u0219i firele de p\u0103r rebele vor deveni trecut cu ajutorul balsamului Gerovital Tratament Expert. Te po\u021bi bucura de un volum mai bogat al p\u0103rului t\u0103u \u0219i pentru mai mult timp, folosind produse inovatoare rom\u00e2ne\u0219ti, foarte eficiente.<\/p>\n<p>Ingredientele active \u0219i rolul lor:<\/p>\n<p>Proteine din Gr\u00e2u \u2013 hr\u0103nesc firul de p\u0103r \u0219i confer\u0103 volum.<br \/>\nProvitamina B5 &#8211; are propriet\u0103\u021bi de hidratare.<\/p>\n<p>&nbsp;<\/p>","protected":false},"excerpt":{"rendered":"<p>Mod de utilizare: Utilizat dup\u0103 fiecare sp\u0103lare, sau m\u0103car o dat\u0103 pe s\u0103pt\u0103m\u00e2n\u0103, pe p\u0103rul proasp\u0103t sp\u0103lat cu \u0218amponul pentru Volum, balsamul ajut\u0103 p\u0103rul s\u0103-\u015fi recapete elasticitatea, volumul, s\u0103 devin\u0103 u\u015for de piept\u0103nat \u015fi str\u0103lucitor. V\u0103 recomand\u0103m s\u0103 aplica\u021bi Balsamul de p\u0103r la 4-5 cm distan\u021b\u0103 de scalp, pe lungimea firului de p\u0103r. Evita\u021bi scalpul. [&hellip;]<\/p>\n","protected":false},"featured_media":8518,"comment_status":"open","ping_status":"closed","template":"","meta":{"_themeisle_gutenberg_block_has_review":false},"product_brand":[],"product_cat":[85,21,83,86],"product_tag":[],"class_list":{"0":"post-8504","1":"product","2":"type-product","3":"status-publish","4":"has-post-thumbnail","6":"product_cat-balsam-par","7":"product_cat-ingrijire","8":"product_cat-ingrijire-par","9":"product_cat-tratament","10":"product_shipping_class-small-package","11":"entry","12":"has-media","14":"first","15":"onbackorder","16":"taxable","17":"shipping-taxable","18":"purchasable","19":"product-type-simple","20":"col","21":"span_1_of_3","22":"wvn-content-left","23":"wvn-thumbs-layout-horizontal","24":"wvn-btn-normal","25":"wvn-tabs-layout-horizontal","26":"has-no-thumbnails"},"jetpack_sharing_enabled":true,"_links":{"self":[{"href":"https:\/\/noacosmetics.ro\/en\/wp-json\/wp\/v2\/product\/8504","targetHints":{"allow":["GET"]}}],"collection":[{"href":"https:\/\/noacosmetics.ro\/en\/wp-json\/wp\/v2\/product"}],"about":[{"href":"https:\/\/noacosmetics.ro\/en\/wp-json\/wp\/v2\/types\/product"}],"replies":[{"embeddable":true,"href":"https:\/\/noacosmetics.ro\/en\/wp-json\/wp\/v2\/comments?post=8504"}],"wp:featuredmedia":[{"embeddable":true,"href":"https:\/\/noacosmetics.ro\/en\/wp-json\/wp\/v2\/media\/8518"}],"wp:attachment":[{"href":"https:\/\/noacosmetics.ro\/en\/wp-json\/wp\/v2\/media?parent=8504"}],"wp:term":[{"taxonomy":"product_brand","embeddable":true,"href":"https:\/\/noacosmetics.ro\/en\/wp-json\/wp\/v2\/product_brand?post=8504"},{"taxonomy":"product_cat","embeddable":true,"href":"https:\/\/noacosmetics.ro\/en\/wp-json\/wp\/v2\/product_cat?post=8504"},{"taxonomy":"product_tag","embeddable":true,"href":"https:\/\/noacosmetics.ro\/en\/wp-json\/wp\/v2\/product_tag?post=8504"}],"curies":[{"name":"wp","href":"https:\/\/api.w.org\/{rel}","templated":true}]}}