{"id":8506,"date":"2024-03-30T11:01:47","date_gmt":"2024-03-30T11:01:47","guid":{"rendered":"https:\/\/noacosmetics.ro\/?post_type=product&#038;p=8506"},"modified":"2024-04-27T06:26:33","modified_gmt":"2024-04-27T06:26:33","slug":"loreal-elseve-total-repair-sampon-250ml","status":"publish","type":"product","link":"https:\/\/noacosmetics.ro\/en\/product\/loreal-elseve-total-repair-sampon-250ml\/","title":{"rendered":"L&#8217;Oreal Elseve Total Repair Sampon 250ml"},"content":{"rendered":"<h4>Mod de utilizare:<\/h4>\n<p>Aplic\u0103 pe p\u0103rul umed, maseaz\u0103 cu grij\u0103 scalpul \u0219i apoi cl\u0103te\u0219te. Completeaz\u0103 ritualul de \u00eengrijire cu celelalte produse din gama Elseve Total Repair 5. \u00cen caz de contact cu ochii, cl\u0103ti\u021bi imediat.<\/p>\n<h4>Descriere:<\/h4>\n<p>\u0218amponul din gama Total Repair 5 este acum \u00eembog\u0103\u021bit cu 2% concentrat reparator cu keratin\u0103 ce contribuie la repararea rapid\u0103 a structurii firului de p\u0103r. Astfel, p\u0103rul devine mai fortifiat, m\u0103t\u0103sos \u0219i are un aspect mai s\u0103n\u0103tos, oferindu-i de asemenea \u0219i hidratarea neceesar\u0103.<\/p>","protected":false},"excerpt":{"rendered":"<p>Mod de utilizare: Aplic\u0103 pe p\u0103rul umed, maseaz\u0103 cu grij\u0103 scalpul \u0219i apoi cl\u0103te\u0219te. Completeaz\u0103 ritualul de \u00eengrijire cu celelalte produse din gama Elseve Total Repair 5. \u00cen caz de contact cu ochii, cl\u0103ti\u021bi imediat. Descriere: \u0218amponul din gama Total Repair 5 este acum \u00eembog\u0103\u021bit cu 2% concentrat reparator cu keratin\u0103 ce contribuie la repararea [&hellip;]<\/p>\n","protected":false},"featured_media":8507,"comment_status":"open","ping_status":"closed","template":"","meta":{"_themeisle_gutenberg_block_has_review":false},"product_brand":[],"product_cat":[21,83,84],"product_tag":[],"class_list":{"0":"post-8506","1":"product","2":"type-product","3":"status-publish","4":"has-post-thumbnail","6":"product_cat-ingrijire","7":"product_cat-ingrijire-par","8":"product_cat-sampon","9":"product_shipping_class-small-package","10":"entry","11":"has-media","13":"first","14":"onbackorder","15":"taxable","16":"shipping-taxable","17":"purchasable","18":"product-type-simple","19":"col","20":"span_1_of_3","21":"wvn-content-left","22":"wvn-thumbs-layout-horizontal","23":"wvn-btn-normal","24":"wvn-tabs-layout-horizontal","25":"has-no-thumbnails"},"jetpack_sharing_enabled":true,"_links":{"self":[{"href":"https:\/\/noacosmetics.ro\/en\/wp-json\/wp\/v2\/product\/8506","targetHints":{"allow":["GET"]}}],"collection":[{"href":"https:\/\/noacosmetics.ro\/en\/wp-json\/wp\/v2\/product"}],"about":[{"href":"https:\/\/noacosmetics.ro\/en\/wp-json\/wp\/v2\/types\/product"}],"replies":[{"embeddable":true,"href":"https:\/\/noacosmetics.ro\/en\/wp-json\/wp\/v2\/comments?post=8506"}],"wp:featuredmedia":[{"embeddable":true,"href":"https:\/\/noacosmetics.ro\/en\/wp-json\/wp\/v2\/media\/8507"}],"wp:attachment":[{"href":"https:\/\/noacosmetics.ro\/en\/wp-json\/wp\/v2\/media?parent=8506"}],"wp:term":[{"taxonomy":"product_brand","embeddable":true,"href":"https:\/\/noacosmetics.ro\/en\/wp-json\/wp\/v2\/product_brand?post=8506"},{"taxonomy":"product_cat","embeddable":true,"href":"https:\/\/noacosmetics.ro\/en\/wp-json\/wp\/v2\/product_cat?post=8506"},{"taxonomy":"product_tag","embeddable":true,"href":"https:\/\/noacosmetics.ro\/en\/wp-json\/wp\/v2\/product_tag?post=8506"}],"curies":[{"name":"wp","href":"https:\/\/api.w.org\/{rel}","templated":true}]}}