{"id":8508,"date":"2024-03-30T11:04:52","date_gmt":"2024-03-30T11:04:52","guid":{"rendered":"https:\/\/noacosmetics.ro\/?post_type=product&#038;p=8508"},"modified":"2024-04-27T06:26:21","modified_gmt":"2024-04-27T06:26:21","slug":"loreal-elseve-hyaluron-pure-sampon-250ml","status":"publish","type":"product","link":"https:\/\/noacosmetics.ro\/en\/product\/loreal-elseve-hyaluron-pure-sampon-250ml\/","title":{"rendered":"L&#8217;Oreal Elseve Hyaluron Pure Sampon 250ml"},"content":{"rendered":"<h4>Mod de utilizare:<\/h4>\n<p>Aplica\u021bi pe p\u0103rul umed, masa\u021bi scalpul, apoi cl\u0103ti\u021bi. \u00cen cazul contactului cu ochii, cl\u0103ti\u021bi imediat cu ap\u0103 din abunden\u021b\u0103.<br \/>\nSe recomand\u0103 utilizarea \u00eempreun\u0103 cu celelalte produse din gama Hyaluron Pure, pentru o rutin\u0103 complet\u0103.<\/p>\n<h4>Descriere:<\/h4>\n<p>\u0218amponul purificator Elseve Hyaluron Pure con\u021bine ingrediente inspirate din \u00eengrijirea pielii ce ajut\u0103 la combaterea r\u0103d\u0103cinilor grase \u0219i a lungimilor deshidratate.Acest \u0219ampon cur\u0103\u021b\u0103 \u00een profunzime r\u0103d\u0103cinile de impurit\u0103\u021bi, f\u0103r\u0103 s\u0103 irite \u0219i s\u0103 afecteze scalpul sau s\u0103 deterioreze lungimile. Parul este mai hidratat, str\u0103lucitor \u0219i s\u0103n\u0103tos. L&#8217;Oreal Paris a formulat un produs care combate p\u0103rul gras \u00een timp ce rehidrateaz\u0103 lungimile, mul\u021bumit\u0103 combina\u021biei a dou\u0103 ingrediente dermatologice active:<br \/>\n\u2022 Acid Salicilic &#8211; un ingredient exfoliant bl\u00e2nd care \u00eendep\u0103rteaz\u0103 impurit\u0103\u021bile \u0219i reziduurile de la nivelul scalpului, regleaz\u0103 produc\u021bia de sebum \u0219i purific\u0103 scalpul cu bl\u00e2nde\u021be, f\u0103r\u0103 sa fie agresiv;<br \/>\n\u2022 Acid Hialuronic &#8211; cel mai recunoscut ingredient activ ce hidrateaz\u0103, f\u0103r\u0103 s\u0103 \u00eencarce p\u0103rul.<br \/>\nAceast\u0103 tehnologie dubl\u0103 Elseve Hyaluron Pure ofer\u0103 solu\u021bia pentru p\u0103rul care se \u00eengra\u0219\u0103 repede \u0219i trebuie sp\u0103lat excesiv.<\/p>","protected":false},"excerpt":{"rendered":"<p>Mod de utilizare: Aplica\u021bi pe p\u0103rul umed, masa\u021bi scalpul, apoi cl\u0103ti\u021bi. \u00cen cazul contactului cu ochii, cl\u0103ti\u021bi imediat cu ap\u0103 din abunden\u021b\u0103. Se recomand\u0103 utilizarea \u00eempreun\u0103 cu celelalte produse din gama Hyaluron Pure, pentru o rutin\u0103 complet\u0103. Descriere: \u0218amponul purificator Elseve Hyaluron Pure con\u021bine ingrediente inspirate din \u00eengrijirea pielii ce ajut\u0103 la combaterea r\u0103d\u0103cinilor grase [&hellip;]<\/p>\n","protected":false},"featured_media":9374,"comment_status":"open","ping_status":"closed","template":"","meta":{"_themeisle_gutenberg_block_has_review":false},"product_brand":[],"product_cat":[21,83,84],"product_tag":[],"class_list":{"0":"post-8508","1":"product","2":"type-product","3":"status-publish","4":"has-post-thumbnail","6":"product_cat-ingrijire","7":"product_cat-ingrijire-par","8":"product_cat-sampon","9":"product_shipping_class-small-package","10":"entry","11":"has-media","13":"first","14":"onbackorder","15":"taxable","16":"shipping-taxable","17":"purchasable","18":"product-type-simple","19":"col","20":"span_1_of_3","21":"wvn-content-left","22":"wvn-thumbs-layout-horizontal","23":"wvn-btn-normal","24":"wvn-tabs-layout-horizontal","25":"has-no-thumbnails"},"jetpack_sharing_enabled":true,"_links":{"self":[{"href":"https:\/\/noacosmetics.ro\/en\/wp-json\/wp\/v2\/product\/8508","targetHints":{"allow":["GET"]}}],"collection":[{"href":"https:\/\/noacosmetics.ro\/en\/wp-json\/wp\/v2\/product"}],"about":[{"href":"https:\/\/noacosmetics.ro\/en\/wp-json\/wp\/v2\/types\/product"}],"replies":[{"embeddable":true,"href":"https:\/\/noacosmetics.ro\/en\/wp-json\/wp\/v2\/comments?post=8508"}],"wp:featuredmedia":[{"embeddable":true,"href":"https:\/\/noacosmetics.ro\/en\/wp-json\/wp\/v2\/media\/9374"}],"wp:attachment":[{"href":"https:\/\/noacosmetics.ro\/en\/wp-json\/wp\/v2\/media?parent=8508"}],"wp:term":[{"taxonomy":"product_brand","embeddable":true,"href":"https:\/\/noacosmetics.ro\/en\/wp-json\/wp\/v2\/product_brand?post=8508"},{"taxonomy":"product_cat","embeddable":true,"href":"https:\/\/noacosmetics.ro\/en\/wp-json\/wp\/v2\/product_cat?post=8508"},{"taxonomy":"product_tag","embeddable":true,"href":"https:\/\/noacosmetics.ro\/en\/wp-json\/wp\/v2\/product_tag?post=8508"}],"curies":[{"name":"wp","href":"https:\/\/api.w.org\/{rel}","templated":true}]}}