{"id":8510,"date":"2024-03-30T11:08:12","date_gmt":"2024-03-30T11:08:12","guid":{"rendered":"https:\/\/noacosmetics.ro\/?post_type=product&#038;p=8510"},"modified":"2024-04-27T06:26:08","modified_gmt":"2024-04-27T06:26:08","slug":"schwarzkopf-live-amethyst-chrome-u69-142g","status":"publish","type":"product","link":"https:\/\/noacosmetics.ro\/en\/product\/schwarzkopf-live-amethyst-chrome-u69-142g\/","title":{"rendered":"Schwarzkopf Live Amethyst Chrome U69 142g"},"content":{"rendered":"<h4>Mod de utilizare:<\/h4>\n<p>Vopseaua Schwarzkopf LIVE Urban Metallics se \u00eentinde doar pe p\u0103rul uscat \u0219i nesp\u0103lat. Durata de ac\u021biune difer\u0103, \u00een func\u021bie de aplicarea vopselei \u2013 pe toat\u0103 lungimea sau doar pe r\u0103d\u0103cinile crescute.1. PREPARAREA \u00cenainte de a \u00eencepe procesul de aplicare, preg\u0103ti\u0163i un halat de protec\u0163ie \u015fi un ceas lang\u0103 dumneavoastr\u0103 pentru a putea monitoriza timpul de aplicare. Schwarzkopf LIVE se va folosi numai pe p\u0103rul uscat \u015fi nesp\u0103lat anterior. 2. AMESTECAREA De\u0219uruba\u021bi capacul dispozitivului de aplicare cu lo\u021biune fixatoare. Desigila\u021bi tubul cu Crem\u0103 Colorant\u0103 LIVE cu partea opus\u0103 a capacului \u0219i turna\u021bi cu aten\u021bie intregul con\u021binut in dispozitivul cu lo\u021biune fixatoare. Fixa\u021bi capacul dispozitivului \u0219i agita\u021bi bine pan\u0103 cand toate componentele devin omogene \u0219i cremoase. Rupe\u021bi varful duzei aplicatorului \u0219i incepe\u021bi imediat aplicarea dup\u0103 cum urmeaz\u0103. Aten\u021bie: Culoarea amestecului se poate schimba in timpul procesului de colorare. Acest lucru nu va influen\u021ba rezultatul final al culorii. 3.a APLICARE TOTAL\u0102 Aceast\u0103 aplicare se recomand\u0103 dac\u0103: \u2022 v\u0103 vopsi\u0163i p\u0103rul cu vopsea permanent\u0103 pentru prima dat\u0103 sau \u2022 p\u0103rul v-a crescut foarte mult \u015fi vi se v\u0103d r\u0103d\u0103cinile. Aplica\u021bi in mod uniform intregul amestec, \u0219uvi\u021b\u0103 cu \u0219uvi\u021b\u0103, de la r\u0103d\u0103cini pan\u0103 la v\u00e2rful firului de p\u0103r. Aplica\u021bi mai \u00eentai pe zonele cu fire albe. Cu m\u0103nu\u0219ile din pachet, masa\u021bi amestecul cu v\u00e2rful degetelor pentru a v\u0103 asigura c\u0103 p\u0103rul este uniform acoperit. L\u0103sa\u021bi s\u0103 ac\u021bioneze 30 de minute. 3.b APLICAREA PE R\u0102D\u0102CINILE CRESCUTE Aceast\u0103 aplicare este necesar\u0103 dac\u0103: \u2022 p\u0103rul este deja vopsit cu vopsea permanent\u0103 \u015fi r\u0103d\u0103cinile crescute sunt vizibile sau \u2022 varfurile sunt mai \u00eenchise la culoare sau deteriorate. Aplica\u021bi \u2154 din amestec pe toat\u0103 zona de r\u0103d\u0103cini crescute. Pentru a face acest lucru, imp\u0103r\u021bi\u021bi p\u0103rul in sec\u021biuni folosind partea superioar\u0103 a duzei aplicatorului. Cu m\u0103nu\u0219ile din pachet, aplica\u021bi amestecul de-a lungul sec\u021biunilor, presandu-l u\u0219or pe r\u0103d\u0103cini cu varful degetelor. Repeta\u021bi aceast\u0103 procedur\u0103 pan\u0103 cand este acoperit\u0103 intreaga zon\u0103 a r\u0103d\u0103cinilor crescute. L\u0103sa\u021bi s\u0103 ac\u021bioneze timp de 20-30 de minute. Apoi, aplica\u021bi amestecul r\u0103mas pe toat\u0103 lungimea p\u0103rului pan\u0103 la varf. Uniformiza\u021bi amestecul \u0219i l\u0103sa\u021bi inc\u0103 5-10 minute. Timpul total de procesare ar trebui s\u0103 fie de 30 de minute. 4. CL\u0102TIREA \u00cenainte de a cl\u0103ti p\u0103rul, pune\u021bi din nou m\u0103nu\u0219ile. La sfar\u0219itul timpului de vopsire, aplica\u021bi ap\u0103 cald\u0103 pe p\u0103r \u0219i freca\u021bi u\u0219or pan\u0103 amestecul de vopsea se transfom\u0103 intr-o spum\u0103, pentru a evita p\u0103tarea in jurul liniei p\u0103rului. Cl\u0103ti\u021bi bine pan\u0103 cand apa curge limpede. 5. TRATAMENT DUP\u0102 VOPSIRE Aplica\u021bi Balsamul pentru Ingrijire pe p\u0103rul umed \u0219i l\u0103sa\u021bi s\u0103 ac\u021bioneze timp de 2 minute. Cl\u0103ti\u021bi bine. P\u0103rul va fi m\u0103t\u0103sos \u0219i str\u0103lucitor.<\/p>\n<h4>Descriere:<\/h4>\n<p>Descoperi\u021bi irezistibilele nuan\u021be reci, cu luciu metalic. Vopseaua de p\u0103r permanent\u0103, Schwarzkopf LIVE Urban Metallics, v\u0103 \u00eenv\u0103luie coafura \u00eentr-un look nou, care atrage toate privirile. Efectul de culoare rezultat va fi cu adev\u0103rat profund, intens \u0219i plin de reflexe metalice, cu un superb efect irizat. \u00cen plus, p\u0103rul \u00ee\u0219i p\u0103streaz\u0103 textura catifelat\u0103 \u0219i aspectul s\u0103n\u0103tos.1. PREPARAREA \u00cenainte de a \u00eencepe procesul de aplicare, preg\u0103ti\u0163i un halat de protec\u0163ie \u015fi un ceas lang\u0103 dumneavoastr\u0103 pentru a putea monitoriza timpul de aplicare. Schwarzkopf LIVE se va folosi numai pe p\u0103rul uscat \u015fi nesp\u0103lat anterior. 2. AMESTECAREA De\u0219uruba\u021bi capacul dispozitivului de aplicare cu lo\u021biune fixatoare. Desigila\u021bi tubul cu Crem\u0103 Colorant\u0103 LIVE cu partea opus\u0103 a capacului \u0219i turna\u021bi cu aten\u021bie intregul con\u021binut in dispozitivul cu lo\u021biune fixatoare. Fixa\u021bi capacul dispozitivului \u0219i agita\u021bi bine pan\u0103 cand toate componentele devin omogene \u0219i cremoase. Rupe\u021bi varful duzei aplicatorului \u0219i incepe\u021bi imediat aplicarea dup\u0103 cum urmeaz\u0103. Aten\u021bie: Culoarea amestecului se poate schimba in timpul procesului de colorare. Acest lucru nu va influen\u021ba rezultatul final al culorii. 3.a APLICARE TOTAL\u0102 Aceast\u0103 aplicare se recomand\u0103 dac\u0103: \u2022 v\u0103 vopsi\u0163i p\u0103rul cu vopsea permanent\u0103 pentru prima dat\u0103 sau \u2022 p\u0103rul v-a crescut foarte mult \u015fi vi se v\u0103d r\u0103d\u0103cinile. Aplica\u021bi in mod uniform intregul amestec, \u0219uvi\u021b\u0103 cu \u0219uvi\u021b\u0103, de la r\u0103d\u0103cini pan\u0103 la v\u00e2rful firului de p\u0103r. Aplica\u021bi mai \u00eentai pe zonele cu fire albe. Cu m\u0103nu\u0219ile din pachet, masa\u021bi amestecul cu v\u00e2rful degetelor pentru a v\u0103 asigura c\u0103 p\u0103rul este uniform acoperit. L\u0103sa\u021bi s\u0103 ac\u021bioneze 30 de minute. 3.b APLICAREA PE R\u0102D\u0102CINILE CRESCUTE Aceast\u0103 aplicare este necesar\u0103 dac\u0103: \u2022 p\u0103rul este deja vopsit cu vopsea permanent\u0103 \u015fi r\u0103d\u0103cinile crescute sunt vizibile sau \u2022 varfurile sunt mai \u00eenchise la culoare sau deteriorate. Aplica\u021bi \u2154 din amestec pe toat\u0103 zona de r\u0103d\u0103cini crescute. Pentru a face acest lucru, imp\u0103r\u021bi\u021bi p\u0103rul in sec\u021biuni folosind partea superioar\u0103 a duzei aplicatorului. Cu m\u0103nu\u0219ile din pachet, aplica\u021bi amestecul de-a lungul sec\u021biunilor, presandu-l u\u0219or pe r\u0103d\u0103cini cu varful degetelor. Repeta\u021bi aceast\u0103 procedur\u0103 pan\u0103 cand este acoperit\u0103 intreaga zon\u0103 a r\u0103d\u0103cinilor crescute. L\u0103sa\u021bi s\u0103 ac\u021bioneze timp de 20-30 de minute. Apoi, aplica\u021bi amestecul r\u0103mas pe toat\u0103 lungimea p\u0103rului pan\u0103 la varf. Uniformiza\u021bi amestecul \u0219i l\u0103sa\u021bi inc\u0103 5-10 minute. Timpul total de procesare ar trebui s\u0103 fie de 30 de minute. 4. CL\u0102TIREA \u00cenainte de a cl\u0103ti p\u0103rul, pune\u021bi din nou m\u0103nu\u0219ile. La sfar\u0219itul timpului de vopsire, aplica\u021bi ap\u0103 cald\u0103 pe p\u0103r \u0219i freca\u021bi u\u0219or pan\u0103 amestecul de vopsea se transfom\u0103 intr-o spum\u0103, pentru a evita p\u0103tarea in jurul liniei p\u0103rului. Cl\u0103ti\u021bi bine pan\u0103 cand apa curge limpede. 5. TRATAMENT DUP\u0102 VOPSIRE Aplica\u021bi Balsamul pentru Ingrijire pe p\u0103rul umed \u0219i l\u0103sa\u021bi s\u0103 ac\u021bioneze timp de 2 minute. Cl\u0103ti\u021bi bine. P\u0103rul va fi m\u0103t\u0103sos \u0219i str\u0103lucitor.<\/p>","protected":false},"excerpt":{"rendered":"<p>Mod de utilizare: Vopseaua Schwarzkopf LIVE Urban Metallics se \u00eentinde doar pe p\u0103rul uscat \u0219i nesp\u0103lat. Durata de ac\u021biune difer\u0103, \u00een func\u021bie de aplicarea vopselei \u2013 pe toat\u0103 lungimea sau doar pe r\u0103d\u0103cinile crescute.1. PREPARAREA \u00cenainte de a \u00eencepe procesul de aplicare, preg\u0103ti\u0163i un halat de protec\u0163ie \u015fi un ceas lang\u0103 dumneavoastr\u0103 pentru a putea [&hellip;]<\/p>\n","protected":false},"featured_media":9393,"comment_status":"open","ping_status":"closed","template":"","meta":{"_themeisle_gutenberg_block_has_review":false},"product_brand":[],"product_cat":[21,88,83],"product_tag":[],"class_list":{"0":"post-8510","1":"product","2":"type-product","3":"status-publish","4":"has-post-thumbnail","6":"product_cat-ingrijire","7":"product_cat-colorare","8":"product_cat-ingrijire-par","9":"product_shipping_class-small-package","10":"entry","11":"has-media","13":"first","14":"onbackorder","15":"taxable","16":"shipping-taxable","17":"purchasable","18":"product-type-simple","19":"col","20":"span_1_of_3","21":"wvn-content-left","22":"wvn-thumbs-layout-horizontal","23":"wvn-btn-normal","24":"wvn-tabs-layout-horizontal"},"jetpack_sharing_enabled":true,"_links":{"self":[{"href":"https:\/\/noacosmetics.ro\/en\/wp-json\/wp\/v2\/product\/8510","targetHints":{"allow":["GET"]}}],"collection":[{"href":"https:\/\/noacosmetics.ro\/en\/wp-json\/wp\/v2\/product"}],"about":[{"href":"https:\/\/noacosmetics.ro\/en\/wp-json\/wp\/v2\/types\/product"}],"replies":[{"embeddable":true,"href":"https:\/\/noacosmetics.ro\/en\/wp-json\/wp\/v2\/comments?post=8510"}],"wp:featuredmedia":[{"embeddable":true,"href":"https:\/\/noacosmetics.ro\/en\/wp-json\/wp\/v2\/media\/9393"}],"wp:attachment":[{"href":"https:\/\/noacosmetics.ro\/en\/wp-json\/wp\/v2\/media?parent=8510"}],"wp:term":[{"taxonomy":"product_brand","embeddable":true,"href":"https:\/\/noacosmetics.ro\/en\/wp-json\/wp\/v2\/product_brand?post=8510"},{"taxonomy":"product_cat","embeddable":true,"href":"https:\/\/noacosmetics.ro\/en\/wp-json\/wp\/v2\/product_cat?post=8510"},{"taxonomy":"product_tag","embeddable":true,"href":"https:\/\/noacosmetics.ro\/en\/wp-json\/wp\/v2\/product_tag?post=8510"}],"curies":[{"name":"wp","href":"https:\/\/api.w.org\/{rel}","templated":true}]}}