{"id":8527,"date":"2024-03-30T11:24:17","date_gmt":"2024-03-30T11:24:17","guid":{"rendered":"https:\/\/noacosmetics.ro\/?post_type=product&#038;p=8527"},"modified":"2024-11-10T07:38:33","modified_gmt":"2024-11-10T07:38:33","slug":"palmolive-aroma-essence-ultimate-relax-500ml","status":"publish","type":"product","link":"https:\/\/noacosmetics.ro\/en\/product\/palmolive-aroma-essence-ultimate-relax-500ml\/","title":{"rendered":"Palmolive Aroma Essence Ultimate Relax 500ml"},"content":{"rendered":"<h4>Mod de utilizare:<\/h4>\n<p>Ideal pentru utilizarea zilnic\u0103.<\/p>\n<h4>Descriere:<\/h4>\n<p>Acorda\u021bi-v\u0103 un moment pentru a v\u0103 \u00eembun\u0103t\u0103\u021bi starea de spirit c\u00e2nd utiliza\u021bi Palmolive Aroma Essence Ultimate Relax. Acest gel de dus de corp relaxant a fost creat cu tehnologia parfumului care stimuleaz\u0103 starea de spirit \u0219i note de lavand\u0103 calmante \u0219i ylang ylang exotic pentru a v\u0103 l\u0103sa s\u0103 v\u0103 sim\u021bi\u021bi relaxa\u021bi. Fiind pu\u021bin mai atent, acest gel de du\u0219 vegan este realizat cu ingrediente de 95% origine natural\u0103\u2666 \u0219i are o formula de gel de dus 95% biodegradabil. De asemenea, vine \u00eentr-o sticl\u0103 de plastic reciclat 30% pe care o pute\u021bi recicla din nou.<\/p>","protected":false},"excerpt":{"rendered":"<p>Mod de utilizare: Ideal pentru utilizarea zilnic\u0103. Descriere: Acorda\u021bi-v\u0103 un moment pentru a v\u0103 \u00eembun\u0103t\u0103\u021bi starea de spirit c\u00e2nd utiliza\u021bi Palmolive Aroma Essence Ultimate Relax. Acest gel de dus de corp relaxant a fost creat cu tehnologia parfumului care stimuleaz\u0103 starea de spirit \u0219i note de lavand\u0103 calmante \u0219i ylang ylang exotic pentru a v\u0103 [&hellip;]<\/p>\n","protected":false},"featured_media":8528,"comment_status":"open","ping_status":"closed","template":"","meta":{"_themeisle_gutenberg_block_has_review":false},"product_brand":[],"product_cat":[79,80,21],"product_tag":[],"class_list":{"0":"post-8527","1":"product","2":"type-product","3":"status-publish","4":"has-post-thumbnail","6":"product_cat-ingrijire-corp","7":"product_cat-curatare","8":"product_cat-ingrijire","9":"product_shipping_class-small-package","10":"entry","11":"has-media","13":"first","14":"onbackorder","15":"taxable","16":"shipping-taxable","17":"purchasable","18":"product-type-simple","19":"col","20":"span_1_of_3","21":"wvn-content-left","22":"wvn-thumbs-layout-horizontal","23":"wvn-btn-normal","24":"wvn-tabs-layout-horizontal"},"jetpack_sharing_enabled":true,"_links":{"self":[{"href":"https:\/\/noacosmetics.ro\/en\/wp-json\/wp\/v2\/product\/8527","targetHints":{"allow":["GET"]}}],"collection":[{"href":"https:\/\/noacosmetics.ro\/en\/wp-json\/wp\/v2\/product"}],"about":[{"href":"https:\/\/noacosmetics.ro\/en\/wp-json\/wp\/v2\/types\/product"}],"replies":[{"embeddable":true,"href":"https:\/\/noacosmetics.ro\/en\/wp-json\/wp\/v2\/comments?post=8527"}],"wp:featuredmedia":[{"embeddable":true,"href":"https:\/\/noacosmetics.ro\/en\/wp-json\/wp\/v2\/media\/8528"}],"wp:attachment":[{"href":"https:\/\/noacosmetics.ro\/en\/wp-json\/wp\/v2\/media?parent=8527"}],"wp:term":[{"taxonomy":"product_brand","embeddable":true,"href":"https:\/\/noacosmetics.ro\/en\/wp-json\/wp\/v2\/product_brand?post=8527"},{"taxonomy":"product_cat","embeddable":true,"href":"https:\/\/noacosmetics.ro\/en\/wp-json\/wp\/v2\/product_cat?post=8527"},{"taxonomy":"product_tag","embeddable":true,"href":"https:\/\/noacosmetics.ro\/en\/wp-json\/wp\/v2\/product_tag?post=8527"}],"curies":[{"name":"wp","href":"https:\/\/api.w.org\/{rel}","templated":true}]}}