{"id":8545,"date":"2024-03-30T11:55:12","date_gmt":"2024-03-30T11:55:12","guid":{"rendered":"https:\/\/noacosmetics.ro\/?post_type=product&#038;p=8545"},"modified":"2024-04-27T06:22:43","modified_gmt":"2024-04-27T06:22:43","slug":"gerovital-tratament-expert-masca-regeneranta-cu-keratina-150ml","status":"publish","type":"product","link":"https:\/\/noacosmetics.ro\/en\/product\/gerovital-tratament-expert-masca-regeneranta-cu-keratina-150ml\/","title":{"rendered":"Gerovital Tratament Expert Masca Regeneranta cu Keratina 150ml"},"content":{"rendered":"<h4>Mod de utilizare:<\/h4>\n<p>Se aplic\u0103 dup\u0103 sp\u0103larea cu \u0218ampon Regenerant cu Keratin\u0103, pe p\u0103rul umed, pe lungimea p\u0103rului. Dup\u0103 5 minute, limpezi\u021bi bine.<\/p>\n<p>C\u00e2nd e posibil, p\u0103rul se \u00eenf\u0103\u015foar\u0103 \u00eentr-un prosop cald aprox. 5-10 minute, ceea ce favorizeaz\u0103 p\u0103trunderea \u00een profunzime a principiilor active.<\/p>\n<h4>Descriere:<\/h4>\n<p>Masca Regenerant\u0103 cu Keratin\u0103 Gerovital Tratament Expert este special conceput\u0103 pentru p\u0103rul uscat, fragil. A fost creat\u0103 pe baza unei formul\u0103ri speciale, cu ingrediente esen\u021biale pentru \u00eengrijirea \u0219i regenerarea firului de p\u0103r.<\/p>\n<p>Reface suprafa\u0163a firului de p\u0103r uscat \u015fi fragil, l\u0103s\u00e2nd p\u0103rul moale \u0219i u\u0219or de piept\u0103nat.<\/p>\n<p>Utilizarea frecvent\u0103 a instrumentelor de styling, vopsitul, \u00eengrijirea neadcvat\u0103, dar \u0219i stresul sau alimenta\u021bia necorespunz\u0103toare pot distruge keratina.<\/p>\n<p>Keratina este proteina special\u0103 care reprezint\u0103 peste 80% din structura p\u0103rului. Rolul s\u0103u este de a asigura elasticitatea p\u0103rului \u0219i de a-l proteja de efectele nocive ale mediului extern.Ingredientele active \u0219i rolul lor<\/p>\n<p>Keratin\u0103 \u0219i aminoacizi esen\u021biali care refac fibra capilar\u0103 pe toat\u0103 lungimea ei.<br \/>\nVitamina A \u2013 contribuie la cre\u0219terea elasticit\u0103\u021bii firului de p\u0103r.<br \/>\nVitamina E \u2013 combate radia\u021biile UV.<br \/>\nProvitamina B5 \u2013 cre\u0219te gradul de hidratare.<\/p>","protected":false},"excerpt":{"rendered":"<p>Mod de utilizare: Se aplic\u0103 dup\u0103 sp\u0103larea cu \u0218ampon Regenerant cu Keratin\u0103, pe p\u0103rul umed, pe lungimea p\u0103rului. Dup\u0103 5 minute, limpezi\u021bi bine. C\u00e2nd e posibil, p\u0103rul se \u00eenf\u0103\u015foar\u0103 \u00eentr-un prosop cald aprox. 5-10 minute, ceea ce favorizeaz\u0103 p\u0103trunderea \u00een profunzime a principiilor active. Descriere: Masca Regenerant\u0103 cu Keratin\u0103 Gerovital Tratament Expert este special conceput\u0103 [&hellip;]<\/p>\n","protected":false},"featured_media":8548,"comment_status":"open","ping_status":"closed","template":"","meta":{"_themeisle_gutenberg_block_has_review":false},"product_brand":[],"product_cat":[86,21,83],"product_tag":[],"class_list":{"0":"post-8545","1":"product","2":"type-product","3":"status-publish","4":"has-post-thumbnail","6":"product_cat-tratament","7":"product_cat-ingrijire","8":"product_cat-ingrijire-par","9":"product_shipping_class-small-package","10":"entry","11":"has-media","13":"first","14":"onbackorder","15":"taxable","16":"shipping-taxable","17":"purchasable","18":"product-type-simple","19":"col","20":"span_1_of_3","21":"wvn-content-left","22":"wvn-thumbs-layout-horizontal","23":"wvn-btn-normal","24":"wvn-tabs-layout-horizontal","25":"has-no-thumbnails"},"jetpack_sharing_enabled":true,"_links":{"self":[{"href":"https:\/\/noacosmetics.ro\/en\/wp-json\/wp\/v2\/product\/8545","targetHints":{"allow":["GET"]}}],"collection":[{"href":"https:\/\/noacosmetics.ro\/en\/wp-json\/wp\/v2\/product"}],"about":[{"href":"https:\/\/noacosmetics.ro\/en\/wp-json\/wp\/v2\/types\/product"}],"replies":[{"embeddable":true,"href":"https:\/\/noacosmetics.ro\/en\/wp-json\/wp\/v2\/comments?post=8545"}],"wp:featuredmedia":[{"embeddable":true,"href":"https:\/\/noacosmetics.ro\/en\/wp-json\/wp\/v2\/media\/8548"}],"wp:attachment":[{"href":"https:\/\/noacosmetics.ro\/en\/wp-json\/wp\/v2\/media?parent=8545"}],"wp:term":[{"taxonomy":"product_brand","embeddable":true,"href":"https:\/\/noacosmetics.ro\/en\/wp-json\/wp\/v2\/product_brand?post=8545"},{"taxonomy":"product_cat","embeddable":true,"href":"https:\/\/noacosmetics.ro\/en\/wp-json\/wp\/v2\/product_cat?post=8545"},{"taxonomy":"product_tag","embeddable":true,"href":"https:\/\/noacosmetics.ro\/en\/wp-json\/wp\/v2\/product_tag?post=8545"}],"curies":[{"name":"wp","href":"https:\/\/api.w.org\/{rel}","templated":true}]}}