{"id":8550,"date":"2024-03-30T11:59:17","date_gmt":"2024-03-30T11:59:17","guid":{"rendered":"https:\/\/noacosmetics.ro\/?post_type=product&#038;p=8550"},"modified":"2024-04-27T06:18:50","modified_gmt":"2024-04-27T06:18:50","slug":"gerovital-tratament-expert-masca-intensiv-regeneranta-cu-petroleum-150ml","status":"publish","type":"product","link":"https:\/\/noacosmetics.ro\/en\/product\/gerovital-tratament-expert-masca-intensiv-regeneranta-cu-petroleum-150ml\/","title":{"rendered":"Gerovital Tratament Expert Masca Intensiv Regeneranta Cu Petroleum 150ml"},"content":{"rendered":"<h4>Mod de utilizare:<\/h4>\n<p>Masca se aplic\u0103 dup\u0103 sp\u0103lare, pe p\u0103rul umed, pe toat\u0103 lungimea lui \u0219i se maseaz\u0103 u\u0219or.<\/p>\n<p>Se las\u0103 s\u0103 ac\u021bioneze 3-5 minute. Cl\u0103ti\u021bi bine!<\/p>\n<h4>Descriere:<\/h4>\n<p>Masca Intensiv Regenerant\u0103 cu Petroleum Gerovital Tratament Expert este o alegere bun\u0103 pentru p\u0103rul degradat, uscat, fragil, care are nevoie de suplimentarea aportului de keratin\u0103.<\/p>\n<p>Masca este \u00eembog\u0103\u021bit\u0103 cu principii active cu propriet\u0103\u021bi de reparare, de hidratare \u0219i de hr\u0103nire a r\u0103d\u0103cinii \u0219i firului de p\u0103r pe toat\u0103 lungimea sa.<\/p>\n<p>Keratina poate fi distrus\u0103 at\u00e2t de factori externi, dar \u0219i de factori interni. Firele de p\u0103r se decoloreaz\u0103, \u00ee\u0219i pierd elasticitatea \u0219i rezisten\u021ba, ceea ce duce la aspectul de p\u0103r ars. Pe l\u00e2ng\u0103 aspectul ne\u00eengrijit, un p\u0103r ars este, \u00een primul r\u00e2nd, nes\u0103n\u0103tos: este fragil, se rupe mai u\u0219or \u0219i este aproape imposibil de coafat.<\/p>\n<p>\u00cen astfel de condi\u021bii, p\u0103rul are nevoie de \u00eengrijire intensiv\u0103.Ingredientele active \u0219i rolul lor<\/p>\n<p>Petroleumul \u2013 stimuleaz\u0103 circula\u021bia sanguin\u0103 la nivelul scalpului pentru o mai bun\u0103 hr\u0103nire a celulelor papilelor dermale<br \/>\nSepicap\u2122MP \u2013 propriet\u0103\u021bi de protec\u021bie a r\u0103d\u0103cinii \u0219i a tecii firelor de p\u0103r.<br \/>\nCroquat WKP \u2013 propriet\u0103\u021bi reparatoare<br \/>\nKeratin\u0103 lichid\u0103 &#8211; contribuie la reconstruirea firelor de p\u0103r \u0219i refacerea lor \u00eentr-o structur\u0103 mai rezistent\u0103<br \/>\nVitamina A \u0219i E &#8211; propriet\u0103\u021bi antioxidante \u0219i antiradicali liberi<br \/>\nPantenol (provitamina B5) &#8211; propriet\u0103\u021bi hidratante<\/p>","protected":false},"excerpt":{"rendered":"<p>Mod de utilizare: Masca se aplic\u0103 dup\u0103 sp\u0103lare, pe p\u0103rul umed, pe toat\u0103 lungimea lui \u0219i se maseaz\u0103 u\u0219or. Se las\u0103 s\u0103 ac\u021bioneze 3-5 minute. Cl\u0103ti\u021bi bine! Descriere: Masca Intensiv Regenerant\u0103 cu Petroleum Gerovital Tratament Expert este o alegere bun\u0103 pentru p\u0103rul degradat, uscat, fragil, care are nevoie de suplimentarea aportului de keratin\u0103. Masca este [&hellip;]<\/p>\n","protected":false},"featured_media":8554,"comment_status":"open","ping_status":"closed","template":"","meta":{"_themeisle_gutenberg_block_has_review":false},"product_brand":[],"product_cat":[86,21,83],"product_tag":[],"class_list":{"0":"post-8550","1":"product","2":"type-product","3":"status-publish","4":"has-post-thumbnail","6":"product_cat-tratament","7":"product_cat-ingrijire","8":"product_cat-ingrijire-par","9":"product_shipping_class-small-package","10":"entry","11":"has-media","13":"first","14":"onbackorder","15":"taxable","16":"shipping-taxable","17":"purchasable","18":"product-type-simple","19":"col","20":"span_1_of_3","21":"wvn-content-left","22":"wvn-thumbs-layout-horizontal","23":"wvn-btn-normal","24":"wvn-tabs-layout-horizontal","25":"has-no-thumbnails"},"jetpack_sharing_enabled":true,"_links":{"self":[{"href":"https:\/\/noacosmetics.ro\/en\/wp-json\/wp\/v2\/product\/8550","targetHints":{"allow":["GET"]}}],"collection":[{"href":"https:\/\/noacosmetics.ro\/en\/wp-json\/wp\/v2\/product"}],"about":[{"href":"https:\/\/noacosmetics.ro\/en\/wp-json\/wp\/v2\/types\/product"}],"replies":[{"embeddable":true,"href":"https:\/\/noacosmetics.ro\/en\/wp-json\/wp\/v2\/comments?post=8550"}],"wp:featuredmedia":[{"embeddable":true,"href":"https:\/\/noacosmetics.ro\/en\/wp-json\/wp\/v2\/media\/8554"}],"wp:attachment":[{"href":"https:\/\/noacosmetics.ro\/en\/wp-json\/wp\/v2\/media?parent=8550"}],"wp:term":[{"taxonomy":"product_brand","embeddable":true,"href":"https:\/\/noacosmetics.ro\/en\/wp-json\/wp\/v2\/product_brand?post=8550"},{"taxonomy":"product_cat","embeddable":true,"href":"https:\/\/noacosmetics.ro\/en\/wp-json\/wp\/v2\/product_cat?post=8550"},{"taxonomy":"product_tag","embeddable":true,"href":"https:\/\/noacosmetics.ro\/en\/wp-json\/wp\/v2\/product_tag?post=8550"}],"curies":[{"name":"wp","href":"https:\/\/api.w.org\/{rel}","templated":true}]}}