{"id":8566,"date":"2024-03-30T12:08:16","date_gmt":"2024-03-30T12:08:16","guid":{"rendered":"https:\/\/noacosmetics.ro\/?post_type=product&#038;p=8566"},"modified":"2024-04-27T07:21:57","modified_gmt":"2024-04-27T07:21:57","slug":"farmec-crema-maini-efect-instant-100ml","status":"publish","type":"product","link":"https:\/\/noacosmetics.ro\/en\/product\/farmec-crema-maini-efect-instant-100ml\/","title":{"rendered":"Farmec Crema Maini Efect Instant 100ml"},"content":{"rendered":"<h4>Mod de utilizare:<\/h4>\n<p>Aplicati ori de cate ori este nevoie.<\/p>\n<h4>Descriere:<\/h4>\n<p>Protec\u021bie \u0219i hidratare imediat\u0103 pentru pielea m\u00e2inilor.<\/p>\n<p>Formul\u0103 non-gras\u0103<br \/>\nAc\u021biune rapid\u0103<br \/>\nComplex TriActiv: Aloe vera, Provitamina B5, Minerale esen\u021biale<br \/>\nTestat dermatologic<br \/>\nRezultate dovedite:<br \/>\n.<br \/>\nCre\u0219terea hidrat\u0103rii pielii cu p\u00e2n\u0103 la 60%, la 15 minute dup\u0103 aplicare.Crema \u00eenl\u0103tur\u0103 senza\u021bia de m\u00e2ini uscate, asigur\u00e2nd protec\u021bie imediat\u0103 \u00eempotriva deshidrat\u0103rii m\u00e2inilor. \u00cembog\u0103\u021bit\u0103 cu Aquaxyl \u2013 ingredient hidratant de excep\u021bie, care optimizeaz\u0103 rezervele de ap\u0103 ale dermului, crema se absoarbe rapid \u00een piele la fiecare aplicare.<\/p>","protected":false},"excerpt":{"rendered":"<p>Mod de utilizare: Aplicati ori de cate ori este nevoie. Descriere: Protec\u021bie \u0219i hidratare imediat\u0103 pentru pielea m\u00e2inilor. Formul\u0103 non-gras\u0103 Ac\u021biune rapid\u0103 Complex TriActiv: Aloe vera, Provitamina B5, Minerale esen\u021biale Testat dermatologic Rezultate dovedite: . Cre\u0219terea hidrat\u0103rii pielii cu p\u00e2n\u0103 la 60%, la 15 minute dup\u0103 aplicare.Crema \u00eenl\u0103tur\u0103 senza\u021bia de m\u00e2ini uscate, asigur\u00e2nd protec\u021bie imediat\u0103 [&hellip;]<\/p>\n","protected":false},"featured_media":8567,"comment_status":"open","ping_status":"closed","template":"","meta":{"_themeisle_gutenberg_block_has_review":false},"product_brand":[],"product_cat":[21,94,93],"product_tag":[],"class_list":{"0":"post-8566","1":"product","2":"type-product","3":"status-publish","4":"has-post-thumbnail","6":"product_cat-ingrijire","7":"product_cat-crema","8":"product_cat-ingrijire-maini","9":"product_shipping_class-small-package","10":"entry","11":"has-media","13":"first","14":"onbackorder","15":"taxable","16":"shipping-taxable","17":"purchasable","18":"product-type-simple","19":"col","20":"span_1_of_3","21":"wvn-content-left","22":"wvn-thumbs-layout-horizontal","23":"wvn-btn-normal","24":"wvn-tabs-layout-horizontal","25":"has-no-thumbnails"},"jetpack_sharing_enabled":true,"_links":{"self":[{"href":"https:\/\/noacosmetics.ro\/en\/wp-json\/wp\/v2\/product\/8566","targetHints":{"allow":["GET"]}}],"collection":[{"href":"https:\/\/noacosmetics.ro\/en\/wp-json\/wp\/v2\/product"}],"about":[{"href":"https:\/\/noacosmetics.ro\/en\/wp-json\/wp\/v2\/types\/product"}],"replies":[{"embeddable":true,"href":"https:\/\/noacosmetics.ro\/en\/wp-json\/wp\/v2\/comments?post=8566"}],"wp:featuredmedia":[{"embeddable":true,"href":"https:\/\/noacosmetics.ro\/en\/wp-json\/wp\/v2\/media\/8567"}],"wp:attachment":[{"href":"https:\/\/noacosmetics.ro\/en\/wp-json\/wp\/v2\/media?parent=8566"}],"wp:term":[{"taxonomy":"product_brand","embeddable":true,"href":"https:\/\/noacosmetics.ro\/en\/wp-json\/wp\/v2\/product_brand?post=8566"},{"taxonomy":"product_cat","embeddable":true,"href":"https:\/\/noacosmetics.ro\/en\/wp-json\/wp\/v2\/product_cat?post=8566"},{"taxonomy":"product_tag","embeddable":true,"href":"https:\/\/noacosmetics.ro\/en\/wp-json\/wp\/v2\/product_tag?post=8566"}],"curies":[{"name":"wp","href":"https:\/\/api.w.org\/{rel}","templated":true}]}}