{"id":8574,"date":"2024-03-30T12:15:02","date_gmt":"2024-03-30T12:15:02","guid":{"rendered":"https:\/\/noacosmetics.ro\/?post_type=product&#038;p=8574"},"modified":"2024-04-27T07:21:22","modified_gmt":"2024-04-27T07:21:22","slug":"nivea-balsam-buze-original-48g","status":"publish","type":"product","link":"https:\/\/noacosmetics.ro\/en\/product\/nivea-balsam-buze-original-48g\/","title":{"rendered":"Nivea Balsam Buze Original 4,8g"},"content":{"rendered":"<h4>Mod de utilizare:<\/h4>\n<p>Se apilca pe buze ori de cate ori este nevoie.<\/p>\n<p>&nbsp;<\/p>\n<h4>Descriere:<\/h4>\n<p>Ai grij\u0103 de buzele tale cu NIVEA Original Care \u0219i men\u021bine-le hidratate \u0219i catifelate pe tot parcursul zilei! Bucur\u0103-te de buze s\u0103n\u0103toase \u0219i moi cu balsamul de buze NIVEA! Peste 24 de ore de hidratare<br \/>\nProtejeaz\u0103 buzele \u00eempotriva factorilor externi<br \/>\nIngrediente de origine natural\u0103<br \/>\nCu unt de shea provenit din surse etice<br \/>\nCu uleiuri naturale \u00eembog\u0103\u021bite cu vitamine<br \/>\nCompatibilitate la nivelul pielii testat\u0103 dermatologic<\/p>","protected":false},"excerpt":{"rendered":"<p>Mod de utilizare: Se apilca pe buze ori de cate ori este nevoie. &nbsp; Descriere: Ai grij\u0103 de buzele tale cu NIVEA Original Care \u0219i men\u021bine-le hidratate \u0219i catifelate pe tot parcursul zilei! Bucur\u0103-te de buze s\u0103n\u0103toase \u0219i moi cu balsamul de buze NIVEA! Peste 24 de ore de hidratare Protejeaz\u0103 buzele \u00eempotriva factorilor externi [&hellip;]<\/p>\n","protected":false},"featured_media":8575,"comment_status":"open","ping_status":"closed","template":"","meta":{"_themeisle_gutenberg_block_has_review":false},"product_brand":[],"product_cat":[21,68,67,20],"product_tag":[],"class_list":{"0":"post-8574","1":"product","2":"type-product","3":"status-publish","4":"has-post-thumbnail","6":"product_cat-ingrijire","7":"product_cat-balsam-de-buze","8":"product_cat-machiaj-buze","9":"product_cat-make-up","10":"product_shipping_class-small-package","11":"entry","12":"has-media","14":"first","15":"onbackorder","16":"taxable","17":"shipping-taxable","18":"purchasable","19":"product-type-simple","20":"col","21":"span_1_of_3","22":"wvn-content-left","23":"wvn-thumbs-layout-horizontal","24":"wvn-btn-normal","25":"wvn-tabs-layout-horizontal","26":"has-no-thumbnails"},"jetpack_sharing_enabled":true,"_links":{"self":[{"href":"https:\/\/noacosmetics.ro\/en\/wp-json\/wp\/v2\/product\/8574","targetHints":{"allow":["GET"]}}],"collection":[{"href":"https:\/\/noacosmetics.ro\/en\/wp-json\/wp\/v2\/product"}],"about":[{"href":"https:\/\/noacosmetics.ro\/en\/wp-json\/wp\/v2\/types\/product"}],"replies":[{"embeddable":true,"href":"https:\/\/noacosmetics.ro\/en\/wp-json\/wp\/v2\/comments?post=8574"}],"wp:featuredmedia":[{"embeddable":true,"href":"https:\/\/noacosmetics.ro\/en\/wp-json\/wp\/v2\/media\/8575"}],"wp:attachment":[{"href":"https:\/\/noacosmetics.ro\/en\/wp-json\/wp\/v2\/media?parent=8574"}],"wp:term":[{"taxonomy":"product_brand","embeddable":true,"href":"https:\/\/noacosmetics.ro\/en\/wp-json\/wp\/v2\/product_brand?post=8574"},{"taxonomy":"product_cat","embeddable":true,"href":"https:\/\/noacosmetics.ro\/en\/wp-json\/wp\/v2\/product_cat?post=8574"},{"taxonomy":"product_tag","embeddable":true,"href":"https:\/\/noacosmetics.ro\/en\/wp-json\/wp\/v2\/product_tag?post=8574"}],"curies":[{"name":"wp","href":"https:\/\/api.w.org\/{rel}","templated":true}]}}