{"id":8587,"date":"2024-03-30T12:26:31","date_gmt":"2024-03-30T12:26:31","guid":{"rendered":"https:\/\/noacosmetics.ro\/?post_type=product&#038;p=8587"},"modified":"2024-04-27T07:19:56","modified_gmt":"2024-04-27T07:19:56","slug":"gliss-balsam-express-total-repair-200ml","status":"publish","type":"product","link":"https:\/\/noacosmetics.ro\/en\/product\/gliss-balsam-express-total-repair-200ml\/","title":{"rendered":"Gliss Balsam Express Total Repair 200ml"},"content":{"rendered":"<h4>Mod de utilizare:<\/h4>\n<p>Se pulverizeaz\u0103 dup\u0103 fiecare sp\u0103lare, pe p\u0103rul fie umed, uscat cu prosopul, fie complet uscat. Agita\u021bi energic \u00eenainte de utilizare.<\/p>\n<h4>Descriere:<\/h4>\n<p>\u00cengrijire pentru p\u0103rul uscat \u0219i deteriorat<br \/>\nProtec\u021bie \u00eempotriva ruperii<br \/>\nPentru o descurcare mai u\u0219oar\u0103<\/p>\n<p>Schwarzkopf Gliss Regenerator pentru p\u0103r uscat \u0219i deteriorat Total Repair protejeaz\u0103 p\u0103rul \u00eempotriva ruperii. Formula f\u0103r\u0103 greutate confer\u0103 p\u0103rului t\u0103u moliciune \u0219i str\u0103lucire \u0219i faciliteaz\u0103 descurcarea. Produsul con\u021bine 19 ingrediente active care s-au dovedit a avea un efect benefic imediat asupra p\u0103rului.Nu pulveriza\u021bi \u00een ochi. Proteja\u021bi de lumina soarelui \u0219i de \u00eenghe\u021b. \u021aine\u021bi-l \u00een pozi\u021bie vertical\u0103.Balsam Spray Reparator pentru Par Uscat si Deteriorat &#8211; Schwarzkopf Gliss Hair Repair Total Repair Express-Repair-Conditioner for Dry, Stressd Hair, 200 ml: balsam spray, reparator ce asigura suplete parului uscat si deteriorat. Repara in profunzime, chiar si varfurile, fara a incarca. Confera stralucire si asigura o pieptanare foarte usoara, in doar cateva secunde. Contine cheratina ce restabileste structura firului de par, din interior catre exterior. De asemenea, amelioreaza ruperea parului, asigurand un aspect sanatos si radiant.<\/p>","protected":false},"excerpt":{"rendered":"<p>Mod de utilizare: Se pulverizeaz\u0103 dup\u0103 fiecare sp\u0103lare, pe p\u0103rul fie umed, uscat cu prosopul, fie complet uscat. Agita\u021bi energic \u00eenainte de utilizare. Descriere: \u00cengrijire pentru p\u0103rul uscat \u0219i deteriorat Protec\u021bie \u00eempotriva ruperii Pentru o descurcare mai u\u0219oar\u0103 Schwarzkopf Gliss Regenerator pentru p\u0103r uscat \u0219i deteriorat Total Repair protejeaz\u0103 p\u0103rul \u00eempotriva ruperii. Formula f\u0103r\u0103 greutate [&hellip;]<\/p>\n","protected":false},"featured_media":9999,"comment_status":"open","ping_status":"closed","template":"","meta":{"_themeisle_gutenberg_block_has_review":false},"product_brand":[],"product_cat":[21,85,83],"product_tag":[],"class_list":{"0":"post-8587","1":"product","2":"type-product","3":"status-publish","4":"has-post-thumbnail","6":"product_cat-ingrijire","7":"product_cat-balsam-par","8":"product_cat-ingrijire-par","9":"product_shipping_class-small-package","10":"entry","11":"has-media","13":"first","14":"onbackorder","15":"taxable","16":"shipping-taxable","17":"purchasable","18":"product-type-simple","19":"col","20":"span_1_of_3","21":"wvn-content-left","22":"wvn-thumbs-layout-horizontal","23":"wvn-btn-normal","24":"wvn-tabs-layout-horizontal","25":"has-no-thumbnails"},"jetpack_sharing_enabled":true,"_links":{"self":[{"href":"https:\/\/noacosmetics.ro\/en\/wp-json\/wp\/v2\/product\/8587","targetHints":{"allow":["GET"]}}],"collection":[{"href":"https:\/\/noacosmetics.ro\/en\/wp-json\/wp\/v2\/product"}],"about":[{"href":"https:\/\/noacosmetics.ro\/en\/wp-json\/wp\/v2\/types\/product"}],"replies":[{"embeddable":true,"href":"https:\/\/noacosmetics.ro\/en\/wp-json\/wp\/v2\/comments?post=8587"}],"wp:featuredmedia":[{"embeddable":true,"href":"https:\/\/noacosmetics.ro\/en\/wp-json\/wp\/v2\/media\/9999"}],"wp:attachment":[{"href":"https:\/\/noacosmetics.ro\/en\/wp-json\/wp\/v2\/media?parent=8587"}],"wp:term":[{"taxonomy":"product_brand","embeddable":true,"href":"https:\/\/noacosmetics.ro\/en\/wp-json\/wp\/v2\/product_brand?post=8587"},{"taxonomy":"product_cat","embeddable":true,"href":"https:\/\/noacosmetics.ro\/en\/wp-json\/wp\/v2\/product_cat?post=8587"},{"taxonomy":"product_tag","embeddable":true,"href":"https:\/\/noacosmetics.ro\/en\/wp-json\/wp\/v2\/product_tag?post=8587"}],"curies":[{"name":"wp","href":"https:\/\/api.w.org\/{rel}","templated":true}]}}