{"id":8593,"date":"2024-03-30T12:28:46","date_gmt":"2024-03-30T12:28:46","guid":{"rendered":"https:\/\/noacosmetics.ro\/?post_type=product&#038;p=8593"},"modified":"2024-08-09T12:07:06","modified_gmt":"2024-08-09T12:07:06","slug":"always-ultra-normal-1-18bc","status":"publish","type":"product","link":"https:\/\/noacosmetics.ro\/en\/product\/always-ultra-normal-1-18bc\/","title":{"rendered":"Always Ultra Normal 1 18bc"},"content":{"rendered":"<h4>Mod de utilizare:<\/h4>\n<p>Sp\u0103la\u021bi bine m\u00e2inile cu ap\u0103 \u0219i s\u0103pun. Apoi usca\u021bi-le, desprinde\u021bi baza de protec\u021bie de pe absorbant \u0219i ata\u0219a\u021bi-l pe lenjeria intim\u0103.<\/p>\n<h4>Descriere:<\/h4>\n<p>Absorbantele Always Ultra Normal (Marimea 1) cu sistem InstantDry absorb in cateva secunde. Acesta blocheaza lichidul in interior pentru a iti oferi 100% protectie. Prezinta tehnologia de neutralizare a mirosului, care blocheaza mirosurile neplacute si nu doar le mascheaza. Desi absorbantele igienice Always Ultra au o grosime de doar 3 mm, pentru confortul tau, asigura protectie deosebita in timpul ciclului menstrual.\u00cencredere \u0219i confort, indiferent de ceea ce v\u0103 ofer\u0103 via\u021ba. Elaborate cu aripioare ConfortLock wings, absorbantele Always Ultra Normal r\u0103m\u00e2n \u00een loc, protej\u00e2ndu-v\u0103 de-a lungul zilei \u0219i sc\u0103p\u00e2ndu-v\u0103 de grija scurgerilor atunci c\u00e2nd munci\u021bi sau v\u0103 ocupa\u021bi de activit\u0103\u021bile preferate.<\/p>","protected":false},"excerpt":{"rendered":"<p>Mod de utilizare: Sp\u0103la\u021bi bine m\u00e2inile cu ap\u0103 \u0219i s\u0103pun. Apoi usca\u021bi-le, desprinde\u021bi baza de protec\u021bie de pe absorbant \u0219i ata\u0219a\u021bi-l pe lenjeria intim\u0103. Descriere: Absorbantele Always Ultra Normal (Marimea 1) cu sistem InstantDry absorb in cateva secunde. Acesta blocheaza lichidul in interior pentru a iti oferi 100% protectie. Prezinta tehnologia de neutralizare a mirosului, [&hellip;]<\/p>\n","protected":false},"featured_media":8594,"comment_status":"open","ping_status":"closed","template":"","meta":{"_themeisle_gutenberg_block_has_review":false},"product_brand":[],"product_cat":[98],"product_tag":[],"class_list":{"0":"post-8593","1":"product","2":"type-product","3":"status-publish","4":"has-post-thumbnail","6":"product_cat-igiena-intima","7":"product_shipping_class-small-package","8":"entry","9":"has-media","11":"first","12":"onbackorder","13":"taxable","14":"shipping-taxable","15":"purchasable","16":"product-type-simple","17":"col","18":"span_1_of_3","19":"wvn-content-left","20":"wvn-thumbs-layout-horizontal","21":"wvn-btn-normal","22":"wvn-tabs-layout-horizontal","23":"has-no-thumbnails"},"jetpack_sharing_enabled":true,"_links":{"self":[{"href":"https:\/\/noacosmetics.ro\/en\/wp-json\/wp\/v2\/product\/8593","targetHints":{"allow":["GET"]}}],"collection":[{"href":"https:\/\/noacosmetics.ro\/en\/wp-json\/wp\/v2\/product"}],"about":[{"href":"https:\/\/noacosmetics.ro\/en\/wp-json\/wp\/v2\/types\/product"}],"replies":[{"embeddable":true,"href":"https:\/\/noacosmetics.ro\/en\/wp-json\/wp\/v2\/comments?post=8593"}],"wp:featuredmedia":[{"embeddable":true,"href":"https:\/\/noacosmetics.ro\/en\/wp-json\/wp\/v2\/media\/8594"}],"wp:attachment":[{"href":"https:\/\/noacosmetics.ro\/en\/wp-json\/wp\/v2\/media?parent=8593"}],"wp:term":[{"taxonomy":"product_brand","embeddable":true,"href":"https:\/\/noacosmetics.ro\/en\/wp-json\/wp\/v2\/product_brand?post=8593"},{"taxonomy":"product_cat","embeddable":true,"href":"https:\/\/noacosmetics.ro\/en\/wp-json\/wp\/v2\/product_cat?post=8593"},{"taxonomy":"product_tag","embeddable":true,"href":"https:\/\/noacosmetics.ro\/en\/wp-json\/wp\/v2\/product_tag?post=8593"}],"curies":[{"name":"wp","href":"https:\/\/api.w.org\/{rel}","templated":true}]}}