{"id":8600,"date":"2024-03-30T12:36:09","date_gmt":"2024-03-30T12:36:09","guid":{"rendered":"https:\/\/noacosmetics.ro\/?post_type=product&#038;p=8600"},"modified":"2024-04-26T11:50:17","modified_gmt":"2024-04-26T11:50:17","slug":"gliss-ulei-pentru-par-daily-oil-elixir-75ml","status":"publish","type":"product","link":"https:\/\/noacosmetics.ro\/en\/product\/gliss-ulei-pentru-par-daily-oil-elixir-75ml\/","title":{"rendered":"Gliss Ulei Pentru Par Daily Oil Elixir 75ml"},"content":{"rendered":"<h4>Mod de utilizare:<\/h4>\n<p>Pune\u021bi c\u00e2teva pic\u0103turi \u00een palme \u0219i aplica\u021bi uniform de-a lungul firelor de par \u0219i la v\u00e2rfuri.<\/p>\n<h4>Descriere:<\/h4>\n<p>Pentru p\u0103r uscat \u0219i foarte deteriorat<br \/>\nCu cheratin\u0103 lichid\u0103<br \/>\nHr\u0103ne\u0219te intens p\u0103rul<br \/>\n\u00cent\u0103re\u0219te structura fibrei capilare<br \/>\nReduce ruperea p\u0103rului<\/p>\n<p>Uleiul pentru p\u0103r Gliss Daily Oil Elixir pentru p\u0103r uscat \u0219i foarte deteriorat reduce ruperea p\u0103rului cu p\u00e2n\u0103 la 95%. Tehnologia inovativ\u0103 de reparare a p\u0103rului cu cheratin\u0103 lichid\u0103 hr\u0103ne\u0219te intens p\u0103rul \u0219i \u00eent\u0103re\u0219te structura fibrei capilare. Vei ob\u021bine cele mai bune rezultate folosind simultan \u0219amponul, balsamul \u0219i masca de p\u0103r din aceast\u0103 gam\u0103. P\u0103rul t\u0103u va cap\u0103t\u0103 o rezisten\u021b\u0103 superioar\u0103 \u0219i o str\u0103lucire de invidiat.<\/p>","protected":false},"excerpt":{"rendered":"<p>Mod de utilizare: Pune\u021bi c\u00e2teva pic\u0103turi \u00een palme \u0219i aplica\u021bi uniform de-a lungul firelor de par \u0219i la v\u00e2rfuri. Descriere: Pentru p\u0103r uscat \u0219i foarte deteriorat Cu cheratin\u0103 lichid\u0103 Hr\u0103ne\u0219te intens p\u0103rul \u00cent\u0103re\u0219te structura fibrei capilare Reduce ruperea p\u0103rului Uleiul pentru p\u0103r Gliss Daily Oil Elixir pentru p\u0103r uscat \u0219i foarte deteriorat reduce ruperea p\u0103rului [&hellip;]<\/p>\n","protected":false},"featured_media":8603,"comment_status":"open","ping_status":"closed","template":"","meta":{"_themeisle_gutenberg_block_has_review":false},"product_brand":[],"product_cat":[86,87,21,83],"product_tag":[],"class_list":{"0":"post-8600","1":"product","2":"type-product","3":"status-publish","4":"has-post-thumbnail","6":"product_cat-tratament","7":"product_cat-aranjarestyling","8":"product_cat-ingrijire","9":"product_cat-ingrijire-par","10":"product_shipping_class-small-package","11":"entry","12":"has-media","14":"first","15":"onbackorder","16":"taxable","17":"shipping-taxable","18":"purchasable","19":"product-type-simple","20":"col","21":"span_1_of_3","22":"wvn-content-left","23":"wvn-thumbs-layout-horizontal","24":"wvn-btn-normal","25":"wvn-tabs-layout-horizontal","26":"has-no-thumbnails"},"jetpack_sharing_enabled":true,"_links":{"self":[{"href":"https:\/\/noacosmetics.ro\/en\/wp-json\/wp\/v2\/product\/8600","targetHints":{"allow":["GET"]}}],"collection":[{"href":"https:\/\/noacosmetics.ro\/en\/wp-json\/wp\/v2\/product"}],"about":[{"href":"https:\/\/noacosmetics.ro\/en\/wp-json\/wp\/v2\/types\/product"}],"replies":[{"embeddable":true,"href":"https:\/\/noacosmetics.ro\/en\/wp-json\/wp\/v2\/comments?post=8600"}],"wp:featuredmedia":[{"embeddable":true,"href":"https:\/\/noacosmetics.ro\/en\/wp-json\/wp\/v2\/media\/8603"}],"wp:attachment":[{"href":"https:\/\/noacosmetics.ro\/en\/wp-json\/wp\/v2\/media?parent=8600"}],"wp:term":[{"taxonomy":"product_brand","embeddable":true,"href":"https:\/\/noacosmetics.ro\/en\/wp-json\/wp\/v2\/product_brand?post=8600"},{"taxonomy":"product_cat","embeddable":true,"href":"https:\/\/noacosmetics.ro\/en\/wp-json\/wp\/v2\/product_cat?post=8600"},{"taxonomy":"product_tag","embeddable":true,"href":"https:\/\/noacosmetics.ro\/en\/wp-json\/wp\/v2\/product_tag?post=8600"}],"curies":[{"name":"wp","href":"https:\/\/api.w.org\/{rel}","templated":true}]}}