{"id":8601,"date":"2024-03-30T12:36:28","date_gmt":"2024-03-30T12:36:28","guid":{"rendered":"https:\/\/noacosmetics.ro\/?post_type=product&#038;p=8601"},"modified":"2024-04-26T11:49:31","modified_gmt":"2024-04-26T11:49:31","slug":"durex-pleasure-me-3bc","status":"publish","type":"product","link":"https:\/\/noacosmetics.ro\/en\/product\/durex-pleasure-me-3bc\/","title":{"rendered":"Durex Pleasure Me 3bc"},"content":{"rendered":"<h4>Mod de utilizare:<\/h4>\n<p>Desf\u0103 ambalajul pornind de la marginea zim\u021bat\u0103. Cu partea de rulare orientat\u0103 spre exterior, str\u00e2nge cap\u0103tul \u00eenchis \u0219i a\u0219az\u0103 prezervativul pe v\u00e2rful penisului. Ruleaz\u0103 \u00een jos p\u00e2n\u0103 la baza acestuia. Scoate prezervativul imediat dup\u0103 ejaculare. \u021aine ferm prezervativul la baza penisului \u00eenainte de a-l retrage. Arunc\u0103 folia \u0219i prezervativul la co\u0219ul de gunoi. Nu le arunca \u00een closet.<\/p>\n<h4>Descriere:<\/h4>\n<p>Forma anatomica Easy-On cu rezervor pentru confort<br \/>\nPrezervative cu nervuri si puncte in relief pentru stimulare suplimentara*<br \/>\nPrezervative transparente din cauciuc natural (latex)<br \/>\nDiametru nominal: 56 mm<br \/>\nLubrifiere: lubrifiant siliconic standard<br \/>\nTestate dermatologic;**<br \/>\n100% testat electronic;***<\/p>\n<p>*Conform unui studiu realizat in 2001<\/p>\n<p>**Potrivit unui studiu de toleranta cutanata realizat in 2018<\/p>\n<p>***Toate prezervativele Durex sunt testate pentru a depista defectele de fabricatie.Nicio metod\u0103 de contracep\u021bie nu ofer\u0103 protec\u021bie 100% \u00eempotriva sarcinii, HIV sau bolilor cu transmitere sexual\u0103. A nu se l\u0103sa la \u00eendem\u00e2na copiilor. Folose\u0219te un prezervativ o singur\u0103 dat\u0103.<\/p>","protected":false},"excerpt":{"rendered":"<p>Mod de utilizare: Desf\u0103 ambalajul pornind de la marginea zim\u021bat\u0103. Cu partea de rulare orientat\u0103 spre exterior, str\u00e2nge cap\u0103tul \u00eenchis \u0219i a\u0219az\u0103 prezervativul pe v\u00e2rful penisului. Ruleaz\u0103 \u00een jos p\u00e2n\u0103 la baza acestuia. Scoate prezervativul imediat dup\u0103 ejaculare. \u021aine ferm prezervativul la baza penisului \u00eenainte de a-l retrage. Arunc\u0103 folia \u0219i prezervativul la co\u0219ul de [&hellip;]<\/p>\n","protected":false},"featured_media":8602,"comment_status":"open","ping_status":"closed","template":"","meta":{"_themeisle_gutenberg_block_has_review":false},"product_brand":[],"product_cat":[98],"product_tag":[],"class_list":{"0":"post-8601","1":"product","2":"type-product","3":"status-publish","4":"has-post-thumbnail","6":"product_cat-igiena-intima","7":"entry","8":"has-media","10":"first","11":"onbackorder","12":"taxable","13":"shipping-taxable","14":"purchasable","15":"product-type-simple","16":"col","17":"span_1_of_3","18":"wvn-content-left","19":"wvn-thumbs-layout-horizontal","20":"wvn-btn-normal","21":"wvn-tabs-layout-horizontal","22":"has-no-thumbnails"},"jetpack_sharing_enabled":true,"_links":{"self":[{"href":"https:\/\/noacosmetics.ro\/en\/wp-json\/wp\/v2\/product\/8601","targetHints":{"allow":["GET"]}}],"collection":[{"href":"https:\/\/noacosmetics.ro\/en\/wp-json\/wp\/v2\/product"}],"about":[{"href":"https:\/\/noacosmetics.ro\/en\/wp-json\/wp\/v2\/types\/product"}],"replies":[{"embeddable":true,"href":"https:\/\/noacosmetics.ro\/en\/wp-json\/wp\/v2\/comments?post=8601"}],"wp:featuredmedia":[{"embeddable":true,"href":"https:\/\/noacosmetics.ro\/en\/wp-json\/wp\/v2\/media\/8602"}],"wp:attachment":[{"href":"https:\/\/noacosmetics.ro\/en\/wp-json\/wp\/v2\/media?parent=8601"}],"wp:term":[{"taxonomy":"product_brand","embeddable":true,"href":"https:\/\/noacosmetics.ro\/en\/wp-json\/wp\/v2\/product_brand?post=8601"},{"taxonomy":"product_cat","embeddable":true,"href":"https:\/\/noacosmetics.ro\/en\/wp-json\/wp\/v2\/product_cat?post=8601"},{"taxonomy":"product_tag","embeddable":true,"href":"https:\/\/noacosmetics.ro\/en\/wp-json\/wp\/v2\/product_tag?post=8601"}],"curies":[{"name":"wp","href":"https:\/\/api.w.org\/{rel}","templated":true}]}}