{"id":8604,"date":"2024-03-30T12:41:28","date_gmt":"2024-03-30T12:41:28","guid":{"rendered":"https:\/\/noacosmetics.ro\/?post_type=product&#038;p=8604"},"modified":"2024-11-10T04:40:36","modified_gmt":"2024-11-10T04:40:36","slug":"schwarzkopf-gliss-balsam-colour-perfectour-200ml","status":"publish","type":"product","link":"https:\/\/noacosmetics.ro\/en\/product\/schwarzkopf-gliss-balsam-colour-perfectour-200ml\/","title":{"rendered":"Schwarzkopf Gliss Balsam Colour Perfectour 200ml"},"content":{"rendered":"<h4>Mod de utilizare:<\/h4>\n<p>Balsamul se aplic\u0103 delicat pe p\u0103r, dup\u0103 \u0219amponare. Se maseaz\u0103, apoi se cl\u0103te\u0219te bine. Pentru rezultate optime, utiliza\u021bi cu regularitate.<\/p>\n<h4>Descriere:<\/h4>\n<p>Balsamul Schwarzkopf Gliss Ultimate Color Conditioner ofer\u0103 o descurcare perfect\u0103, str\u0103lucire \u0219i protec\u021bie a culorii timp de p\u00e2n\u0103 la 12 s\u0103pt\u0103m\u00e2ni. Formula cu ser de keratin\u0103 \u0219i luminozitate colorat\u0103 3D repar\u0103 daunele existente \u0219i \u00eent\u0103re\u0219te structura celular\u0103 pentru a preveni daunele viitoare. \u00cent\u0103re\u0219te structura intern\u0103 a p\u0103rului \u0219i sigileaz\u0103 fibra de p\u0103r pentru o protec\u021bie optim\u0103 a culorii<\/p>","protected":false},"excerpt":{"rendered":"<p>Mod de utilizare: Balsamul se aplic\u0103 delicat pe p\u0103r, dup\u0103 \u0219amponare. Se maseaz\u0103, apoi se cl\u0103te\u0219te bine. Pentru rezultate optime, utiliza\u021bi cu regularitate. Descriere: Balsamul Schwarzkopf Gliss Ultimate Color Conditioner ofer\u0103 o descurcare perfect\u0103, str\u0103lucire \u0219i protec\u021bie a culorii timp de p\u00e2n\u0103 la 12 s\u0103pt\u0103m\u00e2ni. Formula cu ser de keratin\u0103 \u0219i luminozitate colorat\u0103 3D repar\u0103 [&hellip;]<\/p>\n","protected":false},"featured_media":8607,"comment_status":"open","ping_status":"closed","template":"","meta":{"_themeisle_gutenberg_block_has_review":false},"product_brand":[],"product_cat":[85,21,83],"product_tag":[],"class_list":{"0":"post-8604","1":"product","2":"type-product","3":"status-publish","4":"has-post-thumbnail","6":"product_cat-balsam-par","7":"product_cat-ingrijire","8":"product_cat-ingrijire-par","9":"product_shipping_class-small-package","10":"entry","11":"has-media","13":"first","14":"onbackorder","15":"taxable","16":"shipping-taxable","17":"purchasable","18":"product-type-simple","19":"col","20":"span_1_of_3","21":"wvn-content-left","22":"wvn-thumbs-layout-horizontal","23":"wvn-btn-normal","24":"wvn-tabs-layout-horizontal","25":"has-no-thumbnails"},"jetpack_sharing_enabled":true,"_links":{"self":[{"href":"https:\/\/noacosmetics.ro\/en\/wp-json\/wp\/v2\/product\/8604","targetHints":{"allow":["GET"]}}],"collection":[{"href":"https:\/\/noacosmetics.ro\/en\/wp-json\/wp\/v2\/product"}],"about":[{"href":"https:\/\/noacosmetics.ro\/en\/wp-json\/wp\/v2\/types\/product"}],"replies":[{"embeddable":true,"href":"https:\/\/noacosmetics.ro\/en\/wp-json\/wp\/v2\/comments?post=8604"}],"wp:featuredmedia":[{"embeddable":true,"href":"https:\/\/noacosmetics.ro\/en\/wp-json\/wp\/v2\/media\/8607"}],"wp:attachment":[{"href":"https:\/\/noacosmetics.ro\/en\/wp-json\/wp\/v2\/media?parent=8604"}],"wp:term":[{"taxonomy":"product_brand","embeddable":true,"href":"https:\/\/noacosmetics.ro\/en\/wp-json\/wp\/v2\/product_brand?post=8604"},{"taxonomy":"product_cat","embeddable":true,"href":"https:\/\/noacosmetics.ro\/en\/wp-json\/wp\/v2\/product_cat?post=8604"},{"taxonomy":"product_tag","embeddable":true,"href":"https:\/\/noacosmetics.ro\/en\/wp-json\/wp\/v2\/product_tag?post=8604"}],"curies":[{"name":"wp","href":"https:\/\/api.w.org\/{rel}","templated":true}]}}