{"id":8615,"date":"2024-03-30T12:48:24","date_gmt":"2024-03-30T12:48:24","guid":{"rendered":"https:\/\/noacosmetics.ro\/?post_type=product&#038;p=8615"},"modified":"2024-04-26T11:42:17","modified_gmt":"2024-04-26T11:42:17","slug":"farmec-crema-antirid-ulei-argan-50ml","status":"publish","type":"product","link":"https:\/\/noacosmetics.ro\/en\/product\/farmec-crema-antirid-ulei-argan-50ml\/","title":{"rendered":"Farmec Crema Antirid Ulei Argan 50ml"},"content":{"rendered":"<h4>Mod de utilizare:<\/h4>\n<p>Se aplic\u0103 diminea\u021ba \u0219i\/sau seara, dup\u0103 demachiere. Pielea devine mai neted\u0103, mai catifelat\u0103..<\/p>\n<h4>Descriere:<\/h4>\n<p>Tenul uscat are nevoie de aport zilnic de substan\u021be nutritive, restructurante \u0219i regenerante \u00een scopul diminu\u0103rii semnelor de \u00eemb\u0103tr\u00e2nire accelerat\u0103 (riduri, ten uscat, tonus facial sc\u0103zut etc). \u00cenaintarea \u00een v\u00e2rst\u0103 aduce provoc\u0103ri tenului, \u00eens\u0103 Farmec Crema Antirid cu Ulei de Argan este o surs\u0103 de principii active care corecteaz\u0103 liniile fine, ridurile \u0219i neregularit\u0103\u021bile pielii uscate a fe\u021bei.<\/p>\n<p>Aceast\u0103 crem\u0103 antirid, destinat\u0103 \u00eengrijirii pielii fe\u0163ei \u015fi g\u00e2tului, contribuie la diminuarea \u0219i prevenirea apari\u021biei ridurilor datorit\u0103 principiilor active ce ac\u021bioneaz\u0103 pentru hr\u0103nirea, emolierea \u0219i restructurarea tenului uscat.<br \/>\nIngredientele active \u0219i rolul lor: Uleiul de Argan &#8211; resurs\u0103 natural\u0103 valoroas\u0103, bogat\u0103 \u00een vitamine \u0219i acizi gra\u0219i esen\u021biali, are propriet\u0103\u021bi hidratante, emoliente, nutritive \u0219i antiinflamatoare. Contribuie la estomparea ridurilor, confer\u0103 elasticitate pielii. Uleiul de argan este unul dintre cele mai bine p\u0103strate secrete cosmetice ale femeilor marocane. Este numit \u201dlichidul de aur\u201c de c\u0103tre exper\u021bii \u00een frumuse\u021be datorit\u0103 efectelor pozitive pe care acesta le are \u00een \u00eentre\u021binerea, frumuse\u021bea \u0219i s\u0103n\u0103tatea pielii \u0219i p\u0103rului.<br \/>\nVitamina E \u2013 un antioxidant natural eficient, asigur\u0103 protec\u021bia fibrelor de colagen \u0219i elastin\u0103 din piele, previne procesele oxidative, \u00eembun\u0103t\u0103\u021be\u0219te textura pielii<br \/>\nComplexul mineral MgCuZn \u2013 s\u0103ruri minerale cu ac\u021biune energizant\u0103, de dinamizare a metabolismului celular, \u00eembun\u0103t\u0103\u021be\u0219te tonusul facial.<\/p>","protected":false},"excerpt":{"rendered":"<p>Mod de utilizare: Se aplic\u0103 diminea\u021ba \u0219i\/sau seara, dup\u0103 demachiere. Pielea devine mai neted\u0103, mai catifelat\u0103.. Descriere: Tenul uscat are nevoie de aport zilnic de substan\u021be nutritive, restructurante \u0219i regenerante \u00een scopul diminu\u0103rii semnelor de \u00eemb\u0103tr\u00e2nire accelerat\u0103 (riduri, ten uscat, tonus facial sc\u0103zut etc). \u00cenaintarea \u00een v\u00e2rst\u0103 aduce provoc\u0103ri tenului, \u00eens\u0103 Farmec Crema Antirid cu [&hellip;]<\/p>\n","protected":false},"featured_media":8618,"comment_status":"open","ping_status":"closed","template":"","meta":{"_themeisle_gutenberg_block_has_review":false},"product_brand":[],"product_cat":[21,75,72],"product_tag":[],"class_list":{"0":"post-8615","1":"product","2":"type-product","3":"status-publish","4":"has-post-thumbnail","6":"product_cat-ingrijire","7":"product_cat-hidratare","8":"product_cat-ingrijire-fata","9":"product_shipping_class-small-package","10":"entry","11":"has-media","13":"first","14":"onbackorder","15":"taxable","16":"shipping-taxable","17":"purchasable","18":"product-type-simple","19":"col","20":"span_1_of_3","21":"wvn-content-left","22":"wvn-thumbs-layout-horizontal","23":"wvn-btn-normal","24":"wvn-tabs-layout-horizontal","25":"has-no-thumbnails"},"jetpack_sharing_enabled":true,"_links":{"self":[{"href":"https:\/\/noacosmetics.ro\/en\/wp-json\/wp\/v2\/product\/8615","targetHints":{"allow":["GET"]}}],"collection":[{"href":"https:\/\/noacosmetics.ro\/en\/wp-json\/wp\/v2\/product"}],"about":[{"href":"https:\/\/noacosmetics.ro\/en\/wp-json\/wp\/v2\/types\/product"}],"replies":[{"embeddable":true,"href":"https:\/\/noacosmetics.ro\/en\/wp-json\/wp\/v2\/comments?post=8615"}],"wp:featuredmedia":[{"embeddable":true,"href":"https:\/\/noacosmetics.ro\/en\/wp-json\/wp\/v2\/media\/8618"}],"wp:attachment":[{"href":"https:\/\/noacosmetics.ro\/en\/wp-json\/wp\/v2\/media?parent=8615"}],"wp:term":[{"taxonomy":"product_brand","embeddable":true,"href":"https:\/\/noacosmetics.ro\/en\/wp-json\/wp\/v2\/product_brand?post=8615"},{"taxonomy":"product_cat","embeddable":true,"href":"https:\/\/noacosmetics.ro\/en\/wp-json\/wp\/v2\/product_cat?post=8615"},{"taxonomy":"product_tag","embeddable":true,"href":"https:\/\/noacosmetics.ro\/en\/wp-json\/wp\/v2\/product_tag?post=8615"}],"curies":[{"name":"wp","href":"https:\/\/api.w.org\/{rel}","templated":true}]}}