{"id":8617,"date":"2024-03-30T12:51:24","date_gmt":"2024-03-30T12:51:24","guid":{"rendered":"https:\/\/noacosmetics.ro\/?post_type=product&#038;p=8617"},"modified":"2024-04-26T11:42:05","modified_gmt":"2024-04-26T11:42:05","slug":"loreal-elseve-balsam-hyaluron-pure-200ml","status":"publish","type":"product","link":"https:\/\/noacosmetics.ro\/en\/product\/loreal-elseve-balsam-hyaluron-pure-200ml\/","title":{"rendered":"L&#8217;Oreal Elseve Balsam Hyaluron Pure 200ml"},"content":{"rendered":"<h4>Mod de utilizare:<\/h4>\n<p>Aplica\u021bi pe p\u0103rul umed insist\u00e2nd pe lungimi \u0219i v\u00e2rfuri. L\u0103sa\u021bi s\u0103 ac\u021bioneze timp de 1 minut, apoi cl\u0103ti\u021bi. \u00cen cazul contactului cu ochii, cl\u0103ti\u021bi imediat cu ap\u0103 din abunden\u021b\u0103.<\/p>\n<h4>Descriere:<\/h4>\n<p>Balsamul Elseve Hyaluron Pure hidrateaz\u0103 lungimile \u0219i v\u00e2rfurile uscate timp de 72H, f\u0103r\u0103 s\u0103 \u00eencarce. P\u0103rul este mai hidratat, str\u0103lucitor \u0219i s\u0103n\u0103tos.<\/p>","protected":false},"excerpt":{"rendered":"<p>Mod de utilizare: Aplica\u021bi pe p\u0103rul umed insist\u00e2nd pe lungimi \u0219i v\u00e2rfuri. L\u0103sa\u021bi s\u0103 ac\u021bioneze timp de 1 minut, apoi cl\u0103ti\u021bi. \u00cen cazul contactului cu ochii, cl\u0103ti\u021bi imediat cu ap\u0103 din abunden\u021b\u0103. Descriere: Balsamul Elseve Hyaluron Pure hidrateaz\u0103 lungimile \u0219i v\u00e2rfurile uscate timp de 72H, f\u0103r\u0103 s\u0103 \u00eencarce. P\u0103rul este mai hidratat, str\u0103lucitor \u0219i s\u0103n\u0103tos.<\/p>","protected":false},"featured_media":9379,"comment_status":"open","ping_status":"closed","template":"","meta":{"_themeisle_gutenberg_block_has_review":false},"product_brand":[],"product_cat":[21,85,83],"product_tag":[],"class_list":{"0":"post-8617","1":"product","2":"type-product","3":"status-publish","4":"has-post-thumbnail","6":"product_cat-ingrijire","7":"product_cat-balsam-par","8":"product_cat-ingrijire-par","9":"product_shipping_class-small-package","10":"entry","11":"has-media","13":"first","14":"onbackorder","15":"taxable","16":"shipping-taxable","17":"purchasable","18":"product-type-simple","19":"col","20":"span_1_of_3","21":"wvn-content-left","22":"wvn-thumbs-layout-horizontal","23":"wvn-btn-normal","24":"wvn-tabs-layout-horizontal","25":"has-no-thumbnails"},"jetpack_sharing_enabled":true,"_links":{"self":[{"href":"https:\/\/noacosmetics.ro\/en\/wp-json\/wp\/v2\/product\/8617","targetHints":{"allow":["GET"]}}],"collection":[{"href":"https:\/\/noacosmetics.ro\/en\/wp-json\/wp\/v2\/product"}],"about":[{"href":"https:\/\/noacosmetics.ro\/en\/wp-json\/wp\/v2\/types\/product"}],"replies":[{"embeddable":true,"href":"https:\/\/noacosmetics.ro\/en\/wp-json\/wp\/v2\/comments?post=8617"}],"wp:featuredmedia":[{"embeddable":true,"href":"https:\/\/noacosmetics.ro\/en\/wp-json\/wp\/v2\/media\/9379"}],"wp:attachment":[{"href":"https:\/\/noacosmetics.ro\/en\/wp-json\/wp\/v2\/media?parent=8617"}],"wp:term":[{"taxonomy":"product_brand","embeddable":true,"href":"https:\/\/noacosmetics.ro\/en\/wp-json\/wp\/v2\/product_brand?post=8617"},{"taxonomy":"product_cat","embeddable":true,"href":"https:\/\/noacosmetics.ro\/en\/wp-json\/wp\/v2\/product_cat?post=8617"},{"taxonomy":"product_tag","embeddable":true,"href":"https:\/\/noacosmetics.ro\/en\/wp-json\/wp\/v2\/product_tag?post=8617"}],"curies":[{"name":"wp","href":"https:\/\/api.w.org\/{rel}","templated":true}]}}