{"id":8630,"date":"2024-03-30T13:09:26","date_gmt":"2024-03-30T13:09:26","guid":{"rendered":"https:\/\/noacosmetics.ro\/?post_type=product&#038;p=8630"},"modified":"2026-03-30T07:33:15","modified_gmt":"2026-03-30T07:33:15","slug":"doina-crema-vitaminizata-75ml","status":"publish","type":"product","link":"https:\/\/noacosmetics.ro\/en\/product\/doina-crema-vitaminizata-75ml\/","title":{"rendered":"Doina Crema Vitaminizata 75ml"},"content":{"rendered":"<h4>Mod de utilizare:<\/h4>\n<p>Crema se aplic\u0103 zilnic, diminea\u0163a \u015fi\/sau seara, acas\u0103 sau \u00een c\u0103l\u0103torie, put\u00e2nd fi folosit\u0103 pentru \u00eengrijirea fe\u0163ei, m\u00e2inilor, corpului, ori de c\u00e2te ori este necesar. Se \u00eentinde \u00een strat sub\u0163ire pe piele \u015fi se maseaz\u0103 u\u015for p\u00e2n\u0103 la completa absorb\u0163ie<\/p>\n<h4>Descriere:<\/h4>\n<p>La fel ca \u0219i celelalte produse din gam\u0103, \u00eendr\u0103gite de genera\u021bii de femei, mezina familiei a fost special conceput\u0103 pentru a hidrata \u0219i a hr\u0103ni pielea fe\u021bei \u0219i a corpului, red\u00e2ndu-i propriet\u0103\u021bile naturale: elasticitatea, suple\u021bea \u0219i str\u0103lucirea.<\/p>\n<p>Pentru p\u0103strarea integrit\u0103\u0163ii func\u0163ionale \u015fi structurale a pielii, pentru neutralizarea ac\u0163iunii radicalice \u015fi protejarea fibrelor de colagen \u015fi elastin\u0103, sunt necesare creme care asigur\u0103 pielii cantitatea optim\u0103 de ap\u0103 \u015fi substan\u0163e emoliente, cu efecte tonifiante \u015fi regenerante asupra pielii.Pentru toate tipurile de ten. Prin formularea sa echilibrat\u0103, cu un con\u0163inut apreciabil de glicerin\u0103, ulei mineral, ceruri naturale \u015fi sintetice, Doina \u2013 Crem\u0103 nutritiv\u0103 vitaminizant\u0103 furnizeaz\u0103 pielii cantitatea optim\u0103 de substan\u0163e hidratante \u015fi emoliente, reface filmul hidro lipidic protector de la suprafa\u0163a pielii, asigur\u00e2nd o protec\u0163ie eficient\u0103 \u00eempotriva substan\u0163elor agresive, v\u00e2ntului, temperaturilor sc\u0103zute, polu\u0103rii etc.<br \/>\nCon\u0163inutul de vitamin\u0103 E previne procesele oxidative \u015fi contribuie la regenerarea pielii.<\/p>","protected":false},"excerpt":{"rendered":"<p>Mod de utilizare: Crema se aplic\u0103 zilnic, diminea\u0163a \u015fi\/sau seara, acas\u0103 sau \u00een c\u0103l\u0103torie, put\u00e2nd fi folosit\u0103 pentru \u00eengrijirea fe\u0163ei, m\u00e2inilor, corpului, ori de c\u00e2te ori este necesar. Se \u00eentinde \u00een strat sub\u0163ire pe piele \u015fi se maseaz\u0103 u\u015for p\u00e2n\u0103 la completa absorb\u0163ie Descriere: La fel ca \u0219i celelalte produse din gam\u0103, \u00eendr\u0103gite de genera\u021bii [&hellip;]<\/p>\n","protected":false},"featured_media":9397,"comment_status":"open","ping_status":"closed","template":"","meta":{"_themeisle_gutenberg_block_has_review":false},"product_brand":[],"product_cat":[21,75,72],"product_tag":[],"class_list":{"0":"post-8630","1":"product","2":"type-product","3":"status-publish","4":"has-post-thumbnail","6":"product_cat-ingrijire","7":"product_cat-hidratare","8":"product_cat-ingrijire-fata","9":"product_shipping_class-small-package","10":"entry","11":"has-media","13":"first","14":"onbackorder","15":"taxable","16":"shipping-taxable","17":"purchasable","18":"product-type-simple","19":"col","20":"span_1_of_3","21":"wvn-content-left","22":"wvn-thumbs-layout-horizontal","23":"wvn-btn-normal","24":"wvn-tabs-layout-horizontal","25":"has-no-thumbnails"},"jetpack_sharing_enabled":true,"_links":{"self":[{"href":"https:\/\/noacosmetics.ro\/en\/wp-json\/wp\/v2\/product\/8630","targetHints":{"allow":["GET"]}}],"collection":[{"href":"https:\/\/noacosmetics.ro\/en\/wp-json\/wp\/v2\/product"}],"about":[{"href":"https:\/\/noacosmetics.ro\/en\/wp-json\/wp\/v2\/types\/product"}],"replies":[{"embeddable":true,"href":"https:\/\/noacosmetics.ro\/en\/wp-json\/wp\/v2\/comments?post=8630"}],"wp:featuredmedia":[{"embeddable":true,"href":"https:\/\/noacosmetics.ro\/en\/wp-json\/wp\/v2\/media\/9397"}],"wp:attachment":[{"href":"https:\/\/noacosmetics.ro\/en\/wp-json\/wp\/v2\/media?parent=8630"}],"wp:term":[{"taxonomy":"product_brand","embeddable":true,"href":"https:\/\/noacosmetics.ro\/en\/wp-json\/wp\/v2\/product_brand?post=8630"},{"taxonomy":"product_cat","embeddable":true,"href":"https:\/\/noacosmetics.ro\/en\/wp-json\/wp\/v2\/product_cat?post=8630"},{"taxonomy":"product_tag","embeddable":true,"href":"https:\/\/noacosmetics.ro\/en\/wp-json\/wp\/v2\/product_tag?post=8630"}],"curies":[{"name":"wp","href":"https:\/\/api.w.org\/{rel}","templated":true}]}}