{"id":8644,"date":"2024-03-30T13:21:00","date_gmt":"2024-03-30T13:21:00","guid":{"rendered":"https:\/\/noacosmetics.ro\/?post_type=product&#038;p=8644"},"modified":"2024-04-08T10:09:27","modified_gmt":"2024-04-08T10:09:27","slug":"farmec-lapte-demachiant-ulei-argan-150ml","status":"publish","type":"product","link":"https:\/\/noacosmetics.ro\/en\/product\/farmec-lapte-demachiant-ulei-argan-150ml\/","title":{"rendered":"Farmec Lapte Demachiant Ulei Argan 150ml"},"content":{"rendered":"<h4>Mod de utilizare:<\/h4>\n<h4>Aplica\u021bi pe discheta demachiant\u0103 \u0219i apoi, prin mi\u0219c\u0103ri u\u0219oare, demachia\u021bi fa\u021ba, ochii \u0219i buzele.<\/h4>\n<h4>Descriere:<\/h4>\n<p>Farmec Lapte Demachiant cu Ulei de Argan \u00eendep\u0103rteaz\u0103 cu u\u0219urin\u021b\u0103 machiajul rezistent.Ingredientele active \u0219i rolul lor<\/p>\n<p>Uleiul de Argan contribuie la emolierea, regenerarea \u0219i calmarea pielii sensibile din jurul ochilor<br \/>\nComplexul mineral MgCuZn \u2013 energizeaz\u0103 activitatea celular\u0103, protejeaz\u0103 fibrele de colagen din piele<br \/>\nVitamina A contribuie la restaurarea barierei hidro-lipidice protectoare a pielii<\/p>","protected":false},"excerpt":{"rendered":"<p>Mod de utilizare: Aplica\u021bi pe discheta demachiant\u0103 \u0219i apoi, prin mi\u0219c\u0103ri u\u0219oare, demachia\u021bi fa\u021ba, ochii \u0219i buzele. Descriere: Farmec Lapte Demachiant cu Ulei de Argan \u00eendep\u0103rteaz\u0103 cu u\u0219urin\u021b\u0103 machiajul rezistent.Ingredientele active \u0219i rolul lor Uleiul de Argan contribuie la emolierea, regenerarea \u0219i calmarea pielii sensibile din jurul ochilor Complexul mineral MgCuZn \u2013 energizeaz\u0103 activitatea celular\u0103, [&hellip;]<\/p>\n","protected":false},"featured_media":8645,"comment_status":"open","ping_status":"closed","template":"","meta":{"_themeisle_gutenberg_block_has_review":false},"product_brand":[],"product_cat":[21,74,72],"product_tag":[],"class_list":{"0":"post-8644","1":"product","2":"type-product","3":"status-publish","4":"has-post-thumbnail","6":"product_cat-ingrijire","7":"product_cat-curatare-fata","8":"product_cat-ingrijire-fata","9":"entry","10":"has-media","12":"first","13":"onbackorder","14":"taxable","15":"shipping-taxable","16":"purchasable","17":"product-type-simple","18":"col","19":"span_1_of_3","20":"wvn-content-left","21":"wvn-thumbs-layout-horizontal","22":"wvn-btn-normal","23":"wvn-tabs-layout-horizontal","24":"has-no-thumbnails"},"jetpack_sharing_enabled":true,"_links":{"self":[{"href":"https:\/\/noacosmetics.ro\/en\/wp-json\/wp\/v2\/product\/8644","targetHints":{"allow":["GET"]}}],"collection":[{"href":"https:\/\/noacosmetics.ro\/en\/wp-json\/wp\/v2\/product"}],"about":[{"href":"https:\/\/noacosmetics.ro\/en\/wp-json\/wp\/v2\/types\/product"}],"replies":[{"embeddable":true,"href":"https:\/\/noacosmetics.ro\/en\/wp-json\/wp\/v2\/comments?post=8644"}],"wp:featuredmedia":[{"embeddable":true,"href":"https:\/\/noacosmetics.ro\/en\/wp-json\/wp\/v2\/media\/8645"}],"wp:attachment":[{"href":"https:\/\/noacosmetics.ro\/en\/wp-json\/wp\/v2\/media?parent=8644"}],"wp:term":[{"taxonomy":"product_brand","embeddable":true,"href":"https:\/\/noacosmetics.ro\/en\/wp-json\/wp\/v2\/product_brand?post=8644"},{"taxonomy":"product_cat","embeddable":true,"href":"https:\/\/noacosmetics.ro\/en\/wp-json\/wp\/v2\/product_cat?post=8644"},{"taxonomy":"product_tag","embeddable":true,"href":"https:\/\/noacosmetics.ro\/en\/wp-json\/wp\/v2\/product_tag?post=8644"}],"curies":[{"name":"wp","href":"https:\/\/api.w.org\/{rel}","templated":true}]}}