{"id":8648,"date":"2024-03-30T13:25:17","date_gmt":"2024-03-30T13:25:17","guid":{"rendered":"https:\/\/noacosmetics.ro\/?post_type=product&#038;p=8648"},"modified":"2024-04-26T11:39:33","modified_gmt":"2024-04-26T11:39:33","slug":"farmec-tonic-micelar-aloe-vera-150ml","status":"publish","type":"product","link":"https:\/\/noacosmetics.ro\/en\/product\/farmec-tonic-micelar-aloe-vera-150ml\/","title":{"rendered":"Farmec Tonic Micelar Aloe Vera 150ml"},"content":{"rendered":"<h4>Mod de utilizare:<\/h4>\n<p>Se aplic\u0103 pe pielea fe\u021bei, g\u00e2tului \u0219i decolteului, dup\u0103 demachiere. Poate fi folosit \u0219i dup\u0103 aplicarea m\u0103\u0219tilor cosmetice, exfoliantelor, pentru re\u00eemprosp\u0103tarea tenului.<\/p>\n<h4>Descriere:<\/h4>\n<p>Formul\u0103 f\u0103r\u0103 alcool, potrivit\u0103 tuturor tipurilor de ten, completeaz\u0103 rutina de cur\u0103\u021bare a tenului, contribuind la restabilirea pH-ului natural al pielii, la energizarea, revitalizarea tenului.Ingredientele active \u0219i rolul lor<\/p>\n<p>Extractul de Aloe Vera reface \u0219i men\u021bine nivelul optim de hidratare la nivelul epidermei<br \/>\nVitamina B3 &#8211; niacinamid\u0103 cu rol de \u00eent\u0103rire a barierei de protec\u021bie a pielii, previne deshidratarea, reface tonusul \u0219i elasticitatea pielii<br \/>\nComplexul mineral MgCuZn \u2013 s\u0103ruri minerale cu ac\u021biune energizant\u0103, de dinamizare a metabolismului celular, \u00eembun\u0103t\u0103\u021be\u0219te tonusul facial.<\/p>","protected":false},"excerpt":{"rendered":"<p>Mod de utilizare: Se aplic\u0103 pe pielea fe\u021bei, g\u00e2tului \u0219i decolteului, dup\u0103 demachiere. Poate fi folosit \u0219i dup\u0103 aplicarea m\u0103\u0219tilor cosmetice, exfoliantelor, pentru re\u00eemprosp\u0103tarea tenului. Descriere: Formul\u0103 f\u0103r\u0103 alcool, potrivit\u0103 tuturor tipurilor de ten, completeaz\u0103 rutina de cur\u0103\u021bare a tenului, contribuind la restabilirea pH-ului natural al pielii, la energizarea, revitalizarea tenului.Ingredientele active \u0219i rolul lor [&hellip;]<\/p>\n","protected":false},"featured_media":8649,"comment_status":"open","ping_status":"closed","template":"","meta":{"_themeisle_gutenberg_block_has_review":false},"product_brand":[],"product_cat":[21,74,72],"product_tag":[],"class_list":{"0":"post-8648","1":"product","2":"type-product","3":"status-publish","4":"has-post-thumbnail","6":"product_cat-ingrijire","7":"product_cat-curatare-fata","8":"product_cat-ingrijire-fata","9":"product_shipping_class-small-package","10":"entry","11":"has-media","13":"first","14":"onbackorder","15":"taxable","16":"shipping-taxable","17":"purchasable","18":"product-type-simple","19":"col","20":"span_1_of_3","21":"wvn-content-left","22":"wvn-thumbs-layout-horizontal","23":"wvn-btn-normal","24":"wvn-tabs-layout-horizontal","25":"has-no-thumbnails"},"jetpack_sharing_enabled":true,"_links":{"self":[{"href":"https:\/\/noacosmetics.ro\/en\/wp-json\/wp\/v2\/product\/8648","targetHints":{"allow":["GET"]}}],"collection":[{"href":"https:\/\/noacosmetics.ro\/en\/wp-json\/wp\/v2\/product"}],"about":[{"href":"https:\/\/noacosmetics.ro\/en\/wp-json\/wp\/v2\/types\/product"}],"replies":[{"embeddable":true,"href":"https:\/\/noacosmetics.ro\/en\/wp-json\/wp\/v2\/comments?post=8648"}],"wp:featuredmedia":[{"embeddable":true,"href":"https:\/\/noacosmetics.ro\/en\/wp-json\/wp\/v2\/media\/8649"}],"wp:attachment":[{"href":"https:\/\/noacosmetics.ro\/en\/wp-json\/wp\/v2\/media?parent=8648"}],"wp:term":[{"taxonomy":"product_brand","embeddable":true,"href":"https:\/\/noacosmetics.ro\/en\/wp-json\/wp\/v2\/product_brand?post=8648"},{"taxonomy":"product_cat","embeddable":true,"href":"https:\/\/noacosmetics.ro\/en\/wp-json\/wp\/v2\/product_cat?post=8648"},{"taxonomy":"product_tag","embeddable":true,"href":"https:\/\/noacosmetics.ro\/en\/wp-json\/wp\/v2\/product_tag?post=8648"}],"curies":[{"name":"wp","href":"https:\/\/api.w.org\/{rel}","templated":true}]}}