{"id":8650,"date":"2024-03-30T13:27:16","date_gmt":"2024-03-30T13:27:16","guid":{"rendered":"https:\/\/noacosmetics.ro\/?post_type=product&#038;p=8650"},"modified":"2024-04-26T11:39:21","modified_gmt":"2024-04-26T11:39:21","slug":"farmec-demachiant-ochi-si-buze-ulei-de-argan-150ml","status":"publish","type":"product","link":"https:\/\/noacosmetics.ro\/en\/product\/farmec-demachiant-ochi-si-buze-ulei-de-argan-150ml\/","title":{"rendered":"Farmec Demachiant Ochi si Buze Ulei de argan 150ml"},"content":{"rendered":"<h4>Mod de utilizare:<\/h4>\n<p>Agita\u021bi \u00eenainte de folosire \u0219i aplica\u021bi pe o dischet\u0103 demachiant\u0103. Cu mi\u0219c\u0103ri dinspre interior spre exterior, \u00eendep\u0103rta\u021bi machiajul ochilor \u0219i buzelor.<\/p>\n<h4>Descriere:<\/h4>\n<p>Demachianul pentru ochi \u0219i buze Farmec are o formul\u0103 bifazic\u0103 ce asigur\u0103 \u00eendep\u0103rtarea rapid\u0103 \u0219i u\u0219oar\u0103 a machiajului, chiar \u0219i a celui rezistent la ap\u0103.Pentru toate tipurile de ten.Ingredientele active \u0219i rolul lor<\/p>\n<p>Uleiul de Argan reface stratul hidrolipidic al pielii (sensibile din jurul ochilor)<br \/>\nComplexul mineral MgCuZn \u2013 energizeaz\u0103 activitatea celular\u0103, protejeaz\u0103 fibrele de colagen din piele<br \/>\nProvitamina B5 \u2013 sus\u021bine procesele de regenerare ale \u021besutului cutanat.<\/p>","protected":false},"excerpt":{"rendered":"<p>Mod de utilizare: Agita\u021bi \u00eenainte de folosire \u0219i aplica\u021bi pe o dischet\u0103 demachiant\u0103. Cu mi\u0219c\u0103ri dinspre interior spre exterior, \u00eendep\u0103rta\u021bi machiajul ochilor \u0219i buzelor. Descriere: Demachianul pentru ochi \u0219i buze Farmec are o formul\u0103 bifazic\u0103 ce asigur\u0103 \u00eendep\u0103rtarea rapid\u0103 \u0219i u\u0219oar\u0103 a machiajului, chiar \u0219i a celui rezistent la ap\u0103.Pentru toate tipurile de ten.Ingredientele active [&hellip;]<\/p>\n","protected":false},"featured_media":8651,"comment_status":"open","ping_status":"closed","template":"","meta":{"_themeisle_gutenberg_block_has_review":false},"product_brand":[],"product_cat":[21,74,72],"product_tag":[],"class_list":{"0":"post-8650","1":"product","2":"type-product","3":"status-publish","4":"has-post-thumbnail","6":"product_cat-ingrijire","7":"product_cat-curatare-fata","8":"product_cat-ingrijire-fata","9":"product_shipping_class-small-package","10":"entry","11":"has-media","13":"first","14":"onbackorder","15":"taxable","16":"shipping-taxable","17":"purchasable","18":"product-type-simple","19":"col","20":"span_1_of_3","21":"wvn-content-left","22":"wvn-thumbs-layout-horizontal","23":"wvn-btn-normal","24":"wvn-tabs-layout-horizontal","25":"has-no-thumbnails"},"jetpack_sharing_enabled":true,"_links":{"self":[{"href":"https:\/\/noacosmetics.ro\/en\/wp-json\/wp\/v2\/product\/8650","targetHints":{"allow":["GET"]}}],"collection":[{"href":"https:\/\/noacosmetics.ro\/en\/wp-json\/wp\/v2\/product"}],"about":[{"href":"https:\/\/noacosmetics.ro\/en\/wp-json\/wp\/v2\/types\/product"}],"replies":[{"embeddable":true,"href":"https:\/\/noacosmetics.ro\/en\/wp-json\/wp\/v2\/comments?post=8650"}],"wp:featuredmedia":[{"embeddable":true,"href":"https:\/\/noacosmetics.ro\/en\/wp-json\/wp\/v2\/media\/8651"}],"wp:attachment":[{"href":"https:\/\/noacosmetics.ro\/en\/wp-json\/wp\/v2\/media?parent=8650"}],"wp:term":[{"taxonomy":"product_brand","embeddable":true,"href":"https:\/\/noacosmetics.ro\/en\/wp-json\/wp\/v2\/product_brand?post=8650"},{"taxonomy":"product_cat","embeddable":true,"href":"https:\/\/noacosmetics.ro\/en\/wp-json\/wp\/v2\/product_cat?post=8650"},{"taxonomy":"product_tag","embeddable":true,"href":"https:\/\/noacosmetics.ro\/en\/wp-json\/wp\/v2\/product_tag?post=8650"}],"curies":[{"name":"wp","href":"https:\/\/api.w.org\/{rel}","templated":true}]}}