{"id":8655,"date":"2024-03-30T13:32:44","date_gmt":"2024-03-30T13:32:44","guid":{"rendered":"https:\/\/noacosmetics.ro\/?post_type=product&#038;p=8655"},"modified":"2024-04-26T11:38:46","modified_gmt":"2024-04-26T11:38:46","slug":"doina-lapte-cu-ulei-de-galbenele-200ml","status":"publish","type":"product","link":"https:\/\/noacosmetics.ro\/en\/product\/doina-lapte-cu-ulei-de-galbenele-200ml\/","title":{"rendered":"Doina Lapte cu Ulei de Galbenele 200ml"},"content":{"rendered":"<h4>Mod de utilizare:<\/h4>\n<p>Se folose\u0219te pentru demachierea \u0219i cur\u0103\u021barea tenului sau ca produs de \u00eentre\u021binere corporal\u0103. Pentru demachiere, aplica\u021bi pe fa\u021b\u0103, g\u00e2t \u0219i decolteu, masa\u021bi u\u0219or, apoi \u00eendep\u0103rta\u021bi cu ajutorul unui disc cosmetic. Pentru \u00eengrijire corporal\u0103, repartiza\u021bi uniform pe suprafa\u021ba pielii \u0219i masa\u021bi p\u00e2n\u0103 la absorb\u021bia complet\u0103<\/p>\n<h4>Descriere:<\/h4>\n<p>Laptele este destinat \u00eendep\u0103rt\u0103rii cu delicate\u021be a produselor de machiaj \u0219i impurit\u0103\u021bilor de pe suprafa\u021ba pielii, put\u00e2nd fi folosit \u00een acela\u0219i timp \u0219i ca produs de \u00eengrijire corporal\u0103. Ingredientele active \u0219i rolul lor<\/p>\n<p>Uleiul de g\u0103lbenele este un ingredient care se bucur\u0103 de o mare notorietate, fiind cunoscut \u00eenc\u0103 din antichitate pentru beneficiile sale, av\u00e2nd propriet\u0103\u021bi calmante, epitelizante \u0219i antiinflamatoare.<\/p>","protected":false},"excerpt":{"rendered":"<p>Mod de utilizare: Se folose\u0219te pentru demachierea \u0219i cur\u0103\u021barea tenului sau ca produs de \u00eentre\u021binere corporal\u0103. Pentru demachiere, aplica\u021bi pe fa\u021b\u0103, g\u00e2t \u0219i decolteu, masa\u021bi u\u0219or, apoi \u00eendep\u0103rta\u021bi cu ajutorul unui disc cosmetic. Pentru \u00eengrijire corporal\u0103, repartiza\u021bi uniform pe suprafa\u021ba pielii \u0219i masa\u021bi p\u00e2n\u0103 la absorb\u021bia complet\u0103 Descriere: Laptele este destinat \u00eendep\u0103rt\u0103rii cu delicate\u021be a [&hellip;]<\/p>\n","protected":false},"featured_media":8658,"comment_status":"open","ping_status":"closed","template":"","meta":{"_themeisle_gutenberg_block_has_review":false},"product_brand":[],"product_cat":[21,74,72],"product_tag":[],"class_list":{"0":"post-8655","1":"product","2":"type-product","3":"status-publish","4":"has-post-thumbnail","6":"product_cat-ingrijire","7":"product_cat-curatare-fata","8":"product_cat-ingrijire-fata","9":"product_shipping_class-small-package","10":"entry","11":"has-media","13":"first","14":"onbackorder","15":"taxable","16":"shipping-taxable","17":"purchasable","18":"product-type-simple","19":"col","20":"span_1_of_3","21":"wvn-content-left","22":"wvn-thumbs-layout-horizontal","23":"wvn-btn-normal","24":"wvn-tabs-layout-horizontal","25":"has-no-thumbnails"},"jetpack_sharing_enabled":true,"_links":{"self":[{"href":"https:\/\/noacosmetics.ro\/en\/wp-json\/wp\/v2\/product\/8655","targetHints":{"allow":["GET"]}}],"collection":[{"href":"https:\/\/noacosmetics.ro\/en\/wp-json\/wp\/v2\/product"}],"about":[{"href":"https:\/\/noacosmetics.ro\/en\/wp-json\/wp\/v2\/types\/product"}],"replies":[{"embeddable":true,"href":"https:\/\/noacosmetics.ro\/en\/wp-json\/wp\/v2\/comments?post=8655"}],"wp:featuredmedia":[{"embeddable":true,"href":"https:\/\/noacosmetics.ro\/en\/wp-json\/wp\/v2\/media\/8658"}],"wp:attachment":[{"href":"https:\/\/noacosmetics.ro\/en\/wp-json\/wp\/v2\/media?parent=8655"}],"wp:term":[{"taxonomy":"product_brand","embeddable":true,"href":"https:\/\/noacosmetics.ro\/en\/wp-json\/wp\/v2\/product_brand?post=8655"},{"taxonomy":"product_cat","embeddable":true,"href":"https:\/\/noacosmetics.ro\/en\/wp-json\/wp\/v2\/product_cat?post=8655"},{"taxonomy":"product_tag","embeddable":true,"href":"https:\/\/noacosmetics.ro\/en\/wp-json\/wp\/v2\/product_tag?post=8655"}],"curies":[{"name":"wp","href":"https:\/\/api.w.org\/{rel}","templated":true}]}}