{"id":8662,"date":"2024-03-30T13:41:35","date_gmt":"2024-03-30T13:41:35","guid":{"rendered":"https:\/\/noacosmetics.ro\/?post_type=product&#038;p=8662"},"modified":"2024-11-10T07:26:30","modified_gmt":"2024-11-10T07:26:30","slug":"farmec-gel-micelar-demachiant-100ml","status":"publish","type":"product","link":"https:\/\/noacosmetics.ro\/en\/product\/farmec-gel-micelar-demachiant-100ml\/","title":{"rendered":"Farmec Gel Micelar Demachiant 100ml"},"content":{"rendered":"<h4>Mod de utilizare:<\/h4>\n<p>Gelul poate fi folosit la sp\u0103larea pe fa\u021b\u0103, diminea\u021ba \u0219i\/sau seara. Se maseaz\u0103 u\u0219or pentru antrenarea impurit\u0103\u021bilor de la suprafa\u021ba pielii, iar apoi se limpeze\u0219te cu ap\u0103.<br \/>\nEficient \u00een \u00eendep\u0103rtarea machiajului de zi\/lejer, datorit\u0103 micelelor din compozi\u021bie, se aplic\u0103 direct pe discheta demachiant\u0103 \u0219i se \u0219terge machiajul fe\u021bei. Nu necesit\u0103 cl\u0103tire.<br \/>\nPentru limitarea gener\u0103rii de de\u0219euri (dischete de unic\u0103 folosin\u021b\u0103) se maseaz\u0103 gelul demachiant direct pe fa\u021b\u0103, iar apoi se cl\u0103te\u0219te cu ap\u0103. Micelele formate cur\u0103\u021b\u0103 delicat machiajul, sebumul, impurit\u0103\u021bile (praf, urme de poluare, etc).<\/p>\n<h4>Descriere:<\/h4>\n<p>Un produs extrem de versatil, ce se adapteaz\u0103 foarte u\u0219or nevoilor diferite de cur\u0103\u021bare a tuturor tipurilor de ten. Acest gel micelar demachiant poate fi folosit at\u00e2t pentru \u00eendep\u0103rtarea machiajului, c\u00e2t \u0219i a impurit\u0103\u021bilor, excesului de sebum de pe fa\u021b\u0103. Cocktailul de minerale esen\u021biale bioactive \u2013 MgCuZn are ac\u021biune crono-energizant\u0103.<br \/>\nExtractul de Aloe vera are o compozi\u021bie bogat\u0103 \u00een vitamine, minerale \u0219i zaharuri, ce ajut\u0103 la refacerea \u0219i men\u021binerea unui nivel optim de hidratare a pielii.<br \/>\nProvitamina B5 sus\u021bine procesele de regenerare ale epidermei.<\/p>","protected":false},"excerpt":{"rendered":"<p>Mod de utilizare: Gelul poate fi folosit la sp\u0103larea pe fa\u021b\u0103, diminea\u021ba \u0219i\/sau seara. Se maseaz\u0103 u\u0219or pentru antrenarea impurit\u0103\u021bilor de la suprafa\u021ba pielii, iar apoi se limpeze\u0219te cu ap\u0103. Eficient \u00een \u00eendep\u0103rtarea machiajului de zi\/lejer, datorit\u0103 micelelor din compozi\u021bie, se aplic\u0103 direct pe discheta demachiant\u0103 \u0219i se \u0219terge machiajul fe\u021bei. Nu necesit\u0103 cl\u0103tire. Pentru [&hellip;]<\/p>\n","protected":false},"featured_media":8663,"comment_status":"open","ping_status":"closed","template":"","meta":{"_themeisle_gutenberg_block_has_review":false},"product_brand":[],"product_cat":[21,74,72],"product_tag":[],"class_list":{"0":"post-8662","1":"product","2":"type-product","3":"status-publish","4":"has-post-thumbnail","6":"product_cat-ingrijire","7":"product_cat-curatare-fata","8":"product_cat-ingrijire-fata","9":"product_shipping_class-small-package","10":"entry","11":"has-media","13":"first","14":"onbackorder","15":"taxable","16":"shipping-taxable","17":"purchasable","18":"product-type-simple","19":"col","20":"span_1_of_3","21":"wvn-content-left","22":"wvn-thumbs-layout-horizontal","23":"wvn-btn-normal","24":"wvn-tabs-layout-horizontal","25":"has-no-thumbnails"},"jetpack_sharing_enabled":true,"_links":{"self":[{"href":"https:\/\/noacosmetics.ro\/en\/wp-json\/wp\/v2\/product\/8662","targetHints":{"allow":["GET"]}}],"collection":[{"href":"https:\/\/noacosmetics.ro\/en\/wp-json\/wp\/v2\/product"}],"about":[{"href":"https:\/\/noacosmetics.ro\/en\/wp-json\/wp\/v2\/types\/product"}],"replies":[{"embeddable":true,"href":"https:\/\/noacosmetics.ro\/en\/wp-json\/wp\/v2\/comments?post=8662"}],"wp:featuredmedia":[{"embeddable":true,"href":"https:\/\/noacosmetics.ro\/en\/wp-json\/wp\/v2\/media\/8663"}],"wp:attachment":[{"href":"https:\/\/noacosmetics.ro\/en\/wp-json\/wp\/v2\/media?parent=8662"}],"wp:term":[{"taxonomy":"product_brand","embeddable":true,"href":"https:\/\/noacosmetics.ro\/en\/wp-json\/wp\/v2\/product_brand?post=8662"},{"taxonomy":"product_cat","embeddable":true,"href":"https:\/\/noacosmetics.ro\/en\/wp-json\/wp\/v2\/product_cat?post=8662"},{"taxonomy":"product_tag","embeddable":true,"href":"https:\/\/noacosmetics.ro\/en\/wp-json\/wp\/v2\/product_tag?post=8662"}],"curies":[{"name":"wp","href":"https:\/\/api.w.org\/{rel}","templated":true}]}}