{"id":8730,"date":"2024-04-03T08:09:41","date_gmt":"2024-04-03T08:09:41","guid":{"rendered":"https:\/\/noacosmetics.ro\/?post_type=product&#038;p=8730"},"modified":"2024-04-26T11:36:24","modified_gmt":"2024-04-26T11:36:24","slug":"garnier-botanic-therapy-sampon-ricin-250ml","status":"publish","type":"product","link":"https:\/\/noacosmetics.ro\/en\/product\/garnier-botanic-therapy-sampon-ricin-250ml\/","title":{"rendered":"Garnier Botanic Therapy Sampon Ricin 250ml"},"content":{"rendered":"<h4>Mod de utilizare:<\/h4>\n<p>Aplica\u021bi pe p\u0103rul umed, masa\u021bi \u0219i apoi cl\u0103ti\u021bi. Pentru rezultate optime, folosi\u021bi \u00eentreag\u0103 gama Botanic Therapy Magnetic Charcoa l &amp; Black Seed Oil. Nu ingera\u021bi. Nu l\u0103sa\u021bi la \u00eendem\u0103na copiilor. \u00cen cazul contactului cu ochii, cl\u0103ti\u021bi imediat cu ap\u0103 din abunden\u021b\u0103 .<\/p>\n<h4>Descriere:<\/h4>\n<p>Garnier Botanic Therapy Ricinus Oil<br \/>\nTipuri de p\u0103r:toate tipurile de p\u0103r<br \/>\nEfect:stimuleaz\u0103 cre\u0219terea<br \/>\nTipul scalpului:toate tipurile de scalp<br \/>\n\u0218amponul fortifiant Garnier Botanic Therapy va revitaliza frumuse\u021bea natural\u0103 a p\u0103rului dvs. \u0219i \u00eel va fortifica. P\u0103rul devine mult mai puternic \u0219i, pe zi ce trece, va fi mai s\u0103n\u0103tos \u0219i mai frumos.<br \/>\nCaracteristici:<br \/>\n&#8211; regenereaz\u0103 for\u021ba cuticulelor p\u0103rului<br \/>\n&#8211; \u00eent\u0103re\u0219te p\u0103rul de la r\u0103d\u0103cini<br \/>\n&#8211; previne ruperea p\u0103rului<br \/>\n&#8211; cur\u0103\u021b\u0103 p\u0103rul, f\u0103r\u0103 s\u0103-l \u00eencarce<br \/>\nIngrediente:<br \/>\nulei de ricin \u2013 intr\u0103 \u00een cuticulele p\u0103rului \u0219i le fortific\u0103 din interior<br \/>\nulei de migdale &#8211; hr\u0103ne\u0219te p\u0103rul<br \/>\nGarnier Botanic Therapy Ricinus Oil sampon de \u00eent\u0103rire pentru p\u0103rul subtiat cu tendin\u021ba de a c\u0103dea.<\/p>","protected":false},"excerpt":{"rendered":"<p>Mod de utilizare: Aplica\u021bi pe p\u0103rul umed, masa\u021bi \u0219i apoi cl\u0103ti\u021bi. Pentru rezultate optime, folosi\u021bi \u00eentreag\u0103 gama Botanic Therapy Magnetic Charcoa l &amp; Black Seed Oil. Nu ingera\u021bi. Nu l\u0103sa\u021bi la \u00eendem\u0103na copiilor. \u00cen cazul contactului cu ochii, cl\u0103ti\u021bi imediat cu ap\u0103 din abunden\u021b\u0103 . Descriere: Garnier Botanic Therapy Ricinus Oil Tipuri de p\u0103r:toate tipurile [&hellip;]<\/p>\n","protected":false},"featured_media":8740,"comment_status":"open","ping_status":"closed","template":"","meta":{"_themeisle_gutenberg_block_has_review":false},"product_brand":[],"product_cat":[84,21,83],"product_tag":[],"class_list":{"0":"post-8730","1":"product","2":"type-product","3":"status-publish","4":"has-post-thumbnail","6":"product_cat-sampon","7":"product_cat-ingrijire","8":"product_cat-ingrijire-par","9":"product_shipping_class-small-package","10":"entry","11":"has-media","13":"first","14":"onbackorder","15":"taxable","16":"shipping-taxable","17":"purchasable","18":"product-type-simple","19":"col","20":"span_1_of_3","21":"wvn-content-left","22":"wvn-thumbs-layout-horizontal","23":"wvn-btn-normal","24":"wvn-tabs-layout-horizontal","25":"has-no-thumbnails"},"jetpack_sharing_enabled":true,"_links":{"self":[{"href":"https:\/\/noacosmetics.ro\/en\/wp-json\/wp\/v2\/product\/8730","targetHints":{"allow":["GET"]}}],"collection":[{"href":"https:\/\/noacosmetics.ro\/en\/wp-json\/wp\/v2\/product"}],"about":[{"href":"https:\/\/noacosmetics.ro\/en\/wp-json\/wp\/v2\/types\/product"}],"replies":[{"embeddable":true,"href":"https:\/\/noacosmetics.ro\/en\/wp-json\/wp\/v2\/comments?post=8730"}],"wp:featuredmedia":[{"embeddable":true,"href":"https:\/\/noacosmetics.ro\/en\/wp-json\/wp\/v2\/media\/8740"}],"wp:attachment":[{"href":"https:\/\/noacosmetics.ro\/en\/wp-json\/wp\/v2\/media?parent=8730"}],"wp:term":[{"taxonomy":"product_brand","embeddable":true,"href":"https:\/\/noacosmetics.ro\/en\/wp-json\/wp\/v2\/product_brand?post=8730"},{"taxonomy":"product_cat","embeddable":true,"href":"https:\/\/noacosmetics.ro\/en\/wp-json\/wp\/v2\/product_cat?post=8730"},{"taxonomy":"product_tag","embeddable":true,"href":"https:\/\/noacosmetics.ro\/en\/wp-json\/wp\/v2\/product_tag?post=8730"}],"curies":[{"name":"wp","href":"https:\/\/api.w.org\/{rel}","templated":true}]}}