{"id":8734,"date":"2024-04-03T08:18:00","date_gmt":"2024-04-03T08:18:00","guid":{"rendered":"https:\/\/noacosmetics.ro\/?post_type=product&#038;p=8734"},"modified":"2024-04-26T11:36:01","modified_gmt":"2024-04-26T11:36:01","slug":"garnier-botanic-therapy-sampon-miere-250ml","status":"publish","type":"product","link":"https:\/\/noacosmetics.ro\/en\/product\/garnier-botanic-therapy-sampon-miere-250ml\/","title":{"rendered":"Garnier Botanic Therapy Sampon Miere 250ml"},"content":{"rendered":"<h4>Mod de utilizare:<\/h4>\n<p>Aplica\u021bi pe p\u0103rul umed, masa\u021bi \u0219i apoi cl\u0103ti\u021bi. Pentru rezultate optime, folosi\u021bi \u00eentreag\u0103 gama Botanic Therapy Magnetic Charcoa l &amp; Black Seed Oil. Nu ingera\u021bi. Nu l\u0103sa\u021bi la \u00eendem\u0103na copiilor. \u00cen cazul contactului cu ochii, cl\u0103ti\u021bi imediat cu ap\u0103 din abunden\u021b\u0103 .<\/p>\n<h4>\nDescriere:<\/h4>\n<p>Garnier Botanic Therapy Honey &amp; Propolis \u0219ampon regenerator pentru par deteriorat. Acesta cur\u0103\u021b\u0103 perfect firele \u0219i scalpul de impurit\u0103\u021bi \u0219i sebum. Speciali\u0219tii de la Garnier au dezvoltat o formul\u0103 intens nutritiv\u0103 cu ingrediente apicole utile, care au fost testate \u00een timp \u0219i dau un efect de vindecare de 100%. Mierea \u0219i propolisul sunt surse de vitamine valoroase, aminoacizi, lipide \u0219i enzime. Datorit\u0103 efectului asupra scalpului, m\u0103trea\u021ba dispare \u0219i p\u0103rul devine suplu \u0219i str\u0103lucitor<\/p>","protected":false},"excerpt":{"rendered":"<p>Mod de utilizare: Aplica\u021bi pe p\u0103rul umed, masa\u021bi \u0219i apoi cl\u0103ti\u021bi. Pentru rezultate optime, folosi\u021bi \u00eentreag\u0103 gama Botanic Therapy Magnetic Charcoa l &amp; Black Seed Oil. Nu ingera\u021bi. Nu l\u0103sa\u021bi la \u00eendem\u0103na copiilor. \u00cen cazul contactului cu ochii, cl\u0103ti\u021bi imediat cu ap\u0103 din abunden\u021b\u0103 . Descriere: Garnier Botanic Therapy Honey &amp; Propolis \u0219ampon regenerator pentru [&hellip;]<\/p>\n","protected":false},"featured_media":8735,"comment_status":"open","ping_status":"closed","template":"","meta":{"_themeisle_gutenberg_block_has_review":false},"product_brand":[],"product_cat":[21,83,84],"product_tag":[],"class_list":{"0":"post-8734","1":"product","2":"type-product","3":"status-publish","4":"has-post-thumbnail","6":"product_cat-ingrijire","7":"product_cat-ingrijire-par","8":"product_cat-sampon","9":"product_shipping_class-small-package","10":"entry","11":"has-media","13":"first","14":"onbackorder","15":"taxable","16":"shipping-taxable","17":"purchasable","18":"product-type-simple","19":"col","20":"span_1_of_3","21":"wvn-content-left","22":"wvn-thumbs-layout-horizontal","23":"wvn-btn-normal","24":"wvn-tabs-layout-horizontal","25":"has-no-thumbnails"},"jetpack_sharing_enabled":true,"_links":{"self":[{"href":"https:\/\/noacosmetics.ro\/en\/wp-json\/wp\/v2\/product\/8734","targetHints":{"allow":["GET"]}}],"collection":[{"href":"https:\/\/noacosmetics.ro\/en\/wp-json\/wp\/v2\/product"}],"about":[{"href":"https:\/\/noacosmetics.ro\/en\/wp-json\/wp\/v2\/types\/product"}],"replies":[{"embeddable":true,"href":"https:\/\/noacosmetics.ro\/en\/wp-json\/wp\/v2\/comments?post=8734"}],"wp:featuredmedia":[{"embeddable":true,"href":"https:\/\/noacosmetics.ro\/en\/wp-json\/wp\/v2\/media\/8735"}],"wp:attachment":[{"href":"https:\/\/noacosmetics.ro\/en\/wp-json\/wp\/v2\/media?parent=8734"}],"wp:term":[{"taxonomy":"product_brand","embeddable":true,"href":"https:\/\/noacosmetics.ro\/en\/wp-json\/wp\/v2\/product_brand?post=8734"},{"taxonomy":"product_cat","embeddable":true,"href":"https:\/\/noacosmetics.ro\/en\/wp-json\/wp\/v2\/product_cat?post=8734"},{"taxonomy":"product_tag","embeddable":true,"href":"https:\/\/noacosmetics.ro\/en\/wp-json\/wp\/v2\/product_tag?post=8734"}],"curies":[{"name":"wp","href":"https:\/\/api.w.org\/{rel}","templated":true}]}}