{"id":8755,"date":"2024-04-03T08:46:49","date_gmt":"2024-04-03T08:46:49","guid":{"rendered":"https:\/\/noacosmetics.ro\/?post_type=product&#038;p=8755"},"modified":"2024-04-26T11:33:28","modified_gmt":"2024-04-26T11:33:28","slug":"tesori-doriente-gel-de-dus-karma-250ml","status":"publish","type":"product","link":"https:\/\/noacosmetics.ro\/en\/product\/tesori-doriente-gel-de-dus-karma-250ml\/","title":{"rendered":"Tesori D&#8217;Oriente.Gel de Dus Karma 250ml"},"content":{"rendered":"<h4>Mod de utilizare:<\/h4>\n<p>Doar pentru uz extern<\/p>\n<h4>\nDescriere:<\/h4>\n<p>Datorit\u0103 acordului energizant de l\u0103m\u00e2ie \u0219i bergamot\u0103, notelor florale vesele ale florii de Nashi \u0219i celor lini\u0219titoare ale lemnului de cedru, acest gel de du\u0219 parfumat cur\u0103\u021b\u0103 delicat pielea \u0219i ofer\u0103 energie corpului \u0219i min\u021bii. Parfumul s\u0103u a fost \u00eembog\u0103\u021bit cu un amestec de uleiuri esen\u021biale capabile s\u0103 ofere un sentiment pl\u0103cut de fericire \u0219i energie pozitiv\u0103.<\/p>","protected":false},"excerpt":{"rendered":"<p>Mod de utilizare: Doar pentru uz extern Descriere: Datorit\u0103 acordului energizant de l\u0103m\u00e2ie \u0219i bergamot\u0103, notelor florale vesele ale florii de Nashi \u0219i celor lini\u0219titoare ale lemnului de cedru, acest gel de du\u0219 parfumat cur\u0103\u021b\u0103 delicat pielea \u0219i ofer\u0103 energie corpului \u0219i min\u021bii. Parfumul s\u0103u a fost \u00eembog\u0103\u021bit cu un amestec de uleiuri esen\u021biale capabile [&hellip;]<\/p>\n","protected":false},"featured_media":8756,"comment_status":"open","ping_status":"closed","template":"","meta":{"_themeisle_gutenberg_block_has_review":false},"product_brand":[],"product_cat":[21,80,79],"product_tag":[],"class_list":{"0":"post-8755","1":"product","2":"type-product","3":"status-publish","4":"has-post-thumbnail","6":"product_cat-ingrijire","7":"product_cat-curatare","8":"product_cat-ingrijire-corp","9":"product_shipping_class-small-package","10":"entry","11":"has-media","13":"first","14":"onbackorder","15":"taxable","16":"shipping-taxable","17":"purchasable","18":"product-type-simple","19":"col","20":"span_1_of_3","21":"wvn-content-left","22":"wvn-thumbs-layout-horizontal","23":"wvn-btn-normal","24":"wvn-tabs-layout-horizontal","25":"has-no-thumbnails"},"jetpack_sharing_enabled":true,"_links":{"self":[{"href":"https:\/\/noacosmetics.ro\/en\/wp-json\/wp\/v2\/product\/8755","targetHints":{"allow":["GET"]}}],"collection":[{"href":"https:\/\/noacosmetics.ro\/en\/wp-json\/wp\/v2\/product"}],"about":[{"href":"https:\/\/noacosmetics.ro\/en\/wp-json\/wp\/v2\/types\/product"}],"replies":[{"embeddable":true,"href":"https:\/\/noacosmetics.ro\/en\/wp-json\/wp\/v2\/comments?post=8755"}],"wp:featuredmedia":[{"embeddable":true,"href":"https:\/\/noacosmetics.ro\/en\/wp-json\/wp\/v2\/media\/8756"}],"wp:attachment":[{"href":"https:\/\/noacosmetics.ro\/en\/wp-json\/wp\/v2\/media?parent=8755"}],"wp:term":[{"taxonomy":"product_brand","embeddable":true,"href":"https:\/\/noacosmetics.ro\/en\/wp-json\/wp\/v2\/product_brand?post=8755"},{"taxonomy":"product_cat","embeddable":true,"href":"https:\/\/noacosmetics.ro\/en\/wp-json\/wp\/v2\/product_cat?post=8755"},{"taxonomy":"product_tag","embeddable":true,"href":"https:\/\/noacosmetics.ro\/en\/wp-json\/wp\/v2\/product_tag?post=8755"}],"curies":[{"name":"wp","href":"https:\/\/api.w.org\/{rel}","templated":true}]}}