{"id":8778,"date":"2024-04-03T09:53:45","date_gmt":"2024-04-03T09:53:45","guid":{"rendered":"https:\/\/noacosmetics.ro\/?post_type=product&#038;p=8778"},"modified":"2024-04-26T11:30:51","modified_gmt":"2024-04-26T11:30:51","slug":"elmiplant-apa-micelara-skin-moisture-ten-uscat-sensibil-400ml","status":"publish","type":"product","link":"https:\/\/noacosmetics.ro\/en\/product\/elmiplant-apa-micelara-skin-moisture-ten-uscat-sensibil-400ml\/","title":{"rendered":"Elmiplant Apa Micelara Skin Moisture.Ten Uscat-Sensibil 400ml"},"content":{"rendered":"<h4>Mod de utilizare:<\/h4>\n<p>Aplic\u0103 pe fa\u0163\u0103 \u0219i g\u00e2t, folosind o dischet\u0103 demachiant\u0103 \u0219i maseaz\u0103 u\u0219or pentru a \u00eendep\u0103rta impurit\u0103\u0163ile \u0219i machiajul<\/p>\n<p>&nbsp;<\/p>\n<h4>Descriere:<\/h4>\n<p>Lo\u021biunea micelar\u0103 Skin Moisture pentru ten uscat \u0219i sensibil de la elmiplant con\u021bine particule foarte fine de ulei \u0219i ap\u0103, capteaz\u0103 \u0219i \u00eendep\u0103rteaz\u0103 chiar \u0219i machiajul rezistent la ap\u0103, dar \u0219i impurit\u0103\u021bile de pe fa\u021b\u0103, ochi \u0219i buze, f\u0103r\u0103 a deshidrata pielea. Lo\u021biunea micelar\u0103 pentru ten uscat \u0219i sensibil de la elmiplant cu 96% ingrediente de origine natural\u0103 aduce natura la o atingere distan\u021b\u0103. Aceasta este noul mod convenabil, eficient \u0219i delicat de \u00eendep\u0103rtare a machiajului \u0219i a impurit\u0103\u021bilor dintr-o singur\u0103 mi\u0219care. \u0218ofranul 100% natural, bogat \u00een carotenoizi \u0219i antioxidan\u021bi, ajut\u0103 la protejarea eficient\u0103 a tenului sensibil, conferindu-i un aspect neted \u0219i supl\u0103. \u00cen plus, am inclus \u00een formulele noastre prebiotice, ce ajut\u0103 tenul s\u0103 \u00ee\u0219i p\u0103streze echilibrul \u0219i astfel s\u0103 aib\u0103 un aspect natural.<\/p>","protected":false},"excerpt":{"rendered":"<p>Mod de utilizare: Aplic\u0103 pe fa\u0163\u0103 \u0219i g\u00e2t, folosind o dischet\u0103 demachiant\u0103 \u0219i maseaz\u0103 u\u0219or pentru a \u00eendep\u0103rta impurit\u0103\u0163ile \u0219i machiajul &nbsp; Descriere: Lo\u021biunea micelar\u0103 Skin Moisture pentru ten uscat \u0219i sensibil de la elmiplant con\u021bine particule foarte fine de ulei \u0219i ap\u0103, capteaz\u0103 \u0219i \u00eendep\u0103rteaz\u0103 chiar \u0219i machiajul rezistent la ap\u0103, dar \u0219i impurit\u0103\u021bile [&hellip;]<\/p>\n","protected":false},"featured_media":8779,"comment_status":"open","ping_status":"closed","template":"","meta":{"_themeisle_gutenberg_block_has_review":false},"product_brand":[],"product_cat":[21,73,72],"product_tag":[],"class_list":{"0":"post-8778","1":"product","2":"type-product","3":"status-publish","4":"has-post-thumbnail","6":"product_cat-ingrijire","7":"product_cat-apa-micelara","8":"product_cat-ingrijire-fata","9":"product_shipping_class-small-package","10":"entry","11":"has-media","13":"first","14":"onbackorder","15":"taxable","16":"shipping-taxable","17":"purchasable","18":"product-type-simple","19":"col","20":"span_1_of_3","21":"wvn-content-left","22":"wvn-thumbs-layout-horizontal","23":"wvn-btn-normal","24":"wvn-tabs-layout-horizontal","25":"has-no-thumbnails"},"jetpack_sharing_enabled":true,"_links":{"self":[{"href":"https:\/\/noacosmetics.ro\/en\/wp-json\/wp\/v2\/product\/8778","targetHints":{"allow":["GET"]}}],"collection":[{"href":"https:\/\/noacosmetics.ro\/en\/wp-json\/wp\/v2\/product"}],"about":[{"href":"https:\/\/noacosmetics.ro\/en\/wp-json\/wp\/v2\/types\/product"}],"replies":[{"embeddable":true,"href":"https:\/\/noacosmetics.ro\/en\/wp-json\/wp\/v2\/comments?post=8778"}],"wp:featuredmedia":[{"embeddable":true,"href":"https:\/\/noacosmetics.ro\/en\/wp-json\/wp\/v2\/media\/8779"}],"wp:attachment":[{"href":"https:\/\/noacosmetics.ro\/en\/wp-json\/wp\/v2\/media?parent=8778"}],"wp:term":[{"taxonomy":"product_brand","embeddable":true,"href":"https:\/\/noacosmetics.ro\/en\/wp-json\/wp\/v2\/product_brand?post=8778"},{"taxonomy":"product_cat","embeddable":true,"href":"https:\/\/noacosmetics.ro\/en\/wp-json\/wp\/v2\/product_cat?post=8778"},{"taxonomy":"product_tag","embeddable":true,"href":"https:\/\/noacosmetics.ro\/en\/wp-json\/wp\/v2\/product_tag?post=8778"}],"curies":[{"name":"wp","href":"https:\/\/api.w.org\/{rel}","templated":true}]}}