{"id":8782,"date":"2024-04-03T10:28:26","date_gmt":"2024-04-03T10:28:26","guid":{"rendered":"https:\/\/noacosmetics.ro\/?post_type=product&#038;p=8782"},"modified":"2024-04-26T11:30:25","modified_gmt":"2024-04-26T11:30:25","slug":"elmiplant-apa-micelara-hydro-x-cell-toate-tipurile-de-ten-400ml","status":"publish","type":"product","link":"https:\/\/noacosmetics.ro\/en\/product\/elmiplant-apa-micelara-hydro-x-cell-toate-tipurile-de-ten-400ml\/","title":{"rendered":"Elmiplant Apa Micelara Hydro X-Cell.Toate Tipurile de Ten.400ml"},"content":{"rendered":"<h4>Mod de utilizare:<\/h4>\n<p>Aplic\u0103 pe fa\u0163\u0103 \u0219i g\u00e2t, folosind o dischet\u0103 demachiant\u0103 \u0219i maseaz\u0103 u\u0219or pentru a \u00eendep\u0103rta impurit\u0103\u0163ile \u0219i machiajul<\/p>\n<h4>\nDescriere:<\/h4>\n<p>Elmiplant HYDRO X\u2219CELL ap\u0103 micelar\u0103, cu 92% ingrediente de origine natural\u0103, indep\u0103rteaz\u0103 machiajul rezistent la ap\u0103 \/ cur\u0103\u021b\u0103\/ ajut\u0103 la protejarea barierei pielii.<\/p>","protected":false},"excerpt":{"rendered":"<p>Mod de utilizare: Aplic\u0103 pe fa\u0163\u0103 \u0219i g\u00e2t, folosind o dischet\u0103 demachiant\u0103 \u0219i maseaz\u0103 u\u0219or pentru a \u00eendep\u0103rta impurit\u0103\u0163ile \u0219i machiajul Descriere: Elmiplant HYDRO X\u2219CELL ap\u0103 micelar\u0103, cu 92% ingrediente de origine natural\u0103, indep\u0103rteaz\u0103 machiajul rezistent la ap\u0103 \/ cur\u0103\u021b\u0103\/ ajut\u0103 la protejarea barierei pielii.<\/p>","protected":false},"featured_media":8783,"comment_status":"open","ping_status":"closed","template":"","meta":{"_themeisle_gutenberg_block_has_review":false},"product_brand":[],"product_cat":[21,73,72],"product_tag":[],"class_list":{"0":"post-8782","1":"product","2":"type-product","3":"status-publish","4":"has-post-thumbnail","6":"product_cat-ingrijire","7":"product_cat-apa-micelara","8":"product_cat-ingrijire-fata","9":"product_shipping_class-small-package","10":"entry","11":"has-media","13":"first","14":"onbackorder","15":"taxable","16":"shipping-taxable","17":"purchasable","18":"product-type-simple","19":"col","20":"span_1_of_3","21":"wvn-content-left","22":"wvn-thumbs-layout-horizontal","23":"wvn-btn-normal","24":"wvn-tabs-layout-horizontal","25":"has-no-thumbnails"},"jetpack_sharing_enabled":true,"_links":{"self":[{"href":"https:\/\/noacosmetics.ro\/en\/wp-json\/wp\/v2\/product\/8782","targetHints":{"allow":["GET"]}}],"collection":[{"href":"https:\/\/noacosmetics.ro\/en\/wp-json\/wp\/v2\/product"}],"about":[{"href":"https:\/\/noacosmetics.ro\/en\/wp-json\/wp\/v2\/types\/product"}],"replies":[{"embeddable":true,"href":"https:\/\/noacosmetics.ro\/en\/wp-json\/wp\/v2\/comments?post=8782"}],"wp:featuredmedia":[{"embeddable":true,"href":"https:\/\/noacosmetics.ro\/en\/wp-json\/wp\/v2\/media\/8783"}],"wp:attachment":[{"href":"https:\/\/noacosmetics.ro\/en\/wp-json\/wp\/v2\/media?parent=8782"}],"wp:term":[{"taxonomy":"product_brand","embeddable":true,"href":"https:\/\/noacosmetics.ro\/en\/wp-json\/wp\/v2\/product_brand?post=8782"},{"taxonomy":"product_cat","embeddable":true,"href":"https:\/\/noacosmetics.ro\/en\/wp-json\/wp\/v2\/product_cat?post=8782"},{"taxonomy":"product_tag","embeddable":true,"href":"https:\/\/noacosmetics.ro\/en\/wp-json\/wp\/v2\/product_tag?post=8782"}],"curies":[{"name":"wp","href":"https:\/\/api.w.org\/{rel}","templated":true}]}}