{"id":8786,"date":"2024-04-03T10:37:18","date_gmt":"2024-04-03T10:37:18","guid":{"rendered":"https:\/\/noacosmetics.ro\/?post_type=product&#038;p=8786"},"modified":"2024-04-26T11:30:03","modified_gmt":"2024-04-26T11:30:03","slug":"elmiplant-skin-control-gel-exfoliant-zilnic-150ml","status":"publish","type":"product","link":"https:\/\/noacosmetics.ro\/en\/product\/elmiplant-skin-control-gel-exfoliant-zilnic-150ml\/","title":{"rendered":"Elmiplant Skin Control Gel Exfoliant Zilnic 150ml"},"content":{"rendered":"<h4>Mod de utilizare:<\/h4>\n<p>Se aplic\u0103 zilnic pe pielea umed\u0103, mas\u00e2nd u\u0219or, cu mi\u0219c\u0103ri circulare. Evita\u021bi zona delicat\u0103 a ochilor. Cl\u0103ti\u021bi cu mult\u0103 ap\u0103.<\/p>\n<h4>Descriere:<\/h4>\n<p>Formula special\u0103 a gelului con\u021bine ingrediente active 100% naturale care exfoliaz\u0103 \u0219i purific\u0103 pielea.<br \/>\nTEN GRAS\/CU IMPERFEC\u021aIUNI Microparticulele de Bambus 100% naturale cur\u0103\u021b\u0103 pielea la suprafa\u021b\u0103, \u00eendep\u0103rt\u00e2nd eficient celulele moarte, sebumul \u0219i impurit\u0103\u021bile care astup\u0103 porii. Uleiul de Lemongrass 100% natural ac\u021bioneaz\u0103 ca un astringent, ajut\u00e2nd la minimizarea porilor, la reducerea secre\u021biei excesive de sebum \u0219i la cur\u0103\u021barea porilor dilata\u021bi. Acidul salicilic ajut\u0103 la desfundarea porilor \u0219i previne reastuparea lor, \u00een timp ce gr\u0103be\u0219te procesul natural de regenerare a pielii. Argila alb\u0103 100% natural\u0103 \u00eendep\u0103rteaz\u0103 delicat impurit\u0103\u021bile din piele, f\u0103r\u0103 a o deshidrata. Peelmoist este un complex multifunc\u021bional, av\u00e2nd ca beneficii exfolierea enzimatic\u0103 \u0219i capacitatea de a reda nivelul optim de hidratare a pielii, p\u0103str\u00e2nd rolul func\u021bional de barier\u0103 natural\u0103 a epidermei.<\/p>","protected":false},"excerpt":{"rendered":"<p>Mod de utilizare: Se aplic\u0103 zilnic pe pielea umed\u0103, mas\u00e2nd u\u0219or, cu mi\u0219c\u0103ri circulare. Evita\u021bi zona delicat\u0103 a ochilor. Cl\u0103ti\u021bi cu mult\u0103 ap\u0103. Descriere: Formula special\u0103 a gelului con\u021bine ingrediente active 100% naturale care exfoliaz\u0103 \u0219i purific\u0103 pielea. TEN GRAS\/CU IMPERFEC\u021aIUNI Microparticulele de Bambus 100% naturale cur\u0103\u021b\u0103 pielea la suprafa\u021b\u0103, \u00eendep\u0103rt\u00e2nd eficient celulele moarte, sebumul [&hellip;]<\/p>\n","protected":false},"featured_media":8787,"comment_status":"open","ping_status":"closed","template":"","meta":{"_themeisle_gutenberg_block_has_review":false},"product_brand":[],"product_cat":[21,74,72,76],"product_tag":[],"class_list":{"0":"post-8786","1":"product","2":"type-product","3":"status-publish","4":"has-post-thumbnail","6":"product_cat-ingrijire","7":"product_cat-curatare-fata","8":"product_cat-ingrijire-fata","9":"product_cat-masti","10":"product_shipping_class-small-package","11":"entry","12":"has-media","14":"first","15":"onbackorder","16":"taxable","17":"shipping-taxable","18":"purchasable","19":"product-type-simple","20":"col","21":"span_1_of_3","22":"wvn-content-left","23":"wvn-thumbs-layout-horizontal","24":"wvn-btn-normal","25":"wvn-tabs-layout-horizontal","26":"has-no-thumbnails"},"jetpack_sharing_enabled":true,"_links":{"self":[{"href":"https:\/\/noacosmetics.ro\/en\/wp-json\/wp\/v2\/product\/8786","targetHints":{"allow":["GET"]}}],"collection":[{"href":"https:\/\/noacosmetics.ro\/en\/wp-json\/wp\/v2\/product"}],"about":[{"href":"https:\/\/noacosmetics.ro\/en\/wp-json\/wp\/v2\/types\/product"}],"replies":[{"embeddable":true,"href":"https:\/\/noacosmetics.ro\/en\/wp-json\/wp\/v2\/comments?post=8786"}],"wp:featuredmedia":[{"embeddable":true,"href":"https:\/\/noacosmetics.ro\/en\/wp-json\/wp\/v2\/media\/8787"}],"wp:attachment":[{"href":"https:\/\/noacosmetics.ro\/en\/wp-json\/wp\/v2\/media?parent=8786"}],"wp:term":[{"taxonomy":"product_brand","embeddable":true,"href":"https:\/\/noacosmetics.ro\/en\/wp-json\/wp\/v2\/product_brand?post=8786"},{"taxonomy":"product_cat","embeddable":true,"href":"https:\/\/noacosmetics.ro\/en\/wp-json\/wp\/v2\/product_cat?post=8786"},{"taxonomy":"product_tag","embeddable":true,"href":"https:\/\/noacosmetics.ro\/en\/wp-json\/wp\/v2\/product_tag?post=8786"}],"curies":[{"name":"wp","href":"https:\/\/api.w.org\/{rel}","templated":true}]}}