{"id":8875,"date":"2024-04-04T08:17:25","date_gmt":"2024-04-04T08:17:25","guid":{"rendered":"https:\/\/noacosmetics.ro\/?post_type=product&#038;p=8875"},"modified":"2024-04-26T11:27:35","modified_gmt":"2024-04-26T11:27:35","slug":"elmiplant-hyaluronic-3d-antirid-crema-zi-fps15-50ml","status":"publish","type":"product","link":"https:\/\/noacosmetics.ro\/en\/product\/elmiplant-hyaluronic-3d-antirid-crema-zi-fps15-50ml\/","title":{"rendered":"Elmiplant Hyaluronic 3D Antirid.Crema Zi FPS15 50ml"},"content":{"rendered":"<h4>Mod de utilizare:<\/h4>\n<p>Aplica\u021bi zilnic pe pielea curat\u0103 de pe fa\u021b\u0103 \u0219i g\u00e2t cu mi\u0219c\u0103ri circulare, evit\u00e2nd zona ochilor.<\/p>\n<h4>Descriere;<\/h4>\n<p>Elmiplant HYALURONIC 3D crem\u0103 antirid de zi este conceput\u0103 pentru a oferi hidratare intensiv\u0103 cu ac\u021biune imediat\u0103 \u0219i de durat\u0103, datorit\u0103 formulei sale inovatoare, cu TRIPLU SISTEM de ACID HIALURONIC. Acidul Hialuronic de umplere. 1.ac\u021bioneaz\u0103 ca agent de umplere dermic\u0103 \u0219i neteze\u0219te suprafa\u021ba pielii imediat dup\u0103 aplicare. 2. Acidul Hialuronic de greutate molecular\u0103 mic\u0103: p\u0103trunde chiar \u0219i \u00een straturile mai profunde ale epidermei \u0219i ajut\u0103 la reducerea vizibil\u0103 a liniilor fine \u0219i a ridurilor prin \u00eembun\u0103t\u0103\u021birea elasticit\u0103\u021bii pielii; tenul cap\u0103t\u0103 un aspect mai s\u0103n\u0103tos, mai t\u00e2n\u0103r, devine radiant. 3. Stimulator al acidului hialuronic: ajut\u0103 la restabilirea nivelului optim de acid hialuronic prin stimularea sintezei sale naturale \u0219i re\u00eennoirea acestuia, oferind hidratare intensiv\u0103, elasticitate \u0219i fermitate pilelii, reduc\u00e2nd astfel ridurile.<\/p>","protected":false},"excerpt":{"rendered":"<p>Mod de utilizare: Aplica\u021bi zilnic pe pielea curat\u0103 de pe fa\u021b\u0103 \u0219i g\u00e2t cu mi\u0219c\u0103ri circulare, evit\u00e2nd zona ochilor. Descriere; Elmiplant HYALURONIC 3D crem\u0103 antirid de zi este conceput\u0103 pentru a oferi hidratare intensiv\u0103 cu ac\u021biune imediat\u0103 \u0219i de durat\u0103, datorit\u0103 formulei sale inovatoare, cu TRIPLU SISTEM de ACID HIALURONIC. Acidul Hialuronic de umplere. 1.ac\u021bioneaz\u0103 [&hellip;]<\/p>\n","protected":false},"featured_media":8876,"comment_status":"open","ping_status":"closed","template":"","meta":{"_themeisle_gutenberg_block_has_review":false},"product_brand":[],"product_cat":[21,75,72],"product_tag":[],"class_list":{"0":"post-8875","1":"product","2":"type-product","3":"status-publish","4":"has-post-thumbnail","6":"product_cat-ingrijire","7":"product_cat-hidratare","8":"product_cat-ingrijire-fata","9":"product_shipping_class-small-package","10":"entry","11":"has-media","13":"first","14":"onbackorder","15":"taxable","16":"shipping-taxable","17":"purchasable","18":"product-type-simple","19":"col","20":"span_1_of_3","21":"wvn-content-left","22":"wvn-thumbs-layout-horizontal","23":"wvn-btn-normal","24":"wvn-tabs-layout-horizontal","25":"has-no-thumbnails"},"jetpack_sharing_enabled":true,"_links":{"self":[{"href":"https:\/\/noacosmetics.ro\/en\/wp-json\/wp\/v2\/product\/8875","targetHints":{"allow":["GET"]}}],"collection":[{"href":"https:\/\/noacosmetics.ro\/en\/wp-json\/wp\/v2\/product"}],"about":[{"href":"https:\/\/noacosmetics.ro\/en\/wp-json\/wp\/v2\/types\/product"}],"replies":[{"embeddable":true,"href":"https:\/\/noacosmetics.ro\/en\/wp-json\/wp\/v2\/comments?post=8875"}],"wp:featuredmedia":[{"embeddable":true,"href":"https:\/\/noacosmetics.ro\/en\/wp-json\/wp\/v2\/media\/8876"}],"wp:attachment":[{"href":"https:\/\/noacosmetics.ro\/en\/wp-json\/wp\/v2\/media?parent=8875"}],"wp:term":[{"taxonomy":"product_brand","embeddable":true,"href":"https:\/\/noacosmetics.ro\/en\/wp-json\/wp\/v2\/product_brand?post=8875"},{"taxonomy":"product_cat","embeddable":true,"href":"https:\/\/noacosmetics.ro\/en\/wp-json\/wp\/v2\/product_cat?post=8875"},{"taxonomy":"product_tag","embeddable":true,"href":"https:\/\/noacosmetics.ro\/en\/wp-json\/wp\/v2\/product_tag?post=8875"}],"curies":[{"name":"wp","href":"https:\/\/api.w.org\/{rel}","templated":true}]}}