{"id":8880,"date":"2024-04-04T08:22:36","date_gmt":"2024-04-04T08:22:36","guid":{"rendered":"https:\/\/noacosmetics.ro\/?post_type=product&#038;p=8880"},"modified":"2024-04-26T11:27:01","modified_gmt":"2024-04-26T11:27:01","slug":"elmiplant-crema-cc-deschis-50ml","status":"publish","type":"product","link":"https:\/\/noacosmetics.ro\/en\/product\/elmiplant-crema-cc-deschis-50ml\/","title":{"rendered":"Elmiplant Crema CC Deschis 50ml"},"content":{"rendered":"<h4>Mod de utilizare:<\/h4>\n<p>Aplic\u0103 produsul precum crema ta obi\u0219nuit\u0103 de \u00eengrijire a tenului, pe fa\u021b\u0103 \u0219i g\u00e2t, dup\u0103 cur\u0103\u021bare \u0219i tonifiere. Dac\u0103 vrei s\u0103 m\u0103re\u0219ti puterea de acoperire, po\u021bi aplica \u00eenc\u0103 un strat. Datorit\u0103 filtrelor UV con\u021binute, aplic\u0103 cu grij\u0103 \u00een jurul ochilor. Formula se absoarbe repede \u0219i nu las\u0103 urme grase.<\/p>\n<p>&nbsp;<\/p>\n<h4>Descriere:<\/h4>\n<p>Elmiplant SKIN MOISTURE CC cream este un produs de \u00eengrijire avansat, ce ofer\u0103 beneficii multiple \u00eentr-o singur\u0103 formul\u0103, pentru o piele cu aspect perfect.Con\u021bin\u00e2nd o asociere de ingrediente naturale \u0219i pigmen\u021bi minerali, crema CC Elmiplant acoper\u0103 imperfec\u021biunile, \u00eembun\u0103t\u0103\u021be\u0219te nuan\u021ba natural\u0103 a tenului \u0219i confer\u0103 pielii tale hidratarea optim\u0103 \u0219i protec\u021bia de care are nevoie.<\/p>\n<p>Cu un singur gest, Elmiplant CC cream:<br \/>\n1. Uniformizeaz\u0103 nuan\u021ba pielii \u0219i p\u0103streaz\u0103 un ten radiant de-a lungul zilei, datorit\u0103 pigmentilor minerali \u0219i ingredientelor active naturale con\u021binute<br \/>\n2. Acoper\u0103 imperfec\u021biuni precum co\u0219uri, pete, semne ale oboselii \u0219i riduri fine<br \/>\n3. Ilumineaz\u0103 tenul, pun\u00e2nd \u00een eviden\u021b\u0103 tonul s\u0103u natural<br \/>\n4. Ofer\u0103 hidratare imediat\u0103 ce dureaz\u0103 p\u00e2n\u0103 la 24 de ore, datorit\u0103 HYDRONUTRIENT 24H \u0219i a extractului de gutuie 100% natural ob\u021binut prin metode bl\u00e2nde, eco-friendly.<br \/>\n5. P\u0103trunde rapid \u00een piele datorit\u0103 formulei sale lejere, \u00een timp ce confer\u0103 acoperire optim\u0103<br \/>\n6. Protejeaz\u0103 pielea de razele UV \u0219i de \u00eemb\u0103tr\u00e2nirea prematur\u0103 cu SPF 20<\/p>","protected":false},"excerpt":{"rendered":"<p>Mod de utilizare: Aplic\u0103 produsul precum crema ta obi\u0219nuit\u0103 de \u00eengrijire a tenului, pe fa\u021b\u0103 \u0219i g\u00e2t, dup\u0103 cur\u0103\u021bare \u0219i tonifiere. Dac\u0103 vrei s\u0103 m\u0103re\u0219ti puterea de acoperire, po\u021bi aplica \u00eenc\u0103 un strat. Datorit\u0103 filtrelor UV con\u021binute, aplic\u0103 cu grij\u0103 \u00een jurul ochilor. Formula se absoarbe repede \u0219i nu las\u0103 urme grase. &nbsp; Descriere: Elmiplant [&hellip;]<\/p>\n","protected":false},"featured_media":8882,"comment_status":"open","ping_status":"closed","template":"","meta":{"_themeisle_gutenberg_block_has_review":false},"product_brand":[],"product_cat":[21,31,55,30,20,32],"product_tag":[],"class_list":{"0":"post-8880","1":"product","2":"type-product","3":"status-publish","4":"has-post-thumbnail","6":"product_cat-ingrijire","7":"product_cat-corector","8":"product_cat-fond-de-ten","9":"product_cat-machiaj-fata","10":"product_cat-make-up","11":"product_cat-primer","12":"product_shipping_class-small-package","13":"entry","14":"has-media","16":"first","17":"onbackorder","18":"taxable","19":"shipping-taxable","20":"purchasable","21":"product-type-simple","22":"col","23":"span_1_of_3","24":"wvn-content-left","25":"wvn-thumbs-layout-horizontal","26":"wvn-btn-normal","27":"wvn-tabs-layout-horizontal","28":"has-no-thumbnails"},"jetpack_sharing_enabled":true,"_links":{"self":[{"href":"https:\/\/noacosmetics.ro\/en\/wp-json\/wp\/v2\/product\/8880","targetHints":{"allow":["GET"]}}],"collection":[{"href":"https:\/\/noacosmetics.ro\/en\/wp-json\/wp\/v2\/product"}],"about":[{"href":"https:\/\/noacosmetics.ro\/en\/wp-json\/wp\/v2\/types\/product"}],"replies":[{"embeddable":true,"href":"https:\/\/noacosmetics.ro\/en\/wp-json\/wp\/v2\/comments?post=8880"}],"wp:featuredmedia":[{"embeddable":true,"href":"https:\/\/noacosmetics.ro\/en\/wp-json\/wp\/v2\/media\/8882"}],"wp:attachment":[{"href":"https:\/\/noacosmetics.ro\/en\/wp-json\/wp\/v2\/media?parent=8880"}],"wp:term":[{"taxonomy":"product_brand","embeddable":true,"href":"https:\/\/noacosmetics.ro\/en\/wp-json\/wp\/v2\/product_brand?post=8880"},{"taxonomy":"product_cat","embeddable":true,"href":"https:\/\/noacosmetics.ro\/en\/wp-json\/wp\/v2\/product_cat?post=8880"},{"taxonomy":"product_tag","embeddable":true,"href":"https:\/\/noacosmetics.ro\/en\/wp-json\/wp\/v2\/product_tag?post=8880"}],"curies":[{"name":"wp","href":"https:\/\/api.w.org\/{rel}","templated":true}]}}