{"id":8892,"date":"2024-04-04T08:31:41","date_gmt":"2024-04-04T08:31:41","guid":{"rendered":"https:\/\/noacosmetics.ro\/?post_type=product&#038;p=8892"},"modified":"2026-03-16T08:42:59","modified_gmt":"2026-03-16T08:42:59","slug":"elmiplant-vit-c-crema-noapte-50ml","status":"publish","type":"product","link":"https:\/\/noacosmetics.ro\/en\/product\/elmiplant-vit-c-crema-noapte-50ml\/","title":{"rendered":"Elmiplant Vit C.Crema Noapte 50ml"},"content":{"rendered":"<h4>Mod de utilizare:<\/h4>\n<p>Aplica\u021bi crema \u00een fiecare sear\u0103 pe tenul curat de pe fa\u021b\u0103 \u0219i g\u00e2t, cu mi\u0219c\u0103ri circulare, evit\u00e2nd zona ochilor. Poate fi utilizat\u0103 pe tot parcursul anului.<\/p>\n<h4>Descriere:<\/h4>\n<p>Formula sa con\u021bine Vitamina C, extracte de portocal\u0103 \u0219i lime naturale, bogate \u00een antioxidan\u021bi, \u0219i o combina\u021bie unic\u0103 de ingrediente active ce ajut\u0103 la men\u021binerea unui aspect s\u0103n\u0103tos al tenului;<br \/>\nvitamina C regenereaz\u0103 \u0219i ilumineaz\u0103 tenul, \u00eentr-un mod natural. Cu un puternic caracter antioxidant, previne peroxidarea lipidic\u0103, \u00eembun\u0103t\u0103\u021bind sistemul defensiv al pielii \u00eempotriva semnelor de \u00eemb\u0103tr\u00e2nire prematur\u0103 \u0219i protejeaz\u0103 pielea de stresul oxidativ \u0219i \u00eemb\u0103tr\u00e2nirea intrinsec\u0103;<br \/>\nsintetizeaz\u0103 \u0219i protejeaz\u0103 colagenul, reduce liniile fine \u0219i ridurile \u0219i este un aliat de \u00eencredere \u00eempotriva petelor pigmentare cauzate de expunerea la raze UV \u0219i \u00eemb\u0103tr\u00e2nire;<br \/>\nforma Vitaminei C utilizat\u0103 \u00een formula noastr\u0103 este de calitate ridicat\u0103, stabilizat\u0103 \u0219i cu toleran\u021b\u0103 crescut\u0103, protej\u00e2nd tenul de irita\u021bii;<br \/>\nvitamina B3 inclus\u0103 \u00een formul\u0103 este, de asemenea, benefic\u0103 tenului, \u00eembun\u0103t\u0103\u021bind ac\u021biunea vitaminei C;<br \/>\nreduce petele pigmentare \u0219i decolora\u021biile pielii \u0219i reechilibreaz\u0103 tonurile tenului, oferindu-i un aspect luminos \u0219i rafinat;<br \/>\nD Pantenolul \u0219i acidul hialuronic din formul\u0103 \u00eembun\u0103t\u0103\u021besc nivelul de hidratare a tenului \u0219i elasticitatea, l\u0103s\u00e2ndu-I neted \u0219i suplu<\/p>","protected":false},"excerpt":{"rendered":"<p>Mod de utilizare: Aplica\u021bi crema \u00een fiecare sear\u0103 pe tenul curat de pe fa\u021b\u0103 \u0219i g\u00e2t, cu mi\u0219c\u0103ri circulare, evit\u00e2nd zona ochilor. Poate fi utilizat\u0103 pe tot parcursul anului. Descriere: Formula sa con\u021bine Vitamina C, extracte de portocal\u0103 \u0219i lime naturale, bogate \u00een antioxidan\u021bi, \u0219i o combina\u021bie unic\u0103 de ingrediente active ce ajut\u0103 la men\u021binerea [&hellip;]<\/p>\n","protected":false},"featured_media":8888,"comment_status":"open","ping_status":"closed","template":"","meta":{"_themeisle_gutenberg_block_has_review":false},"product_brand":[],"product_cat":[21,75,72],"product_tag":[],"class_list":{"0":"post-8892","1":"product","2":"type-product","3":"status-publish","4":"has-post-thumbnail","6":"product_cat-ingrijire","7":"product_cat-hidratare","8":"product_cat-ingrijire-fata","9":"product_shipping_class-small-package","10":"entry","11":"has-media","13":"first","14":"onbackorder","15":"taxable","16":"shipping-taxable","17":"purchasable","18":"product-type-simple","19":"col","20":"span_1_of_3","21":"wvn-content-left","22":"wvn-thumbs-layout-horizontal","23":"wvn-btn-normal","24":"wvn-tabs-layout-horizontal","25":"has-no-thumbnails"},"jetpack_sharing_enabled":true,"_links":{"self":[{"href":"https:\/\/noacosmetics.ro\/en\/wp-json\/wp\/v2\/product\/8892","targetHints":{"allow":["GET"]}}],"collection":[{"href":"https:\/\/noacosmetics.ro\/en\/wp-json\/wp\/v2\/product"}],"about":[{"href":"https:\/\/noacosmetics.ro\/en\/wp-json\/wp\/v2\/types\/product"}],"replies":[{"embeddable":true,"href":"https:\/\/noacosmetics.ro\/en\/wp-json\/wp\/v2\/comments?post=8892"}],"wp:featuredmedia":[{"embeddable":true,"href":"https:\/\/noacosmetics.ro\/en\/wp-json\/wp\/v2\/media\/8888"}],"wp:attachment":[{"href":"https:\/\/noacosmetics.ro\/en\/wp-json\/wp\/v2\/media?parent=8892"}],"wp:term":[{"taxonomy":"product_brand","embeddable":true,"href":"https:\/\/noacosmetics.ro\/en\/wp-json\/wp\/v2\/product_brand?post=8892"},{"taxonomy":"product_cat","embeddable":true,"href":"https:\/\/noacosmetics.ro\/en\/wp-json\/wp\/v2\/product_cat?post=8892"},{"taxonomy":"product_tag","embeddable":true,"href":"https:\/\/noacosmetics.ro\/en\/wp-json\/wp\/v2\/product_tag?post=8892"}],"curies":[{"name":"wp","href":"https:\/\/api.w.org\/{rel}","templated":true}]}}