{"id":8897,"date":"2024-04-04T08:59:30","date_gmt":"2024-04-04T08:59:30","guid":{"rendered":"https:\/\/noacosmetics.ro\/?post_type=product&#038;p=8897"},"modified":"2024-04-26T11:25:20","modified_gmt":"2024-04-26T11:25:20","slug":"neutrogena-crema-maini-concentrata-50ml","status":"publish","type":"product","link":"https:\/\/noacosmetics.ro\/en\/product\/neutrogena-crema-maini-concentrata-50ml\/","title":{"rendered":"Neutrogena Crema Maini Concentrata 50ml"},"content":{"rendered":"<h4>Mod de utilizare:<\/h4>\n<p>Aplica\u0163i o cantitate mic\u0103 de produs \u015fi masa\u0163i bine pentru a intra \u00een piele. Adecvat pentru utilizarea de zi cu zi.<\/p>\n<h4>Descriere:<\/h4>\n<p>Crema de m\u00e2ini concentrat\u0103 Neutrogena, formul\u0103 Norvegian\u0103 parfumat\u0103, are un efect calmant rapid \u0219i de durat\u0103 pentru piele uscat\u0103 \u0219i cr\u0103pat\u0103. Doar o pic\u0103tur\u0103 din formula sa bogat\u0103 \u00een glicerin\u0103 calmeaz\u0103 instantaneu \u0219i protejeaz\u0103 pielea uscat\u0103 \u0219i cr\u0103pat\u0103.<\/p>","protected":false},"excerpt":{"rendered":"<p>Mod de utilizare: Aplica\u0163i o cantitate mic\u0103 de produs \u015fi masa\u0163i bine pentru a intra \u00een piele. Adecvat pentru utilizarea de zi cu zi. Descriere: Crema de m\u00e2ini concentrat\u0103 Neutrogena, formul\u0103 Norvegian\u0103 parfumat\u0103, are un efect calmant rapid \u0219i de durat\u0103 pentru piele uscat\u0103 \u0219i cr\u0103pat\u0103. Doar o pic\u0103tur\u0103 din formula sa bogat\u0103 \u00een glicerin\u0103 [&hellip;]<\/p>\n","protected":false},"featured_media":8900,"comment_status":"open","ping_status":"closed","template":"","meta":{"_themeisle_gutenberg_block_has_review":false},"product_brand":[],"product_cat":[21,94,93],"product_tag":[],"class_list":{"0":"post-8897","1":"product","2":"type-product","3":"status-publish","4":"has-post-thumbnail","6":"product_cat-ingrijire","7":"product_cat-crema","8":"product_cat-ingrijire-maini","9":"product_shipping_class-small-package","10":"entry","11":"has-media","13":"first","14":"onbackorder","15":"taxable","16":"shipping-taxable","17":"purchasable","18":"product-type-simple","19":"col","20":"span_1_of_3","21":"wvn-content-left","22":"wvn-thumbs-layout-horizontal","23":"wvn-btn-normal","24":"wvn-tabs-layout-horizontal","25":"has-no-thumbnails"},"jetpack_sharing_enabled":true,"_links":{"self":[{"href":"https:\/\/noacosmetics.ro\/en\/wp-json\/wp\/v2\/product\/8897","targetHints":{"allow":["GET"]}}],"collection":[{"href":"https:\/\/noacosmetics.ro\/en\/wp-json\/wp\/v2\/product"}],"about":[{"href":"https:\/\/noacosmetics.ro\/en\/wp-json\/wp\/v2\/types\/product"}],"replies":[{"embeddable":true,"href":"https:\/\/noacosmetics.ro\/en\/wp-json\/wp\/v2\/comments?post=8897"}],"wp:featuredmedia":[{"embeddable":true,"href":"https:\/\/noacosmetics.ro\/en\/wp-json\/wp\/v2\/media\/8900"}],"wp:attachment":[{"href":"https:\/\/noacosmetics.ro\/en\/wp-json\/wp\/v2\/media?parent=8897"}],"wp:term":[{"taxonomy":"product_brand","embeddable":true,"href":"https:\/\/noacosmetics.ro\/en\/wp-json\/wp\/v2\/product_brand?post=8897"},{"taxonomy":"product_cat","embeddable":true,"href":"https:\/\/noacosmetics.ro\/en\/wp-json\/wp\/v2\/product_cat?post=8897"},{"taxonomy":"product_tag","embeddable":true,"href":"https:\/\/noacosmetics.ro\/en\/wp-json\/wp\/v2\/product_tag?post=8897"}],"curies":[{"name":"wp","href":"https:\/\/api.w.org\/{rel}","templated":true}]}}