{"id":8913,"date":"2024-04-04T09:12:33","date_gmt":"2024-04-04T09:12:33","guid":{"rendered":"https:\/\/noacosmetics.ro\/?post_type=product&#038;p=8913"},"modified":"2024-04-26T08:51:51","modified_gmt":"2024-04-26T08:51:51","slug":"garnier-mineral-deo-spray-action-control-150ml","status":"publish","type":"product","link":"https:\/\/noacosmetics.ro\/en\/product\/garnier-mineral-deo-spray-action-control-150ml\/","title":{"rendered":"Garnier Mineral Deo Spray Action Control 150ml"},"content":{"rendered":"<h4>Mod de utilizare:<\/h4>\n<p>Agita\u0163i bine \u00eenainte de utilizare. Pulveriza\u0163i de la o distan\u0163\u0103 de 15 cm de subra\u0163.In caz de contact cu ochii, cl\u0103ti\u021bi imediat cu apa din abunden\u021b\u0103.<\/p>\n<h4>Descriere:<\/h4>\n<p>Primul antiperspirant de la Garnier ce ofer\u0103 confort optim pielii \u0219i 96h* de protec\u021bie \u00eempotriva umidit\u0103\u021bii.deodorantul Garnier Mineral Action Control Clinical Deo v\u0103 va proteja \u00eempotriva umidit\u0103\u021bii \u0219i a mirosului nepl\u0103cut de transpira\u021bie. Formula func\u021bioneaz\u0103 timp de 96 de ore de la aplicare. Aceasta este cea mai lung\u0103 protec\u021bie disponibil\u0103 pe pia\u021b\u0103. Este extrem de bl\u00e2nd\u0103 \u0219i nu con\u021bine alcool etilic. Mineralele limiteaz\u0103 activitatea glandelor sudoripare. Re\u021beta a fost \u00eembog\u0103\u021bit\u0103 cu ingrediente antiinflamatoare \u0219i bactericide.<\/p>","protected":false},"excerpt":{"rendered":"<p>Mod de utilizare: Agita\u0163i bine \u00eenainte de utilizare. Pulveriza\u0163i de la o distan\u0163\u0103 de 15 cm de subra\u0163.In caz de contact cu ochii, cl\u0103ti\u021bi imediat cu apa din abunden\u021b\u0103. Descriere: Primul antiperspirant de la Garnier ce ofer\u0103 confort optim pielii \u0219i 96h* de protec\u021bie \u00eempotriva umidit\u0103\u021bii.deodorantul Garnier Mineral Action Control Clinical Deo v\u0103 va proteja [&hellip;]<\/p>\n","protected":false},"featured_media":8914,"comment_status":"open","ping_status":"closed","template":"","meta":{"_themeisle_gutenberg_block_has_review":false},"product_brand":[],"product_cat":[21,22],"product_tag":[],"class_list":{"0":"post-8913","1":"product","2":"type-product","3":"status-publish","4":"has-post-thumbnail","6":"product_cat-ingrijire","7":"product_cat-accesorii","8":"product_shipping_class-small-package","9":"entry","10":"has-media","12":"first","13":"onbackorder","14":"taxable","15":"shipping-taxable","16":"purchasable","17":"product-type-simple","18":"col","19":"span_1_of_3","20":"wvn-content-left","21":"wvn-thumbs-layout-horizontal","22":"wvn-btn-normal","23":"wvn-tabs-layout-horizontal","24":"has-no-thumbnails"},"jetpack_sharing_enabled":true,"_links":{"self":[{"href":"https:\/\/noacosmetics.ro\/en\/wp-json\/wp\/v2\/product\/8913","targetHints":{"allow":["GET"]}}],"collection":[{"href":"https:\/\/noacosmetics.ro\/en\/wp-json\/wp\/v2\/product"}],"about":[{"href":"https:\/\/noacosmetics.ro\/en\/wp-json\/wp\/v2\/types\/product"}],"replies":[{"embeddable":true,"href":"https:\/\/noacosmetics.ro\/en\/wp-json\/wp\/v2\/comments?post=8913"}],"wp:featuredmedia":[{"embeddable":true,"href":"https:\/\/noacosmetics.ro\/en\/wp-json\/wp\/v2\/media\/8914"}],"wp:attachment":[{"href":"https:\/\/noacosmetics.ro\/en\/wp-json\/wp\/v2\/media?parent=8913"}],"wp:term":[{"taxonomy":"product_brand","embeddable":true,"href":"https:\/\/noacosmetics.ro\/en\/wp-json\/wp\/v2\/product_brand?post=8913"},{"taxonomy":"product_cat","embeddable":true,"href":"https:\/\/noacosmetics.ro\/en\/wp-json\/wp\/v2\/product_cat?post=8913"},{"taxonomy":"product_tag","embeddable":true,"href":"https:\/\/noacosmetics.ro\/en\/wp-json\/wp\/v2\/product_tag?post=8913"}],"curies":[{"name":"wp","href":"https:\/\/api.w.org\/{rel}","templated":true}]}}