{"id":8925,"date":"2024-04-04T09:19:18","date_gmt":"2024-04-04T09:19:18","guid":{"rendered":"https:\/\/noacosmetics.ro\/?post_type=product&#038;p=8925"},"modified":"2024-04-26T08:50:43","modified_gmt":"2024-04-26T08:50:43","slug":"garnier-mineral-roll-on-action-control-50ml","status":"publish","type":"product","link":"https:\/\/noacosmetics.ro\/en\/product\/garnier-mineral-roll-on-action-control-50ml\/","title":{"rendered":"Garnier Mineral Roll-On Action Control 50ml"},"content":{"rendered":"<h4>Mod de utilizare:<\/h4>\n<p>Agita\u021bi bine antiperspirantul roll-on Garnier Mineral Action Control + \u00eenainte de utilizare. Aplica\u021bi-l zilnic direct pe pielea curat\u0103 \u0219i complet uscat\u0103 a axilelor. L\u0103sa\u021bi s\u0103 se usuce \u00eenainte de \u00eembr\u0103care. Repeta\u021bi aplicarea \u00een orice moment al zile<\/p>\n<h4>Descriere:<\/h4>\n<p>Conta\u021bi pe efectele puternice de absorb\u021bie ale mineralului de origine vulcanic\u0103. Acesta este con\u021binut \u00een antiperspirantul roll-on Garnier Mineral Action Control +, care v\u0103 protejeaz\u0103 de umezeala nepl\u0103cut\u0103 asociat\u0103 transpira\u021biei chiar \u0219i \u00een momentele cu adev\u0103rat agitate ale vie\u021bii. Datorit\u0103 concentra\u021biei ridicate de substan\u021be antiperspirante eficiente, va reduce produc\u021bia excesiv\u0103 de sudoare \u0219i va minimiza mirosul corporal timp de p\u00e2n\u0103 la 96 de ore.<br \/>\nMineralite \u2013 perlit de origine vulcanic\u0103, absoarbe eficient umiditatea transpira\u021biei, extract de ceai verde \u2013 calmeaz\u0103, amelioreaz\u0103 irita\u021bia \u0219i ro\u0219ea\u021ba nu con\u021bine alcool \u2013 nu provoac\u0103 irita\u021bii.<\/p>","protected":false},"excerpt":{"rendered":"<p>Mod de utilizare: Agita\u021bi bine antiperspirantul roll-on Garnier Mineral Action Control + \u00eenainte de utilizare. Aplica\u021bi-l zilnic direct pe pielea curat\u0103 \u0219i complet uscat\u0103 a axilelor. L\u0103sa\u021bi s\u0103 se usuce \u00eenainte de \u00eembr\u0103care. Repeta\u021bi aplicarea \u00een orice moment al zile Descriere: Conta\u021bi pe efectele puternice de absorb\u021bie ale mineralului de origine vulcanic\u0103. Acesta este con\u021binut [&hellip;]<\/p>\n","protected":false},"featured_media":8931,"comment_status":"open","ping_status":"closed","template":"","meta":{"_themeisle_gutenberg_block_has_review":false},"product_brand":[],"product_cat":[22,21,20],"product_tag":[],"class_list":{"0":"post-8925","1":"product","2":"type-product","3":"status-publish","4":"has-post-thumbnail","6":"product_cat-accesorii","7":"product_cat-ingrijire","8":"product_cat-make-up","9":"product_shipping_class-small-package","10":"entry","11":"has-media","13":"first","14":"onbackorder","15":"taxable","16":"shipping-taxable","17":"purchasable","18":"product-type-simple","19":"col","20":"span_1_of_3","21":"wvn-content-left","22":"wvn-thumbs-layout-horizontal","23":"wvn-btn-normal","24":"wvn-tabs-layout-horizontal"},"jetpack_sharing_enabled":true,"_links":{"self":[{"href":"https:\/\/noacosmetics.ro\/en\/wp-json\/wp\/v2\/product\/8925","targetHints":{"allow":["GET"]}}],"collection":[{"href":"https:\/\/noacosmetics.ro\/en\/wp-json\/wp\/v2\/product"}],"about":[{"href":"https:\/\/noacosmetics.ro\/en\/wp-json\/wp\/v2\/types\/product"}],"replies":[{"embeddable":true,"href":"https:\/\/noacosmetics.ro\/en\/wp-json\/wp\/v2\/comments?post=8925"}],"wp:featuredmedia":[{"embeddable":true,"href":"https:\/\/noacosmetics.ro\/en\/wp-json\/wp\/v2\/media\/8931"}],"wp:attachment":[{"href":"https:\/\/noacosmetics.ro\/en\/wp-json\/wp\/v2\/media?parent=8925"}],"wp:term":[{"taxonomy":"product_brand","embeddable":true,"href":"https:\/\/noacosmetics.ro\/en\/wp-json\/wp\/v2\/product_brand?post=8925"},{"taxonomy":"product_cat","embeddable":true,"href":"https:\/\/noacosmetics.ro\/en\/wp-json\/wp\/v2\/product_cat?post=8925"},{"taxonomy":"product_tag","embeddable":true,"href":"https:\/\/noacosmetics.ro\/en\/wp-json\/wp\/v2\/product_tag?post=8925"}],"curies":[{"name":"wp","href":"https:\/\/api.w.org\/{rel}","templated":true}]}}