{"id":8961,"date":"2024-04-04T09:50:17","date_gmt":"2024-04-04T09:50:17","guid":{"rendered":"https:\/\/noacosmetics.ro\/?post_type=product&#038;p=8961"},"modified":"2024-04-26T08:47:31","modified_gmt":"2024-04-26T08:47:31","slug":"elmiplant-collagen-masca-servetel-20ml","status":"publish","type":"product","link":"https:\/\/noacosmetics.ro\/en\/product\/elmiplant-collagen-masca-servetel-20ml\/","title":{"rendered":"Elmiplant Collagen Masca Servetel 20ml"},"content":{"rendered":"<h4>Mod de utilizare:<\/h4>\n<p>Ten normal\/Mixt 1. Deschide\u021bi pachetul \u00een zonele indicate.<br \/>\n2. Despacheta\u021bi masca \u0219i aplica\u021bi-o cu grij\u0103 pe tenul curat, evit\u00e2nd zona ochilor \u0219i a buzelor.<br \/>\n3. L\u0103sa\u021bi masca s\u0103 ac\u021bioneze pentru 15 minute.<br \/>\n4. \u00cendep\u0103rta\u021bi masca, desprinz\u00e2ndu-i u\u0219or marginile. Masa\u021bi tenul pentru ca excesul de produs s\u0103 fie absorbit \u00een totalitate sau utiliza\u021bi o dischet\u0103 demachiant\u0103 pentru a-l \u00eendep\u0103rta.<\/p>\n<h4>Descriere:<\/h4>\n<p>Ajut\u0103 pielea de sub ochi s\u0103 arate mai neted\u0103, mai ferm\u0103 \u0219i cu volum. Ofer\u0103 fermitate, rehidratare \u0219i ajut\u0103 la netezirea conturului ochilor.<\/p>\n<p>97% ingrediente de origine natural\u0103<br \/>\nTehnologie hidrogel<br \/>\nTestat dermatologic \u0219i oftalmologic<br \/>\nF\u0103r\u0103 parfum<\/p>","protected":false},"excerpt":{"rendered":"<p>Mod de utilizare: Ten normal\/Mixt 1. Deschide\u021bi pachetul \u00een zonele indicate. 2. Despacheta\u021bi masca \u0219i aplica\u021bi-o cu grij\u0103 pe tenul curat, evit\u00e2nd zona ochilor \u0219i a buzelor. 3. L\u0103sa\u021bi masca s\u0103 ac\u021bioneze pentru 15 minute. 4. \u00cendep\u0103rta\u021bi masca, desprinz\u00e2ndu-i u\u0219or marginile. Masa\u021bi tenul pentru ca excesul de produs s\u0103 fie absorbit \u00een totalitate sau utiliza\u021bi [&hellip;]<\/p>\n","protected":false},"featured_media":8962,"comment_status":"open","ping_status":"closed","template":"","meta":{"_themeisle_gutenberg_block_has_review":false},"product_brand":[],"product_cat":[72,75,21,76],"product_tag":[],"class_list":{"0":"post-8961","1":"product","2":"type-product","3":"status-publish","4":"has-post-thumbnail","6":"product_cat-ingrijire-fata","7":"product_cat-hidratare","8":"product_cat-ingrijire","9":"product_cat-masti","10":"product_shipping_class-small-package","11":"entry","12":"has-media","14":"first","15":"onbackorder","16":"taxable","17":"shipping-taxable","18":"purchasable","19":"product-type-simple","20":"col","21":"span_1_of_3","22":"wvn-content-left","23":"wvn-thumbs-layout-horizontal","24":"wvn-btn-normal","25":"wvn-tabs-layout-horizontal","26":"has-no-thumbnails"},"jetpack_sharing_enabled":true,"_links":{"self":[{"href":"https:\/\/noacosmetics.ro\/en\/wp-json\/wp\/v2\/product\/8961","targetHints":{"allow":["GET"]}}],"collection":[{"href":"https:\/\/noacosmetics.ro\/en\/wp-json\/wp\/v2\/product"}],"about":[{"href":"https:\/\/noacosmetics.ro\/en\/wp-json\/wp\/v2\/types\/product"}],"replies":[{"embeddable":true,"href":"https:\/\/noacosmetics.ro\/en\/wp-json\/wp\/v2\/comments?post=8961"}],"wp:featuredmedia":[{"embeddable":true,"href":"https:\/\/noacosmetics.ro\/en\/wp-json\/wp\/v2\/media\/8962"}],"wp:attachment":[{"href":"https:\/\/noacosmetics.ro\/en\/wp-json\/wp\/v2\/media?parent=8961"}],"wp:term":[{"taxonomy":"product_brand","embeddable":true,"href":"https:\/\/noacosmetics.ro\/en\/wp-json\/wp\/v2\/product_brand?post=8961"},{"taxonomy":"product_cat","embeddable":true,"href":"https:\/\/noacosmetics.ro\/en\/wp-json\/wp\/v2\/product_cat?post=8961"},{"taxonomy":"product_tag","embeddable":true,"href":"https:\/\/noacosmetics.ro\/en\/wp-json\/wp\/v2\/product_tag?post=8961"}],"curies":[{"name":"wp","href":"https:\/\/api.w.org\/{rel}","templated":true}]}}