{"id":9165,"date":"2024-04-05T10:36:24","date_gmt":"2024-04-05T10:36:24","guid":{"rendered":"https:\/\/noacosmetics.ro\/?post_type=product&#038;p=9165"},"modified":"2024-11-10T07:10:32","modified_gmt":"2024-11-10T07:10:32","slug":"neutrogena-lotiune-de-corp-deep-moisture-sensitive-400ml","status":"publish","type":"product","link":"https:\/\/noacosmetics.ro\/en\/product\/neutrogena-lotiune-de-corp-deep-moisture-sensitive-400ml\/","title":{"rendered":"Neutrogena Lotiune de Corp Deep Moisture Sensitive 400ml"},"content":{"rendered":"<h4>Mod de utilizare:<\/h4>\n<p>Aplica\u021bi zilnic pe toat\u0103 suprafa\u021ba corpului, preferabil dup\u0103 du\u0219 sau baie.<\/p>\n<h4>Descriere:<\/h4>\n<p>Hidratare intens\u0103<br \/>\nPentru pielea uscat\u0103 \u0219i sensibil\u0103<br \/>\nCu glicerin\u0103<br \/>\nTestat\u0103 dermatologic<\/p>\n<p>Formula unic\u0103 a lo\u021biunii de corp intens hidratant\u0103 hipoalergenic\u0103 de la Neutrogena este \u00eembog\u0103\u021bit\u0103 cu glicerin\u0103 hidratant\u0103 pentru calmare \u0219i hidratare timp de 48 de ore. Aceasta se absoarbe instant \u00een piele \u0219i este dovedit clinic c\u0103 asigur\u0103 o hidratare activ\u0103 a pielii p\u00e2n\u0103 la 10 straturi \u00een profunzime, oferind hidratare activ\u0103 a pielii unde este nevoie mai mare.<\/p>","protected":false},"excerpt":{"rendered":"<p>Mod de utilizare: Aplica\u021bi zilnic pe toat\u0103 suprafa\u021ba corpului, preferabil dup\u0103 du\u0219 sau baie. Descriere: Hidratare intens\u0103 Pentru pielea uscat\u0103 \u0219i sensibil\u0103 Cu glicerin\u0103 Testat\u0103 dermatologic Formula unic\u0103 a lo\u021biunii de corp intens hidratant\u0103 hipoalergenic\u0103 de la Neutrogena este \u00eembog\u0103\u021bit\u0103 cu glicerin\u0103 hidratant\u0103 pentru calmare \u0219i hidratare timp de 48 de ore. Aceasta se absoarbe [&hellip;]<\/p>\n","protected":false},"featured_media":9167,"comment_status":"open","ping_status":"closed","template":"","meta":{"_themeisle_gutenberg_block_has_review":false},"product_brand":[],"product_cat":[21,81,79],"product_tag":[],"class_list":{"0":"post-9165","1":"product","2":"type-product","3":"status-publish","4":"has-post-thumbnail","6":"product_cat-ingrijire","7":"product_cat-hidratare-corp","8":"product_cat-ingrijire-corp","9":"product_shipping_class-small-package","10":"entry","11":"has-media","13":"first","14":"onbackorder","15":"taxable","16":"shipping-taxable","17":"purchasable","18":"product-type-simple","19":"col","20":"span_1_of_3","21":"wvn-content-left","22":"wvn-thumbs-layout-horizontal","23":"wvn-btn-normal","24":"wvn-tabs-layout-horizontal","25":"has-no-thumbnails"},"jetpack_sharing_enabled":true,"_links":{"self":[{"href":"https:\/\/noacosmetics.ro\/en\/wp-json\/wp\/v2\/product\/9165","targetHints":{"allow":["GET"]}}],"collection":[{"href":"https:\/\/noacosmetics.ro\/en\/wp-json\/wp\/v2\/product"}],"about":[{"href":"https:\/\/noacosmetics.ro\/en\/wp-json\/wp\/v2\/types\/product"}],"replies":[{"embeddable":true,"href":"https:\/\/noacosmetics.ro\/en\/wp-json\/wp\/v2\/comments?post=9165"}],"wp:featuredmedia":[{"embeddable":true,"href":"https:\/\/noacosmetics.ro\/en\/wp-json\/wp\/v2\/media\/9167"}],"wp:attachment":[{"href":"https:\/\/noacosmetics.ro\/en\/wp-json\/wp\/v2\/media?parent=9165"}],"wp:term":[{"taxonomy":"product_brand","embeddable":true,"href":"https:\/\/noacosmetics.ro\/en\/wp-json\/wp\/v2\/product_brand?post=9165"},{"taxonomy":"product_cat","embeddable":true,"href":"https:\/\/noacosmetics.ro\/en\/wp-json\/wp\/v2\/product_cat?post=9165"},{"taxonomy":"product_tag","embeddable":true,"href":"https:\/\/noacosmetics.ro\/en\/wp-json\/wp\/v2\/product_tag?post=9165"}],"curies":[{"name":"wp","href":"https:\/\/api.w.org\/{rel}","templated":true}]}}