{"id":9187,"date":"2024-04-05T11:11:43","date_gmt":"2024-04-05T11:11:43","guid":{"rendered":"https:\/\/noacosmetics.ro\/?post_type=product&#038;p=9187"},"modified":"2025-08-09T07:25:22","modified_gmt":"2025-08-09T07:25:22","slug":"sensodyne-complete-protection-fresh-mint-75ml","status":"publish","type":"product","link":"https:\/\/noacosmetics.ro\/en\/product\/sensodyne-complete-protection-fresh-mint-75ml\/","title":{"rendered":"Sensodyne Complete Protection Fresh Mint 75ml"},"content":{"rendered":"<h4>Mod de utilizare:<\/h4>\n<p>Peria\u021bi din\u021bii de dou\u0103 ori pe zi pentru protec\u021bia de lung\u0103 durat\u0103 \u00eempotriva durerii cauzate de sensibilitatea dentar\u0103.<\/p>\n<h4>Descriere:<\/h4>\n<p>Sensodyne Complete Protection este o past\u0103 de din\u021bi complet\u0103, oferind 7 beneficii pentru din\u021bii sensibili. Con\u021bine fluorur\u0103 de staniu care obtureaz\u0103 canaliculele dentinare expuse, acoperind suprafa\u021ba dentinar\u0103 cu un strat protector. \u00cendep\u0103rteaz\u0103 placa bacterian\u0103 prin formula cu tripolifosfat de sodiu \u0219i siliciu \u0219i ajut\u0103 la \u00eendep\u0103rtarea tartrului dentar.A nu se lasa la indemana copiilor.<\/p>","protected":false},"excerpt":{"rendered":"<p>Mod de utilizare: Peria\u021bi din\u021bii de dou\u0103 ori pe zi pentru protec\u021bia de lung\u0103 durat\u0103 \u00eempotriva durerii cauzate de sensibilitatea dentar\u0103. Descriere: Sensodyne Complete Protection este o past\u0103 de din\u021bi complet\u0103, oferind 7 beneficii pentru din\u021bii sensibili. Con\u021bine fluorur\u0103 de staniu care obtureaz\u0103 canaliculele dentinare expuse, acoperind suprafa\u021ba dentinar\u0103 cu un strat protector. \u00cendep\u0103rteaz\u0103 placa [&hellip;]<\/p>\n","protected":false},"featured_media":9188,"comment_status":"open","ping_status":"closed","template":"","meta":{"_themeisle_gutenberg_block_has_review":false},"product_brand":[],"product_cat":[97],"product_tag":[],"class_list":{"0":"post-9187","1":"product","2":"type-product","3":"status-publish","4":"has-post-thumbnail","6":"product_cat-igiena-orala","7":"product_shipping_class-small-package","8":"entry","9":"has-media","11":"first","12":"onbackorder","13":"taxable","14":"shipping-taxable","15":"purchasable","16":"product-type-simple","17":"col","18":"span_1_of_3","19":"wvn-content-left","20":"wvn-thumbs-layout-horizontal","21":"wvn-btn-normal","22":"wvn-tabs-layout-horizontal","23":"has-no-thumbnails"},"jetpack_sharing_enabled":true,"_links":{"self":[{"href":"https:\/\/noacosmetics.ro\/en\/wp-json\/wp\/v2\/product\/9187","targetHints":{"allow":["GET"]}}],"collection":[{"href":"https:\/\/noacosmetics.ro\/en\/wp-json\/wp\/v2\/product"}],"about":[{"href":"https:\/\/noacosmetics.ro\/en\/wp-json\/wp\/v2\/types\/product"}],"replies":[{"embeddable":true,"href":"https:\/\/noacosmetics.ro\/en\/wp-json\/wp\/v2\/comments?post=9187"}],"wp:featuredmedia":[{"embeddable":true,"href":"https:\/\/noacosmetics.ro\/en\/wp-json\/wp\/v2\/media\/9188"}],"wp:attachment":[{"href":"https:\/\/noacosmetics.ro\/en\/wp-json\/wp\/v2\/media?parent=9187"}],"wp:term":[{"taxonomy":"product_brand","embeddable":true,"href":"https:\/\/noacosmetics.ro\/en\/wp-json\/wp\/v2\/product_brand?post=9187"},{"taxonomy":"product_cat","embeddable":true,"href":"https:\/\/noacosmetics.ro\/en\/wp-json\/wp\/v2\/product_cat?post=9187"},{"taxonomy":"product_tag","embeddable":true,"href":"https:\/\/noacosmetics.ro\/en\/wp-json\/wp\/v2\/product_tag?post=9187"}],"curies":[{"name":"wp","href":"https:\/\/api.w.org\/{rel}","templated":true}]}}