{"id":9189,"date":"2024-04-05T11:13:48","date_gmt":"2024-04-05T11:13:48","guid":{"rendered":"https:\/\/noacosmetics.ro\/?post_type=product&#038;p=9189"},"modified":"2024-04-26T08:40:26","modified_gmt":"2024-04-26T08:40:26","slug":"aquafresh-periuta-dinti-standard","status":"publish","type":"product","link":"https:\/\/noacosmetics.ro\/en\/product\/aquafresh-periuta-dinti-standard\/","title":{"rendered":"Aquafresh Periuta Dinti Standard"},"content":{"rendered":"<h4>Descriere:<\/h4>\n<p>Aceast\u0103 periu\u021b\u0103 este conceput\u0103 pentru a oferi o cur\u0103\u021bare eficient\u0103 \u0219i complet\u0103 a din\u021bilor, f\u0103c\u00e2ndu-\u021bi z\u00e2mbetul s\u0103 str\u0103luceasc\u0103 de s\u0103n\u0103tate \u0219i prospe\u021bime.Periu\u021ba este construit\u0103 pentru a rezista utiliz\u0103rii zilnice \u0219i pentru a-\u021bi oferi o igien\u0103 oral\u0103 constant\u0103.<\/p>\n<p>&nbsp;<\/p>","protected":false},"excerpt":{"rendered":"<p>Descriere: Aceast\u0103 periu\u021b\u0103 este conceput\u0103 pentru a oferi o cur\u0103\u021bare eficient\u0103 \u0219i complet\u0103 a din\u021bilor, f\u0103c\u00e2ndu-\u021bi z\u00e2mbetul s\u0103 str\u0103luceasc\u0103 de s\u0103n\u0103tate \u0219i prospe\u021bime.Periu\u021ba este construit\u0103 pentru a rezista utiliz\u0103rii zilnice \u0219i pentru a-\u021bi oferi o igien\u0103 oral\u0103 constant\u0103. &nbsp;<\/p>","protected":false},"featured_media":9190,"comment_status":"open","ping_status":"closed","template":"","meta":{"_themeisle_gutenberg_block_has_review":false},"product_brand":[],"product_cat":[97],"product_tag":[],"class_list":{"0":"post-9189","1":"product","2":"type-product","3":"status-publish","4":"has-post-thumbnail","6":"product_cat-igiena-orala","7":"product_shipping_class-small-package","8":"entry","9":"has-media","11":"first","12":"onbackorder","13":"taxable","14":"shipping-taxable","15":"purchasable","16":"product-type-simple","17":"col","18":"span_1_of_3","19":"wvn-content-left","20":"wvn-thumbs-layout-horizontal","21":"wvn-btn-normal","22":"wvn-tabs-layout-horizontal","23":"has-no-thumbnails"},"jetpack_sharing_enabled":true,"_links":{"self":[{"href":"https:\/\/noacosmetics.ro\/en\/wp-json\/wp\/v2\/product\/9189","targetHints":{"allow":["GET"]}}],"collection":[{"href":"https:\/\/noacosmetics.ro\/en\/wp-json\/wp\/v2\/product"}],"about":[{"href":"https:\/\/noacosmetics.ro\/en\/wp-json\/wp\/v2\/types\/product"}],"replies":[{"embeddable":true,"href":"https:\/\/noacosmetics.ro\/en\/wp-json\/wp\/v2\/comments?post=9189"}],"wp:featuredmedia":[{"embeddable":true,"href":"https:\/\/noacosmetics.ro\/en\/wp-json\/wp\/v2\/media\/9190"}],"wp:attachment":[{"href":"https:\/\/noacosmetics.ro\/en\/wp-json\/wp\/v2\/media?parent=9189"}],"wp:term":[{"taxonomy":"product_brand","embeddable":true,"href":"https:\/\/noacosmetics.ro\/en\/wp-json\/wp\/v2\/product_brand?post=9189"},{"taxonomy":"product_cat","embeddable":true,"href":"https:\/\/noacosmetics.ro\/en\/wp-json\/wp\/v2\/product_cat?post=9189"},{"taxonomy":"product_tag","embeddable":true,"href":"https:\/\/noacosmetics.ro\/en\/wp-json\/wp\/v2\/product_tag?post=9189"}],"curies":[{"name":"wp","href":"https:\/\/api.w.org\/{rel}","templated":true}]}}