{"id":9192,"date":"2024-04-05T11:15:59","date_gmt":"2024-04-05T11:15:59","guid":{"rendered":"https:\/\/noacosmetics.ro\/?post_type=product&#038;p=9192"},"modified":"2024-04-26T08:40:17","modified_gmt":"2024-04-26T08:40:17","slug":"listerine-cool-mint-250ml","status":"publish","type":"product","link":"https:\/\/noacosmetics.ro\/en\/product\/listerine-cool-mint-250ml\/","title":{"rendered":"Listerine Cool Mint 250ml"},"content":{"rendered":"<h4>Mod de utilizare:<\/h4>\n<p>Nu este destinat\u0103 copiilor sub 12 ani. A nu se \u00eenghi\u021bi. Dac\u0103 a\u021bi \u00eenghi\u021bit, consulta\u021bi doctorul. A nu se folosi dac\u0103 sunte\u021bi alergic la unul din ingrediente. Opri\u021bi utilizarea \u0219i consulta\u021bi dentistul dac\u0103 apare irita\u021bie oral\u0103. A nu se l\u0103sa la \u00eendem\u00e2na copiiilor.Eficient\u0103 \u00een special atunci c\u00e2nd este utilizat\u0103 diminea\u021ba \u0219i seara, dup\u0103 periaj. Turna\u021bi 20 ml (4 linguri\u021be x 5 ml) \u00eentr-un pahar, cl\u0103ti\u021bi din\u021bii \u0219i gingiile timp de 30 de secunde, apoi scuipa\u021bi<\/p>\n<h4>Descriere:<\/h4>\n<p>Este dovedit clinic faptul c\u0103 folosit\u0103 de dou\u0103 ori de zi, apa de gur\u0103 listerine Cool Mint oferp protec\u021bie \u00eempotriva pl\u0103cii dentare timp de 24 de ore \u0219i o respira\u021bie proasp\u0103t\u0103. Previne \u015fi reduce placa dentar\u0103, o cauz\u0103 principal\u0103 a afec\u0163iunilor gingivale<br \/>\n\u00cendep\u0103rteaz\u0103 bacteriile dintre din\u0163i<br \/>\n\u00cemprosp\u0103teaz\u0103 respira\u0163ia<\/p>","protected":false},"excerpt":{"rendered":"<p>Mod de utilizare: Nu este destinat\u0103 copiilor sub 12 ani. A nu se \u00eenghi\u021bi. Dac\u0103 a\u021bi \u00eenghi\u021bit, consulta\u021bi doctorul. A nu se folosi dac\u0103 sunte\u021bi alergic la unul din ingrediente. Opri\u021bi utilizarea \u0219i consulta\u021bi dentistul dac\u0103 apare irita\u021bie oral\u0103. A nu se l\u0103sa la \u00eendem\u00e2na copiiilor.Eficient\u0103 \u00een special atunci c\u00e2nd este utilizat\u0103 diminea\u021ba \u0219i seara, [&hellip;]<\/p>\n","protected":false},"featured_media":9193,"comment_status":"open","ping_status":"closed","template":"","meta":{"_themeisle_gutenberg_block_has_review":false},"product_brand":[],"product_cat":[97],"product_tag":[],"class_list":{"0":"post-9192","1":"product","2":"type-product","3":"status-publish","4":"has-post-thumbnail","6":"product_cat-igiena-orala","7":"product_shipping_class-small-package","8":"entry","9":"has-media","11":"first","12":"onbackorder","13":"taxable","14":"shipping-taxable","15":"purchasable","16":"product-type-simple","17":"col","18":"span_1_of_3","19":"wvn-content-left","20":"wvn-thumbs-layout-horizontal","21":"wvn-btn-normal","22":"wvn-tabs-layout-horizontal","23":"has-no-thumbnails"},"jetpack_sharing_enabled":true,"_links":{"self":[{"href":"https:\/\/noacosmetics.ro\/en\/wp-json\/wp\/v2\/product\/9192","targetHints":{"allow":["GET"]}}],"collection":[{"href":"https:\/\/noacosmetics.ro\/en\/wp-json\/wp\/v2\/product"}],"about":[{"href":"https:\/\/noacosmetics.ro\/en\/wp-json\/wp\/v2\/types\/product"}],"replies":[{"embeddable":true,"href":"https:\/\/noacosmetics.ro\/en\/wp-json\/wp\/v2\/comments?post=9192"}],"wp:featuredmedia":[{"embeddable":true,"href":"https:\/\/noacosmetics.ro\/en\/wp-json\/wp\/v2\/media\/9193"}],"wp:attachment":[{"href":"https:\/\/noacosmetics.ro\/en\/wp-json\/wp\/v2\/media?parent=9192"}],"wp:term":[{"taxonomy":"product_brand","embeddable":true,"href":"https:\/\/noacosmetics.ro\/en\/wp-json\/wp\/v2\/product_brand?post=9192"},{"taxonomy":"product_cat","embeddable":true,"href":"https:\/\/noacosmetics.ro\/en\/wp-json\/wp\/v2\/product_cat?post=9192"},{"taxonomy":"product_tag","embeddable":true,"href":"https:\/\/noacosmetics.ro\/en\/wp-json\/wp\/v2\/product_tag?post=9192"}],"curies":[{"name":"wp","href":"https:\/\/api.w.org\/{rel}","templated":true}]}}