{"id":9196,"date":"2024-04-05T11:20:42","date_gmt":"2024-04-05T11:20:42","guid":{"rendered":"https:\/\/noacosmetics.ro\/?post_type=product&#038;p=9196"},"modified":"2024-04-26T08:39:47","modified_gmt":"2024-04-26T08:39:47","slug":"durex-lubrifiant-warming-50ml","status":"publish","type":"product","link":"https:\/\/noacosmetics.ro\/en\/product\/durex-lubrifiant-warming-50ml\/","title":{"rendered":"Durex Lubrifiant Warming 50ml"},"content":{"rendered":"<p>&nbsp;<\/p>\n<h4>Mod de utilizare:<\/h4>\n<p>Pasul 1:<br \/>\nSe desface capacul tubului de lubrifiant;<br \/>\nPasul 2:<br \/>\nSe str\u00e2nge tubul de lubrifiant p\u00e2n\u0103 la scurgerea cantit\u0103\u021bii dorite;<br \/>\nPasul 3:<br \/>\nSe maseaz\u0103 u\u0219or pe zona dorit\u0103;<br \/>\nPasul 4:<br \/>\nSe poate reaplica de c\u00e2te ori este nevoie.<\/p>\n<p>Utilizeaz\u0103 numai \u00een conformitate cu instruc\u021biunile. Lubrifiantul Durex Warming este potrivit pentru contact sexual vaginal, anal \u0219i oral. Nu este contraceptiv \u0219i nu con\u021bine spermicid. Gelurile lubrifiante Durex pot \u00eencetini motilitatea spermei. A se evita contactul cu ochii, cu pielea care prezint\u0103 leziuni sau r\u0103ni. \u00cen caz de irita\u021bie, \u00eentrerupe utilizarea lubrifiantului. Dac\u0103 irita\u021bia persist\u0103, e\u0219ti \u00eens\u0103rcinat\u0103, al\u0103ptezi sau dac\u0103 te confrun\u021bi cu usc\u0103ciune vaginal\u0103 persistent\u0103, consult\u0103 medicul.<br \/>\nDe\u0219i nu prezint\u0103 riscuri dac\u0103 este ingerat, lubrifiantul nu este un aliment. A nu se l\u0103sa la \u00eendem\u00e2na copiilor. A se p\u0103stra \u00eentr-un loc uscat \u0219i r\u0103coros, ferit de lumina direct\u0103 a soarelui. A se utiliza \u00een maxim trei luni de la deschidere.<\/p>\n<h4>Descriere:<\/h4>\n<p>Uneori, femeile se confrunt\u0103 cu usc\u0103ciunea vaginal\u0103 ceea ce provoac\u0103 durere sau disconfort \u00een timpul actului sexual. Durex Warming Lube este un lubrifiant cu o textur\u0103 u\u0219oar\u0103 pe baz\u0103 de ap\u0103, nelipicios, care are un ingredient special ce \u00eenc\u0103lze\u0219te pielea dup\u0103 aplicare.<\/p>\n<p>Gel lubrifiant pe baz\u0103 de glicerin\u0103 ce \u00eencalze\u0219te zonele intime<br \/>\nCantitate: 50ml<br \/>\nPotrivit pentru utilizarea \u00eempreun\u0103 cu prezervative din latex \u0219i poliizopren<br \/>\nPotrivit pentru contact sexual vaginal, anal si oral.<br \/>\nTestat dermatologic;<br \/>\nNu este contraceptiv \u0219i nu con\u021bine spermicid.Cu peste 90 de ani de experien\u021b\u0103, Durex reprezint\u0103 o marc\u0103 de \u00eencredere pentru milioane de oameni din \u00eentreaga lume, \u00een fiecare zi. Durex \u00eentrune\u0219te toate standardele de calitate pentru prezervative \u0219i lubrifian\u021bi, la nivel mondial, oferindu-\u021bi \u00eencredere pentru o via\u021b\u0103 sexual\u0103 f\u0103r\u0103 griji. Lubrifian\u021bii Durex sunt testa\u021bi dermatologic, duc\u00e2nd la ameliorarea senza\u021biei de usc\u0103ciune vaginal\u0103.<\/p>","protected":false},"excerpt":{"rendered":"<p>&nbsp; Mod de utilizare: Pasul 1: Se desface capacul tubului de lubrifiant; Pasul 2: Se str\u00e2nge tubul de lubrifiant p\u00e2n\u0103 la scurgerea cantit\u0103\u021bii dorite; Pasul 3: Se maseaz\u0103 u\u0219or pe zona dorit\u0103; Pasul 4: Se poate reaplica de c\u00e2te ori este nevoie. Utilizeaz\u0103 numai \u00een conformitate cu instruc\u021biunile. Lubrifiantul Durex Warming este potrivit pentru contact [&hellip;]<\/p>\n","protected":false},"featured_media":9197,"comment_status":"open","ping_status":"closed","template":"","meta":{"_themeisle_gutenberg_block_has_review":false},"product_brand":[],"product_cat":[98],"product_tag":[],"class_list":{"0":"post-9196","1":"product","2":"type-product","3":"status-publish","4":"has-post-thumbnail","6":"product_cat-igiena-intima","7":"product_shipping_class-small-package","8":"entry","9":"has-media","11":"first","12":"onbackorder","13":"taxable","14":"shipping-taxable","15":"purchasable","16":"product-type-simple","17":"col","18":"span_1_of_3","19":"wvn-content-left","20":"wvn-thumbs-layout-horizontal","21":"wvn-btn-normal","22":"wvn-tabs-layout-horizontal","23":"has-no-thumbnails"},"jetpack_sharing_enabled":true,"_links":{"self":[{"href":"https:\/\/noacosmetics.ro\/en\/wp-json\/wp\/v2\/product\/9196","targetHints":{"allow":["GET"]}}],"collection":[{"href":"https:\/\/noacosmetics.ro\/en\/wp-json\/wp\/v2\/product"}],"about":[{"href":"https:\/\/noacosmetics.ro\/en\/wp-json\/wp\/v2\/types\/product"}],"replies":[{"embeddable":true,"href":"https:\/\/noacosmetics.ro\/en\/wp-json\/wp\/v2\/comments?post=9196"}],"wp:featuredmedia":[{"embeddable":true,"href":"https:\/\/noacosmetics.ro\/en\/wp-json\/wp\/v2\/media\/9197"}],"wp:attachment":[{"href":"https:\/\/noacosmetics.ro\/en\/wp-json\/wp\/v2\/media?parent=9196"}],"wp:term":[{"taxonomy":"product_brand","embeddable":true,"href":"https:\/\/noacosmetics.ro\/en\/wp-json\/wp\/v2\/product_brand?post=9196"},{"taxonomy":"product_cat","embeddable":true,"href":"https:\/\/noacosmetics.ro\/en\/wp-json\/wp\/v2\/product_cat?post=9196"},{"taxonomy":"product_tag","embeddable":true,"href":"https:\/\/noacosmetics.ro\/en\/wp-json\/wp\/v2\/product_tag?post=9196"}],"curies":[{"name":"wp","href":"https:\/\/api.w.org\/{rel}","templated":true}]}}