{"id":9222,"date":"2024-04-05T11:47:50","date_gmt":"2024-04-05T11:47:50","guid":{"rendered":"https:\/\/noacosmetics.ro\/?post_type=product&#038;p=9222"},"modified":"2024-04-26T08:37:18","modified_gmt":"2024-04-26T08:37:18","slug":"loncolor-expert-silver-reflex-sampon-nuantator-250ml","status":"publish","type":"product","link":"https:\/\/noacosmetics.ro\/en\/product\/loncolor-expert-silver-reflex-sampon-nuantator-250ml\/","title":{"rendered":"Loncolor Expert Silver Reflex.Sampon Nuantator 250ml"},"content":{"rendered":"<h4>Mod de utilizare:<\/h4>\n<p>\u0218amponul se distribuie uniform pe p\u0103rul umed, se maseaz\u0103 u\u0219or \u0219i se las\u0103 s\u0103 ac\u021bioneze p\u00e2n\u0103 la 5 minute. Se cl\u0103tesc, at\u00e2t p\u0103rul c\u00e2t \u0219i m\u00e2inile, cu ap\u0103 din abunden\u021b\u0103<\/p>\n<h4>Descriere:<\/h4>\n<p>Atenueaz\u0103 tent\u0103 g\u0103lbuie a p\u0103rului blond deschis<br \/>\nReflexii argintii<\/p>\n<p>Creat pentru femei \u0219i b\u0103rba\u021bi, \u0219amponul nuan\u021bator gri atenueaz\u0103 tenta g\u0103lbuie a p\u0103rului blond deschis, grizonat sau alb. Special formulat cu cheratin\u0103 hidrolizat\u0103, \u0219amponul nuan\u021bator de p\u0103r cur\u0103\u021b\u0103 delicat \u0219i confer\u0103 str\u0103lucire argintie natural\u0103 \u0219i uniform\u0103 p\u0103rului blond deschis, grizonat sau alb.Evita\u021bi contactul produsului cu ochii! \u00cen cazul contactului accidental cu ochii, cl\u0103ti\u021bi imediat cu mult\u0103 ap\u0103!<\/p>\n<p>NU L\u0102SA\u021aI LA \u00ceNDEM\u00c2N\u0102 COPIILOR! NU UTILIZA\u021aI LA COPII<\/p>","protected":false},"excerpt":{"rendered":"<p>Mod de utilizare: \u0218amponul se distribuie uniform pe p\u0103rul umed, se maseaz\u0103 u\u0219or \u0219i se las\u0103 s\u0103 ac\u021bioneze p\u00e2n\u0103 la 5 minute. Se cl\u0103tesc, at\u00e2t p\u0103rul c\u00e2t \u0219i m\u00e2inile, cu ap\u0103 din abunden\u021b\u0103 Descriere: Atenueaz\u0103 tent\u0103 g\u0103lbuie a p\u0103rului blond deschis Reflexii argintii Creat pentru femei \u0219i b\u0103rba\u021bi, \u0219amponul nuan\u021bator gri atenueaz\u0103 tenta g\u0103lbuie a [&hellip;]<\/p>\n","protected":false},"featured_media":9219,"comment_status":"open","ping_status":"closed","template":"","meta":{"_themeisle_gutenberg_block_has_review":false},"product_brand":[],"product_cat":[21,88,83,84],"product_tag":[],"class_list":{"0":"post-9222","1":"product","2":"type-product","3":"status-publish","4":"has-post-thumbnail","6":"product_cat-ingrijire","7":"product_cat-colorare","8":"product_cat-ingrijire-par","9":"product_cat-sampon","10":"product_shipping_class-small-package","11":"entry","12":"has-media","14":"first","15":"onbackorder","16":"taxable","17":"shipping-taxable","18":"purchasable","19":"product-type-simple","20":"col","21":"span_1_of_3","22":"wvn-content-left","23":"wvn-thumbs-layout-horizontal","24":"wvn-btn-normal","25":"wvn-tabs-layout-horizontal","26":"has-no-thumbnails"},"jetpack_sharing_enabled":true,"_links":{"self":[{"href":"https:\/\/noacosmetics.ro\/en\/wp-json\/wp\/v2\/product\/9222","targetHints":{"allow":["GET"]}}],"collection":[{"href":"https:\/\/noacosmetics.ro\/en\/wp-json\/wp\/v2\/product"}],"about":[{"href":"https:\/\/noacosmetics.ro\/en\/wp-json\/wp\/v2\/types\/product"}],"replies":[{"embeddable":true,"href":"https:\/\/noacosmetics.ro\/en\/wp-json\/wp\/v2\/comments?post=9222"}],"wp:featuredmedia":[{"embeddable":true,"href":"https:\/\/noacosmetics.ro\/en\/wp-json\/wp\/v2\/media\/9219"}],"wp:attachment":[{"href":"https:\/\/noacosmetics.ro\/en\/wp-json\/wp\/v2\/media?parent=9222"}],"wp:term":[{"taxonomy":"product_brand","embeddable":true,"href":"https:\/\/noacosmetics.ro\/en\/wp-json\/wp\/v2\/product_brand?post=9222"},{"taxonomy":"product_cat","embeddable":true,"href":"https:\/\/noacosmetics.ro\/en\/wp-json\/wp\/v2\/product_cat?post=9222"},{"taxonomy":"product_tag","embeddable":true,"href":"https:\/\/noacosmetics.ro\/en\/wp-json\/wp\/v2\/product_tag?post=9222"}],"curies":[{"name":"wp","href":"https:\/\/api.w.org\/{rel}","templated":true}]}}