{"id":9465,"date":"2024-04-13T06:45:06","date_gmt":"2024-04-13T06:45:06","guid":{"rendered":"https:\/\/noacosmetics.ro\/?post_type=product&#038;p=9465"},"modified":"2024-04-26T08:33:07","modified_gmt":"2024-04-26T08:33:07","slug":"ect-flawless-foundation-brush-1pcs","status":"publish","type":"product","link":"https:\/\/noacosmetics.ro\/en\/product\/ect-flawless-foundation-brush-1pcs\/","title":{"rendered":"ECT FLAWLESS FOUNDATION BRUSH 1PCS"},"content":{"rendered":"<h4>Mod de utilizare:<\/h4>\n<p>Aplica\u021bi fond de ten pe toat\u0103 fa\u021ba. Utiliza\u021bi partea lateral\u0103 a pensulei pentru a aplica fondul de ten \u00een mi\u0219c\u0103ri de vopsea \u00een jos. Utiliza\u021bi partea plat\u0103 \u0219i amesteca\u021bi din centrul fe\u021bei spre exterior pentru un finisaj f\u0103r\u0103 urme.Cur\u0103\u021ba\u021bi s\u0103pt\u0103m\u00e2nal cu peria \u0219i gelul nostru de cur\u0103\u021bare cu burete EcoTools pentru performan\u021be \u00eembun\u0103t\u0103\u021bite.<\/p>\n<p>Precau\u021bii: A nu se utiliza pe pielea iritat\u0103, deteriorat\u0103 sau rupt\u0103. Dac\u0103 apare irita\u021bie, \u00eentrerupe\u021bi imediat utilizarea. \u00cenlocui\u021bi la fiecare 12 luni<\/p>\n<h4>Descriere:<\/h4>\n<p>Experimenta\u021bi perii luxos, ultra moi, dens, cu pensula de machiaj pentru fond de ten EcoTools Luxe Flawless, pentru o aplicare f\u0103r\u0103 \u00eentreruperi a lichidelor, cremelor \u0219i pudrelor pentru o acoperire mai deplin\u0103. Cu un m\u00e2ner ergonomic, ecologic 100% din materiale reciclate post-consum, creat pentru mai mult control \u0219i precizie, ob\u021bine\u021bi un finisaj f\u0103r\u0103 urme. Asocia\u021bi pensulele noastre de machiaj din colec\u021bia Luxe de \u00eenalt\u0103 calitate cu fondul de ten lichid, pudre \u0219i bronzante preferate pentru a crea un aspect natural, f\u0103r\u0103 efort. Pensula perfect\u0103 pentru fond de ten, care a fost f\u0103cut\u0103 pentru a fi folosit\u0103 cu machiajul lichid, este vegan\u0103, 100% f\u0103r\u0103 cruzime \u0219i certificat\u0103 PETA, netestat\u0103 pe animale. Partea acestei pensule este perfect\u0103 pentru tamponarea fondului de ten cu o mi\u0219care \u00een jos, \u00een timp ce partea plat\u0103 este perfect\u0103 pentru amestecarea de la centru spre exterior pentru a avea un finisaj f\u0103r\u0103 dungi. Partea cu capul plat poate fi folosit\u0103 \u0219i pentru conturarea fe\u021bei \u0219i sculptarea obrajilor. Face parte din colec\u021bia EcoTools Luxe de accesorii de \u00eenfrumuse\u021bare concepute cu cei mai moi peri de p\u00e2n\u0103 acum pentru a ob\u021bine rezultate profesionale asupra aspectului natural.<\/p>","protected":false},"excerpt":{"rendered":"<p>Mod de utilizare: Aplica\u021bi fond de ten pe toat\u0103 fa\u021ba. Utiliza\u021bi partea lateral\u0103 a pensulei pentru a aplica fondul de ten \u00een mi\u0219c\u0103ri de vopsea \u00een jos. Utiliza\u021bi partea plat\u0103 \u0219i amesteca\u021bi din centrul fe\u021bei spre exterior pentru un finisaj f\u0103r\u0103 urme.Cur\u0103\u021ba\u021bi s\u0103pt\u0103m\u00e2nal cu peria \u0219i gelul nostru de cur\u0103\u021bare cu burete EcoTools pentru performan\u021be [&hellip;]<\/p>\n","protected":false},"featured_media":9681,"comment_status":"open","ping_status":"closed","template":"","meta":{"_themeisle_gutenberg_block_has_review":false},"product_brand":[],"product_cat":[22,59,55,20],"product_tag":[],"class_list":{"0":"post-9465","1":"product","2":"type-product","3":"status-publish","4":"has-post-thumbnail","6":"product_cat-accesorii","7":"product_cat-contur","8":"product_cat-fond-de-ten","9":"product_cat-make-up","10":"product_shipping_class-small-package","11":"entry","12":"has-media","14":"first","15":"onbackorder","16":"taxable","17":"shipping-taxable","18":"purchasable","19":"product-type-simple","20":"col","21":"span_1_of_3","22":"wvn-content-left","23":"wvn-thumbs-layout-horizontal","24":"wvn-btn-normal","25":"wvn-tabs-layout-horizontal"},"jetpack_sharing_enabled":true,"_links":{"self":[{"href":"https:\/\/noacosmetics.ro\/en\/wp-json\/wp\/v2\/product\/9465","targetHints":{"allow":["GET"]}}],"collection":[{"href":"https:\/\/noacosmetics.ro\/en\/wp-json\/wp\/v2\/product"}],"about":[{"href":"https:\/\/noacosmetics.ro\/en\/wp-json\/wp\/v2\/types\/product"}],"replies":[{"embeddable":true,"href":"https:\/\/noacosmetics.ro\/en\/wp-json\/wp\/v2\/comments?post=9465"}],"wp:featuredmedia":[{"embeddable":true,"href":"https:\/\/noacosmetics.ro\/en\/wp-json\/wp\/v2\/media\/9681"}],"wp:attachment":[{"href":"https:\/\/noacosmetics.ro\/en\/wp-json\/wp\/v2\/media?parent=9465"}],"wp:term":[{"taxonomy":"product_brand","embeddable":true,"href":"https:\/\/noacosmetics.ro\/en\/wp-json\/wp\/v2\/product_brand?post=9465"},{"taxonomy":"product_cat","embeddable":true,"href":"https:\/\/noacosmetics.ro\/en\/wp-json\/wp\/v2\/product_cat?post=9465"},{"taxonomy":"product_tag","embeddable":true,"href":"https:\/\/noacosmetics.ro\/en\/wp-json\/wp\/v2\/product_tag?post=9465"}],"curies":[{"name":"wp","href":"https:\/\/api.w.org\/{rel}","templated":true}]}}