{"id":9466,"date":"2024-04-13T06:47:07","date_gmt":"2024-04-13T06:47:07","guid":{"rendered":"https:\/\/noacosmetics.ro\/?post_type=product&#038;p=9466"},"modified":"2025-10-05T09:49:26","modified_gmt":"2025-10-05T09:49:26","slug":"ect-plush-powder-brush-1pcs","status":"publish","type":"product","link":"https:\/\/noacosmetics.ro\/en\/product\/ect-plush-powder-brush-1pcs\/","title":{"rendered":"ECT PLUSH POWDER BRUSH 1PCS"},"content":{"rendered":"<h4>Mod de utilizare:<\/h4>\n<p>Utiliza\u021bi aceast\u0103 perie pentru pudr\u0103 EcoTools Luxe pentru a crea un finisaj moale, filtrat, cu acoperire care poate fi construit\u0103<br \/>\n\u2022 Peria pentru pudr\u0103 de fa\u021b\u0103 este cel mai bine conceput\u0103 pentru a fi utilizat\u0103 cu pudra, bronzer \u0219i fard de obraz pentru o pensul\u0103 multifunc\u021bional\u0103<br \/>\n\u2022 Pensula de machiaj conceput\u0103 cu t\u0103ietur\u0103 mai fin\u0103, peri ultra-moi \u0219i un m\u00e2ner ascu\u021bit elegant pentru o pensul\u0103 de machiaj mai bun\u0103, cu precizie \u0219i control<br \/>\n\u2022 Peria Luxe Powder este realizat\u0103 cu articole de \u00eenalt\u0103 calitate, inclusiv man\u0219ele din aluminiu<br \/>\n\u2022 Pensula pentru pudr\u0103 de machiaj EcoTools este u\u0219or de cur\u0103\u021bat cu \u0219amponul sau cu produsele noastre de cur\u0103\u021bare.<br \/>\n\u2022 M\u00e2nerele pentru pensule de machiaj EcoTools sunt toate realizate din materiale 100% reciclate post-consum pentru o abordare ecologic\u0103<br \/>\n\u2022 Pensula pentru pudr\u0103 liber\u0103, 100% f\u0103r\u0103 cruzime, vegan\u0103, certificat\u0103 PETA \u0219i niciodat\u0103 testat\u0103 pe animale<br \/>\n\u2022 Pensula pentru pudr\u0103 de fa\u021b\u0103 face parte din colec\u021bia EcoTools Luxe de accesorii ecologice de lux de \u00eenalt\u0103 calitate pentru \u00eengrijirea pielii, concepute pentru a crea un aspect natural \u0219i f\u0103r\u0103 efort.<\/p>\n<h4>Descriere:<\/h4>\n<p>Pensula de machiaj cu pudr\u0103 EcoTools Luxe Plush are peri ultra-moi, dens, pentru o senza\u021bie de lux pe pielea ta, cu o absorb\u021bie maxim\u0103 a produsului. Pensula de machiaj are un m\u00e2ner elegant \u0219i ascu\u021bit, ergonomic, pentru control \u0219i precizie \u00een aplicarea produselor de \u00eengrijire a pielii. Peria pentru pudr\u0103 de fa\u021b\u0103 este realizat\u0103 100% din materiale post-consum pentru a o face ecologic\u0103, vegan\u0103 \u0219i 100% f\u0103r\u0103 cruzime. Asocia\u021bi pensula de machiaj cu pudrele de fixare, corectoarele, bronzantele sau fardurile de obraz \u0219i praf peste tot pentru un finisaj cu acoperire complet\u0103, cu rezultate profesionale. Sculpta\u021bi, amesteca\u021bi sau ob\u021bine\u021bi o acoperire complet\u0103 \u00een timp ce utiliza\u021bi mai pu\u021bine produse cu o perie de pudr\u0103 liber\u0103 de \u00eenalt\u0103 calitate. Face parte din colec\u021bia EcoTools Luxe de accesorii durabile de \u00eenfrumuse\u021bare \u0219i \u00eengrijire a pielii, de \u00eenalt\u0103 calitate, care sunt concepute pentru a crea un aspect natural, f\u0103r\u0103 efort, folosind cei mai moi peri de p\u00e2n\u0103 acum. Punctul conic moale este folosit pentru pudra de doting u\u0219or peste tot \u00een timp ce bate u\u0219or sub ochi pentru aplicarea precis\u0103 a pudrei de fixare. M\u0103tura\u021bi pentru a amesteca produsele bronzante \u0219i fardul de obraz pe pome\u021bi pentru o str\u0103lucire moale, sculptat\u0103, cu mai pu\u021bin produs pentru a v\u0103 consolida acoperirea.<\/p>","protected":false},"excerpt":{"rendered":"<p>Mod de utilizare: Utiliza\u021bi aceast\u0103 perie pentru pudr\u0103 EcoTools Luxe pentru a crea un finisaj moale, filtrat, cu acoperire care poate fi construit\u0103 \u2022 Peria pentru pudr\u0103 de fa\u021b\u0103 este cel mai bine conceput\u0103 pentru a fi utilizat\u0103 cu pudra, bronzer \u0219i fard de obraz pentru o pensul\u0103 multifunc\u021bional\u0103 \u2022 Pensula de machiaj conceput\u0103 cu [&hellip;]<\/p>\n","protected":false},"featured_media":9684,"comment_status":"open","ping_status":"closed","template":"","meta":{"_themeisle_gutenberg_block_has_review":false},"product_brand":[],"product_cat":[22,30,20,56],"product_tag":[],"class_list":{"0":"post-9466","1":"product","2":"type-product","3":"status-publish","4":"has-post-thumbnail","6":"product_cat-accesorii","7":"product_cat-machiaj-fata","8":"product_cat-make-up","9":"product_cat-pudra","10":"product_shipping_class-small-package","11":"entry","12":"has-media","14":"first","15":"onbackorder","16":"taxable","17":"shipping-taxable","18":"purchasable","19":"product-type-simple","20":"col","21":"span_1_of_3","22":"wvn-content-left","23":"wvn-thumbs-layout-horizontal","24":"wvn-btn-normal","25":"wvn-tabs-layout-horizontal"},"jetpack_sharing_enabled":true,"_links":{"self":[{"href":"https:\/\/noacosmetics.ro\/en\/wp-json\/wp\/v2\/product\/9466","targetHints":{"allow":["GET"]}}],"collection":[{"href":"https:\/\/noacosmetics.ro\/en\/wp-json\/wp\/v2\/product"}],"about":[{"href":"https:\/\/noacosmetics.ro\/en\/wp-json\/wp\/v2\/types\/product"}],"replies":[{"embeddable":true,"href":"https:\/\/noacosmetics.ro\/en\/wp-json\/wp\/v2\/comments?post=9466"}],"wp:featuredmedia":[{"embeddable":true,"href":"https:\/\/noacosmetics.ro\/en\/wp-json\/wp\/v2\/media\/9684"}],"wp:attachment":[{"href":"https:\/\/noacosmetics.ro\/en\/wp-json\/wp\/v2\/media?parent=9466"}],"wp:term":[{"taxonomy":"product_brand","embeddable":true,"href":"https:\/\/noacosmetics.ro\/en\/wp-json\/wp\/v2\/product_brand?post=9466"},{"taxonomy":"product_cat","embeddable":true,"href":"https:\/\/noacosmetics.ro\/en\/wp-json\/wp\/v2\/product_cat?post=9466"},{"taxonomy":"product_tag","embeddable":true,"href":"https:\/\/noacosmetics.ro\/en\/wp-json\/wp\/v2\/product_tag?post=9466"}],"curies":[{"name":"wp","href":"https:\/\/api.w.org\/{rel}","templated":true}]}}