{"id":9547,"date":"2024-04-13T17:19:11","date_gmt":"2024-04-13T17:19:11","guid":{"rendered":"https:\/\/noacosmetics.ro\/?post_type=product&#038;p=9547"},"modified":"2024-04-26T08:27:55","modified_gmt":"2024-04-26T08:27:55","slug":"revolution-mr-eye-bright-concealer-medium","status":"publish","type":"product","link":"https:\/\/noacosmetics.ro\/en\/product\/revolution-mr-eye-bright-concealer-medium\/","title":{"rendered":"Revolution MR.Eye Bright Concealer Medium"},"content":{"rendered":"<h4>Mod de utilizare:<\/h4>\n<p>Aplica\u021bi cu aplicatorul special, pe zonele fe\u021bei pe care dori\u021bi s\u0103 le camufla\u021bi<\/p>\n<p>&nbsp;<\/p>\n<h4>Descriere:<\/h4>\n<p>Corectorul Eye Bright ofer\u0103 o acoperire flexibil\u0103, construibil\u0103, cu un nivel maxim de vitamina C. Dispune de un aplicator de burete pufos, poate fi folosit pentru a ascunde petele, ro\u0219ea\u021ba \u0219i pentru a \u0219terge f\u0103r\u0103 probleme pungile de sub ochi pentru un efect de str\u0103lucire instantaneu. Formula fin\u0103 \u0219i cremoas\u0103 se amestec\u0103 frumos pentru un finisaj nedetectabil.<\/p>","protected":false},"excerpt":{"rendered":"<p>Mod de utilizare: Aplica\u021bi cu aplicatorul special, pe zonele fe\u021bei pe care dori\u021bi s\u0103 le camufla\u021bi &nbsp; Descriere: Corectorul Eye Bright ofer\u0103 o acoperire flexibil\u0103, construibil\u0103, cu un nivel maxim de vitamina C. Dispune de un aplicator de burete pufos, poate fi folosit pentru a ascunde petele, ro\u0219ea\u021ba \u0219i pentru a \u0219terge f\u0103r\u0103 probleme pungile [&hellip;]<\/p>\n","protected":false},"featured_media":9548,"comment_status":"open","ping_status":"closed","template":"","meta":{"_themeisle_gutenberg_block_has_review":false},"product_brand":[],"product_cat":[31,30,20],"product_tag":[],"class_list":{"0":"post-9547","1":"product","2":"type-product","3":"status-publish","4":"has-post-thumbnail","6":"product_cat-corector","7":"product_cat-machiaj-fata","8":"product_cat-make-up","9":"product_shipping_class-small-package","10":"entry","11":"has-media","13":"first","14":"onbackorder","15":"taxable","16":"shipping-taxable","17":"purchasable","18":"product-type-simple","19":"col","20":"span_1_of_3","21":"wvn-content-left","22":"wvn-thumbs-layout-horizontal","23":"wvn-btn-normal","24":"wvn-tabs-layout-horizontal","25":"has-no-thumbnails"},"jetpack_sharing_enabled":true,"_links":{"self":[{"href":"https:\/\/noacosmetics.ro\/en\/wp-json\/wp\/v2\/product\/9547","targetHints":{"allow":["GET"]}}],"collection":[{"href":"https:\/\/noacosmetics.ro\/en\/wp-json\/wp\/v2\/product"}],"about":[{"href":"https:\/\/noacosmetics.ro\/en\/wp-json\/wp\/v2\/types\/product"}],"replies":[{"embeddable":true,"href":"https:\/\/noacosmetics.ro\/en\/wp-json\/wp\/v2\/comments?post=9547"}],"wp:featuredmedia":[{"embeddable":true,"href":"https:\/\/noacosmetics.ro\/en\/wp-json\/wp\/v2\/media\/9548"}],"wp:attachment":[{"href":"https:\/\/noacosmetics.ro\/en\/wp-json\/wp\/v2\/media?parent=9547"}],"wp:term":[{"taxonomy":"product_brand","embeddable":true,"href":"https:\/\/noacosmetics.ro\/en\/wp-json\/wp\/v2\/product_brand?post=9547"},{"taxonomy":"product_cat","embeddable":true,"href":"https:\/\/noacosmetics.ro\/en\/wp-json\/wp\/v2\/product_cat?post=9547"},{"taxonomy":"product_tag","embeddable":true,"href":"https:\/\/noacosmetics.ro\/en\/wp-json\/wp\/v2\/product_tag?post=9547"}],"curies":[{"name":"wp","href":"https:\/\/api.w.org\/{rel}","templated":true}]}}