{"id":9576,"date":"2024-04-13T17:48:33","date_gmt":"2024-04-13T17:48:33","guid":{"rendered":"https:\/\/noacosmetics.ro\/?post_type=product&#038;p=9576"},"modified":"2024-05-09T09:25:28","modified_gmt":"2024-05-09T09:25:28","slug":"revolution-rehair-revive-mc-milky-leave-in-150ml","status":"publish","type":"product","link":"https:\/\/noacosmetics.ro\/en\/product\/revolution-rehair-revive-mc-milky-leave-in-150ml\/","title":{"rendered":"Revolution Rehair Revive Mc Milky Leave In 150ml"},"content":{"rendered":"<h4>Mod de utilizare:<\/h4>\n<div class=\"ewa-rteLine\">CE FACE PENTRU BUCLELE TALE:<\/div>\n<div class=\"ewa-rteLine\">&#8211; Excelent pentru descurcarea usoara<\/div>\n<div class=\"ewa-rteLine\">&#8211; Ajut\u0103 la crearea unor valuri \u0219i bucle mai definite<\/div>\n<div class=\"ewa-rteLine\">&#8211; Hidrateaz\u0103 u\u0219or, f\u0103r\u0103 a \u00eengreuna buclele libere<\/div>\n<div class=\"ewa-rteLine\">&#8211; Nu se usuc\u0103<\/div>\n<div class=\"ewa-rteLine\">&#8211; Las\u0103 p\u0103rul cu un parfum tropical de nuc\u0103 de cocos \u0219i smochine<\/div>\n<p>&nbsp;<\/p>\n<h4>Descriere:<\/h4>\n<div class=\"ewa-rteLine\">Revolution Hair Care revive my curls milky leave in conditionerspray.E\u0219ti gata s\u0103-\u021bi descoperi cele mai bune bucle? \u00cengriji\u021bi, proteja\u021bi \u0219i coafa\u021bi cu gama Curl tip 1 +2 de la Revolution Haircare, o hidratare mai u\u0219oar\u0103 pentru formarea de valuri delicate.<\/div>\n<div class=\"ewa-rteLine\"><\/div>\n<div class=\"ewa-rteLine\">Re\u00eenvie \u0219i condi\u021bioneaz\u0103 valurile cu spray-ul Revolution Haircare Revolution Haircare Hydrate My Curls Milky Leave In Spray, o hidratare u\u0219oar\u0103 care descurc\u0103 \u0219i creeaz\u0103 bucle mai definite.Sulfate-free<\/div>\n<div class=\"ewa-rteLine\">&#8211; Alcohol free<\/div>\n<div class=\"ewa-rteLine\">&#8211; Vegan-friendly<\/div>\n<div class=\"ewa-rteLine\">&#8211; Cruelty-free<\/div>","protected":false},"excerpt":{"rendered":"<p>Mod de utilizare: CE FACE PENTRU BUCLELE TALE: &#8211; Excelent pentru descurcarea usoara &#8211; Ajut\u0103 la crearea unor valuri \u0219i bucle mai definite &#8211; Hidrateaz\u0103 u\u0219or, f\u0103r\u0103 a \u00eengreuna buclele libere &#8211; Nu se usuc\u0103 &#8211; Las\u0103 p\u0103rul cu un parfum tropical de nuc\u0103 de cocos \u0219i smochine &nbsp; Descriere: Revolution Hair Care revive my [&hellip;]<\/p>\n","protected":false},"featured_media":9577,"comment_status":"open","ping_status":"closed","template":"","meta":{"_themeisle_gutenberg_block_has_review":false},"product_brand":[],"product_cat":[87,85,21,83,86],"product_tag":[],"class_list":{"0":"post-9576","1":"product","2":"type-product","3":"status-publish","4":"has-post-thumbnail","6":"product_cat-aranjarestyling","7":"product_cat-balsam-par","8":"product_cat-ingrijire","9":"product_cat-ingrijire-par","10":"product_cat-tratament","11":"product_shipping_class-small-package","12":"entry","13":"has-media","15":"first","16":"onbackorder","17":"taxable","18":"shipping-taxable","19":"purchasable","20":"product-type-simple","21":"col","22":"span_1_of_3","23":"wvn-content-left","24":"wvn-thumbs-layout-horizontal","25":"wvn-btn-normal","26":"wvn-tabs-layout-horizontal","27":"has-no-thumbnails"},"jetpack_sharing_enabled":true,"_links":{"self":[{"href":"https:\/\/noacosmetics.ro\/en\/wp-json\/wp\/v2\/product\/9576","targetHints":{"allow":["GET"]}}],"collection":[{"href":"https:\/\/noacosmetics.ro\/en\/wp-json\/wp\/v2\/product"}],"about":[{"href":"https:\/\/noacosmetics.ro\/en\/wp-json\/wp\/v2\/types\/product"}],"replies":[{"embeddable":true,"href":"https:\/\/noacosmetics.ro\/en\/wp-json\/wp\/v2\/comments?post=9576"}],"wp:featuredmedia":[{"embeddable":true,"href":"https:\/\/noacosmetics.ro\/en\/wp-json\/wp\/v2\/media\/9577"}],"wp:attachment":[{"href":"https:\/\/noacosmetics.ro\/en\/wp-json\/wp\/v2\/media?parent=9576"}],"wp:term":[{"taxonomy":"product_brand","embeddable":true,"href":"https:\/\/noacosmetics.ro\/en\/wp-json\/wp\/v2\/product_brand?post=9576"},{"taxonomy":"product_cat","embeddable":true,"href":"https:\/\/noacosmetics.ro\/en\/wp-json\/wp\/v2\/product_cat?post=9576"},{"taxonomy":"product_tag","embeddable":true,"href":"https:\/\/noacosmetics.ro\/en\/wp-json\/wp\/v2\/product_tag?post=9576"}],"curies":[{"name":"wp","href":"https:\/\/api.w.org\/{rel}","templated":true}]}}