{"id":9656,"date":"2024-04-14T16:28:36","date_gmt":"2024-04-14T16:28:36","guid":{"rendered":"https:\/\/noacosmetics.ro\/?post_type=product&#038;p=9656"},"modified":"2024-04-26T08:24:27","modified_gmt":"2024-04-26T08:24:27","slug":"revolution-mr-primer-bright-lights","status":"publish","type":"product","link":"https:\/\/noacosmetics.ro\/en\/product\/revolution-mr-primer-bright-lights\/","title":{"rendered":"Revolution MR. Primer Bright Lights"},"content":{"rendered":"<h4>Mod de utilizare:<\/h4>\n<p>Aplica\u021bi cu aplicatorul special, pe zonele fe\u021bei pe care dori\u021bi s\u0103 le camufla\u021bi<\/p>\n<p>&nbsp;<\/p>\n<h4>Descriere:<\/h4>\n<p>Explora\u021bi \u00eentreaga putere a machiajului cu acest primer iluminator care creeaz\u0103 o baz\u0103 luminoas\u0103 \u0219i radiant\u0103 pentru machiaj. Acesta con\u021bine un amestec revolu\u021bionar de perle zdrobite, pentru a v\u0103 oferi o str\u0103lucire care dureaz\u0103 toat\u0103 ziua. Formula este potrivit\u0103 pentru toate tipurile de piele \u0219i este delicat\u0103 cu pielea, prelungind durata de purtare a machiajului.<\/p>","protected":false},"excerpt":{"rendered":"<p>Mod de utilizare: Aplica\u021bi cu aplicatorul special, pe zonele fe\u021bei pe care dori\u021bi s\u0103 le camufla\u021bi &nbsp; Descriere: Explora\u021bi \u00eentreaga putere a machiajului cu acest primer iluminator care creeaz\u0103 o baz\u0103 luminoas\u0103 \u0219i radiant\u0103 pentru machiaj. Acesta con\u021bine un amestec revolu\u021bionar de perle zdrobite, pentru a v\u0103 oferi o str\u0103lucire care dureaz\u0103 toat\u0103 ziua. Formula [&hellip;]<\/p>\n","protected":false},"featured_media":9717,"comment_status":"open","ping_status":"closed","template":"","meta":{"_themeisle_gutenberg_block_has_review":false},"product_brand":[],"product_cat":[32,30,20],"product_tag":[],"class_list":{"0":"post-9656","1":"product","2":"type-product","3":"status-publish","4":"has-post-thumbnail","6":"product_cat-primer","7":"product_cat-machiaj-fata","8":"product_cat-make-up","9":"product_shipping_class-small-package","10":"entry","11":"has-media","13":"first","14":"onbackorder","15":"taxable","16":"shipping-taxable","17":"purchasable","18":"product-type-simple","19":"col","20":"span_1_of_3","21":"wvn-content-left","22":"wvn-thumbs-layout-horizontal","23":"wvn-btn-normal","24":"wvn-tabs-layout-horizontal"},"jetpack_sharing_enabled":true,"_links":{"self":[{"href":"https:\/\/noacosmetics.ro\/en\/wp-json\/wp\/v2\/product\/9656","targetHints":{"allow":["GET"]}}],"collection":[{"href":"https:\/\/noacosmetics.ro\/en\/wp-json\/wp\/v2\/product"}],"about":[{"href":"https:\/\/noacosmetics.ro\/en\/wp-json\/wp\/v2\/types\/product"}],"replies":[{"embeddable":true,"href":"https:\/\/noacosmetics.ro\/en\/wp-json\/wp\/v2\/comments?post=9656"}],"wp:featuredmedia":[{"embeddable":true,"href":"https:\/\/noacosmetics.ro\/en\/wp-json\/wp\/v2\/media\/9717"}],"wp:attachment":[{"href":"https:\/\/noacosmetics.ro\/en\/wp-json\/wp\/v2\/media?parent=9656"}],"wp:term":[{"taxonomy":"product_brand","embeddable":true,"href":"https:\/\/noacosmetics.ro\/en\/wp-json\/wp\/v2\/product_brand?post=9656"},{"taxonomy":"product_cat","embeddable":true,"href":"https:\/\/noacosmetics.ro\/en\/wp-json\/wp\/v2\/product_cat?post=9656"},{"taxonomy":"product_tag","embeddable":true,"href":"https:\/\/noacosmetics.ro\/en\/wp-json\/wp\/v2\/product_tag?post=9656"}],"curies":[{"name":"wp","href":"https:\/\/api.w.org\/{rel}","templated":true}]}}