{"id":9957,"date":"2024-04-18T16:07:51","date_gmt":"2024-04-18T16:07:51","guid":{"rendered":"https:\/\/noacosmetics.ro\/?post_type=product&#038;p=9957"},"modified":"2024-04-26T05:56:25","modified_gmt":"2024-04-26T05:56:25","slug":"mocallure-hello-lip-gloss-4-set-2","status":"publish","type":"product","link":"https:\/\/noacosmetics.ro\/en\/product\/mocallure-hello-lip-gloss-4-set-2\/","title":{"rendered":"Mocallure Hello Lip Gloss 4\/set"},"content":{"rendered":"<h4>Mod de utilizare:<\/h4>\n<p>Foloseste produsul dupa propriile preferinte.<\/p>\n<h4>Descriere:<\/h4>\n<p id=\"tw-target-text\" class=\"tw-data-text tw-text-large tw-ta\" dir=\"ltr\" data-placeholder=\"Traducere\" aria-label=\"Text tradus\" data-ved=\"2ahUKEwiZ_r_ukMyFAxVbgf0HHXtnDd8Q3ewLegQIBRAT\"><span class=\"Y2IQFc\" lang=\"ro\">Setul de luciu perfect potrivit pentru c\u0103l\u0103torii sau pentru cadouri. \u00cencep\u00e2nd de la centrul buzelor, aplica\u021bi culoarea \u00eentr-o mi\u0219care lateral\u0103 pe buzele superioare \u0219i inferioare. Reaplica\u021bi dac\u0103 dori\u021bi. Pruden\u021b\u0103: &#8211; Nu inhala\u021bi sau ingera\u021bi. &#8211; Doar pentru uz extern. &#8211; A se pastra intr-un loc racoros si uscat. &#8211; Evita\u021bi lumina direct\u0103 a soarelui. &#8211; Inainte de utilizare, se recomanda testarea la punct.<\/span><\/p>\n<p>&nbsp;<\/p>","protected":false},"excerpt":{"rendered":"<p>Mod de utilizare: Foloseste produsul dupa propriile preferinte. Descriere: Setul de luciu perfect potrivit pentru c\u0103l\u0103torii sau pentru cadouri. \u00cencep\u00e2nd de la centrul buzelor, aplica\u021bi culoarea \u00eentr-o mi\u0219care lateral\u0103 pe buzele superioare \u0219i inferioare. Reaplica\u021bi dac\u0103 dori\u021bi. Pruden\u021b\u0103: &#8211; Nu inhala\u021bi sau ingera\u021bi. &#8211; Doar pentru uz extern. &#8211; A se pastra intr-un loc racoros [&hellip;]<\/p>\n","protected":false},"featured_media":9958,"comment_status":"open","ping_status":"closed","template":"","meta":{"_themeisle_gutenberg_block_has_review":false},"product_brand":[],"product_cat":[20,68,69,67],"product_tag":[],"class_list":{"0":"post-9957","1":"product","2":"type-product","3":"status-publish","4":"has-post-thumbnail","6":"product_cat-make-up","7":"product_cat-balsam-de-buze","8":"product_cat-luciu-buze","9":"product_cat-machiaj-buze","10":"product_shipping_class-small-package","11":"entry","12":"has-media","14":"first","15":"onbackorder","16":"taxable","17":"shipping-taxable","18":"purchasable","19":"product-type-simple","20":"col","21":"span_1_of_3","22":"wvn-content-left","23":"wvn-thumbs-layout-horizontal","24":"wvn-btn-normal","25":"wvn-tabs-layout-horizontal"},"jetpack_sharing_enabled":true,"_links":{"self":[{"href":"https:\/\/noacosmetics.ro\/en\/wp-json\/wp\/v2\/product\/9957","targetHints":{"allow":["GET"]}}],"collection":[{"href":"https:\/\/noacosmetics.ro\/en\/wp-json\/wp\/v2\/product"}],"about":[{"href":"https:\/\/noacosmetics.ro\/en\/wp-json\/wp\/v2\/types\/product"}],"replies":[{"embeddable":true,"href":"https:\/\/noacosmetics.ro\/en\/wp-json\/wp\/v2\/comments?post=9957"}],"wp:featuredmedia":[{"embeddable":true,"href":"https:\/\/noacosmetics.ro\/en\/wp-json\/wp\/v2\/media\/9958"}],"wp:attachment":[{"href":"https:\/\/noacosmetics.ro\/en\/wp-json\/wp\/v2\/media?parent=9957"}],"wp:term":[{"taxonomy":"product_brand","embeddable":true,"href":"https:\/\/noacosmetics.ro\/en\/wp-json\/wp\/v2\/product_brand?post=9957"},{"taxonomy":"product_cat","embeddable":true,"href":"https:\/\/noacosmetics.ro\/en\/wp-json\/wp\/v2\/product_cat?post=9957"},{"taxonomy":"product_tag","embeddable":true,"href":"https:\/\/noacosmetics.ro\/en\/wp-json\/wp\/v2\/product_tag?post=9957"}],"curies":[{"name":"wp","href":"https:\/\/api.w.org\/{rel}","templated":true}]}}